{"id":5767,"date":"2025-07-07T03:40:16","date_gmt":"2025-07-07T03:40:16","guid":{"rendered":"https:\/\/xingtamachine.com\/product\/4a-machine-a-briques-mobile\/"},"modified":"2025-09-01T03:07:26","modified_gmt":"2025-09-01T03:07:26","slug":"4a-machine-a-briques-mobile","status":"publish","type":"product","link":"https:\/\/xingtamachine.com\/fr\/produit\/4a-machine-a-briques-mobile\/","title":{"rendered":"4A Machine \u00e0 briques mobile"},"content":{"rendered":"","protected":false},"excerpt":{"rendered":"<p>La machine mod\u00e8le 4A offre une productivit\u00e9 sup\u00e9rieure \u00e0 celle des autres petites machines de fabrication de blocs. Cette machine \u00e0 briques mobile pr\u00e9sente de nombreux avantages, tels qu&rsquo;une conception plus rationnelle, une utilisation facile, un taux de moulage \u00e9lev\u00e9, un faible taux d&rsquo;entretien, un faible niveau sonore, une faible consommation d&rsquo;\u00e9nergie, etc. <\/p>\n<table style=\"height: 772px;\" width=\"1266\">\n<tbody>\n<tr>\n<td width=\"284\">Dimensions hors tout<\/td>\n<td width=\"284\">1500*1400*1100<\/td>\n<\/tr>\n<tr>\n<td width=\"284\">M\u00e9thode de formage<\/td>\n<td width=\"284\">Hydraulique + vibration<\/td>\n<\/tr>\n<tr>\n<td width=\"284\">Nombre par module (brique standard)<\/td>\n<td width=\"284\">400*200*200\/4 pi\u00e8ces<\/td>\n<\/tr>\n<tr>\n<td width=\"284\">Puissance<\/td>\n<td width=\"284\">5KW<\/td>\n<\/tr>\n<tr>\n<td width=\"284\">Poids<\/td>\n<td width=\"284\">700KG<\/td>\n<\/tr>\n<tr>\n<td width=\"284\">Production quotidienne<\/td>\n<td width=\"284\">3840\/8h<\/td>\n<\/tr>\n<tr>\n<td width=\"284\">Mode vibration<\/td>\n<td width=\"284\">Vibration tridimensionnelle du moule<\/td>\n<\/tr>\n<tr>\n<td width=\"284\">Mode d\u00e9placement<\/td>\n<td width=\"284\">Direction hydraulique<\/td>\n<\/tr>\n<tr>\n<td width=\"284\">Pression de service du syst\u00e8me hydraulique<\/td>\n<td width=\"284\">12-14MPa<\/td>\n<\/tr>\n<tr>\n<td width=\"284\">Volume du r\u00e9servoir de carburant<\/td>\n<td width=\"284\">10.6L<\/td>\n<\/tr>\n<tr>\n<td width=\"284\">Mati\u00e8re premi\u00e8re<\/td>\n<td width=\"284\">ciment, petits cailloux, nitrate de pierre, poudre de pierre,<\/p>\n<p>Sable jaune, gangue, scories, scories, scories hydrat\u00e9es, acier<\/p>\n<p>scories, cendres volantes, gr\u00e8s, d\u00e9chets de construction, etc.<\/td>\n<\/tr>\n<\/tbody>\n<\/table>\n","protected":false},"featured_media":2221,"comment_status":"open","ping_status":"closed","template":"","meta":{"site-sidebar-layout":"default","site-content-layout":"","ast-site-content-layout":"default","site-content-style":"default","site-sidebar-style":"default","ast-global-header-display":"","ast-banner-title-visibility":"","ast-main-header-display":"","ast-hfb-above-header-display":"","ast-hfb-below-header-display":"","ast-hfb-mobile-header-display":"","site-post-title":"","ast-breadcrumbs-content":"","ast-featured-img":"","footer-sml-layout":"","theme-transparent-header-meta":"default","adv-header-id-meta":"","stick-header-meta":"","header-above-stick-meta":"","header-main-stick-meta":"","header-below-stick-meta":"","astra-migrate-meta-layouts":"default","ast-page-background-enabled":"default","ast-page-background-meta":{"desktop":{"background-color":"var(--ast-global-color-4)","background-image":"","background-repeat":"repeat","background-position":"center center","background-size":"auto","background-attachment":"scroll","background-type":"","background-media":"","overlay-type":"","overlay-color":"","overlay-opacity":"","overlay-gradient":""},"tablet":{"background-color":"","background-image":"","background-repeat":"repeat","background-position":"center center","background-size":"auto","background-attachment":"scroll","background-type":"","background-media":"","overlay-type":"","overlay-color":"","overlay-opacity":"","overlay-gradient":""},"mobile":{"background-color":"","background-image":"","background-repeat":"repeat","background-position":"center center","background-size":"auto","background-attachment":"scroll","background-type":"","background-media":"","overlay-type":"","overlay-color":"","overlay-opacity":"","overlay-gradient":""}},"ast-content-background-meta":{"desktop":{"background-color":"var(--ast-global-color-5)","background-image":"","background-repeat":"repeat","background-position":"center center","background-size":"auto","background-attachment":"scroll","background-type":"","background-media":"","overlay-type":"","overlay-color":"","overlay-opacity":"","overlay-gradient":""},"tablet":{"background-color":"var(--ast-global-color-5)","background-image":"","background-repeat":"repeat","background-position":"center center","background-size":"auto","background-attachment":"scroll","background-type":"","background-media":"","overlay-type":"","overlay-color":"","overlay-opacity":"","overlay-gradient":""},"mobile":{"background-color":"var(--ast-global-color-5)","background-image":"","background-repeat":"repeat","background-position":"center center","background-size":"auto","background-attachment":"scroll","background-type":"","background-media":"","overlay-type":"","overlay-color":"","overlay-opacity":"","overlay-gradient":""}}},"product_brand":[],"product_cat":[121],"product_tag":[],"class_list":{"0":"post-5767","1":"product","2":"type-product","3":"status-publish","4":"has-post-thumbnail","6":"product_cat-machine-a-blocs-mobile","7":"desktop-align-left","8":"tablet-align-left","9":"mobile-align-left","11":"first","12":"instock","13":"shipping-taxable","14":"product-type-simple"},"gallery_images":[2222,2223,2224],"_links":{"self":[{"href":"https:\/\/xingtamachine.com\/fr\/wp-json\/wp\/v2\/product\/5767","targetHints":{"allow":["GET"]}}],"collection":[{"href":"https:\/\/xingtamachine.com\/fr\/wp-json\/wp\/v2\/product"}],"about":[{"href":"https:\/\/xingtamachine.com\/fr\/wp-json\/wp\/v2\/types\/product"}],"replies":[{"embeddable":true,"href":"https:\/\/xingtamachine.com\/fr\/wp-json\/wp\/v2\/comments?post=5767"}],"wp:featuredmedia":[{"embeddable":true,"href":"https:\/\/xingtamachine.com\/fr\/wp-json\/wp\/v2\/media\/2221"}],"wp:attachment":[{"href":"https:\/\/xingtamachine.com\/fr\/wp-json\/wp\/v2\/media?parent=5767"}],"wp:term":[{"taxonomy":"product_brand","embeddable":true,"href":"https:\/\/xingtamachine.com\/fr\/wp-json\/wp\/v2\/product_brand?post=5767"},{"taxonomy":"product_cat","embeddable":true,"href":"https:\/\/xingtamachine.com\/fr\/wp-json\/wp\/v2\/product_cat?post=5767"},{"taxonomy":"product_tag","embeddable":true,"href":"https:\/\/xingtamachine.com\/fr\/wp-json\/wp\/v2\/product_tag?post=5767"}],"curies":[{"name":"wp","href":"https:\/\/api.w.org\/{rel}","templated":true}]}}