{"id":5762,"date":"2025-07-07T03:45:46","date_gmt":"2025-07-07T03:45:46","guid":{"rendered":"https:\/\/xingtamachine.com\/product\/18a-machine-a-fabriquer-des-briques-a-deplacement-horizontal\/"},"modified":"2025-07-07T03:45:46","modified_gmt":"2025-07-07T03:45:46","slug":"18a-machine-a-fabriquer-des-briques-a-deplacement-horizontal","status":"publish","type":"product","link":"https:\/\/xingtamachine.com\/fr\/produit\/18a-machine-a-fabriquer-des-briques-a-deplacement-horizontal\/","title":{"rendered":"18A Machine \u00e0 fabriquer des briques \u00e0 d\u00e9placement horizontal"},"content":{"rendered":"","protected":false},"excerpt":{"rendered":"<p>Cette machine adopte une excitation par impact du caisson de moulage, une transmission hydraulique, un fonctionnement manuel, une marche avant et arri\u00e8re, avec une productivit\u00e9 sup\u00e9rieure \u00e0 celle des autres mod\u00e8les.<\/p>\n<table>\n<tbody>\n<tr>\n<td width=\"284\">Dimensions hors tout<\/td>\n<td width=\"284\">3850*2100*2350mm<\/td>\n<\/tr>\n<tr>\n<td width=\"284\">Pression de service du syst\u00e8me hydraulique<\/td>\n<td width=\"284\">14-20 MPa<\/td>\n<\/tr>\n<tr>\n<td width=\"284\">M\u00e9thode de formage<\/td>\n<td width=\"284\">Hydraulique + vibration<\/td>\n<\/tr>\n<tr>\n<td width=\"284\">Nombre par module<\/td>\n<td width=\"284\">400*200*200\/18 pi\u00e8ces<\/td>\n<\/tr>\n<tr>\n<td width=\"284\">Puissance<\/td>\n<td width=\"284\">29.8KW<\/td>\n<\/tr>\n<tr>\n<td width=\"284\">Poids<\/td>\n<td width=\"284\">4800KG<\/td>\n<\/tr>\n<tr>\n<td width=\"284\">Production quotidienne<\/td>\n<td width=\"284\">18000\/8h<\/td>\n<\/tr>\n<tr>\n<td width=\"284\">Volume du r\u00e9servoir de carburant<\/td>\n<td width=\"284\">120L<\/td>\n<\/tr>\n<tr>\n<td width=\"284\">Vibration<\/td>\n<td width=\"284\">Vibration du moule tridimensionnel<\/p>\n<p>mode<\/td>\n<\/tr>\n<tr>\n<td width=\"284\">Mode de transmission<\/td>\n<td width=\"284\">Entra\u00eenement hydraulique<\/td>\n<\/tr>\n<tr>\n<td width=\"284\">Mode d\u00e9placement<\/td>\n<td width=\"284\">D\u00e9placement \u00e9lectrique, <\/p>\n<p>direction hydraulique<\/td>\n<\/tr>\n<tr>\n<td width=\"284\">Mode de refroidissement hydraulique<\/p>\n<p>&nbsp;<\/td>\n<td width=\"284\">Refroidissement automatique<\/td>\n<\/tr>\n<\/tbody>\n<\/table>\n","protected":false},"featured_media":2226,"comment_status":"open","ping_status":"closed","template":"","meta":{"site-sidebar-layout":"default","site-content-layout":"","ast-site-content-layout":"default","site-content-style":"default","site-sidebar-style":"default","ast-global-header-display":"","ast-banner-title-visibility":"","ast-main-header-display":"","ast-hfb-above-header-display":"","ast-hfb-below-header-display":"","ast-hfb-mobile-header-display":"","site-post-title":"","ast-breadcrumbs-content":"","ast-featured-img":"","footer-sml-layout":"","theme-transparent-header-meta":"default","adv-header-id-meta":"","stick-header-meta":"","header-above-stick-meta":"","header-main-stick-meta":"","header-below-stick-meta":"","astra-migrate-meta-layouts":"default","ast-page-background-enabled":"default","ast-page-background-meta":{"desktop":{"background-color":"var(--ast-global-color-4)","background-image":"","background-repeat":"repeat","background-position":"center center","background-size":"auto","background-attachment":"scroll","background-type":"","background-media":"","overlay-type":"","overlay-color":"","overlay-opacity":"","overlay-gradient":""},"tablet":{"background-color":"","background-image":"","background-repeat":"repeat","background-position":"center center","background-size":"auto","background-attachment":"scroll","background-type":"","background-media":"","overlay-type":"","overlay-color":"","overlay-opacity":"","overlay-gradient":""},"mobile":{"background-color":"","background-image":"","background-repeat":"repeat","background-position":"center center","background-size":"auto","background-attachment":"scroll","background-type":"","background-media":"","overlay-type":"","overlay-color":"","overlay-opacity":"","overlay-gradient":""}},"ast-content-background-meta":{"desktop":{"background-color":"var(--ast-global-color-5)","background-image":"","background-repeat":"repeat","background-position":"center center","background-size":"auto","background-attachment":"scroll","background-type":"","background-media":"","overlay-type":"","overlay-color":"","overlay-opacity":"","overlay-gradient":""},"tablet":{"background-color":"var(--ast-global-color-5)","background-image":"","background-repeat":"repeat","background-position":"center center","background-size":"auto","background-attachment":"scroll","background-type":"","background-media":"","overlay-type":"","overlay-color":"","overlay-opacity":"","overlay-gradient":""},"mobile":{"background-color":"var(--ast-global-color-5)","background-image":"","background-repeat":"repeat","background-position":"center center","background-size":"auto","background-attachment":"scroll","background-type":"","background-media":"","overlay-type":"","overlay-color":"","overlay-opacity":"","overlay-gradient":""}}},"product_brand":[],"product_cat":[121],"product_tag":[],"class_list":{"0":"post-5762","1":"product","2":"type-product","3":"status-publish","4":"has-post-thumbnail","6":"product_cat-machine-a-blocs-mobile","7":"desktop-align-left","8":"tablet-align-left","9":"mobile-align-left","11":"first","12":"instock","13":"shipping-taxable","14":"product-type-simple"},"gallery_images":[2227,2228,2229],"_links":{"self":[{"href":"https:\/\/xingtamachine.com\/fr\/wp-json\/wp\/v2\/product\/5762","targetHints":{"allow":["GET"]}}],"collection":[{"href":"https:\/\/xingtamachine.com\/fr\/wp-json\/wp\/v2\/product"}],"about":[{"href":"https:\/\/xingtamachine.com\/fr\/wp-json\/wp\/v2\/types\/product"}],"replies":[{"embeddable":true,"href":"https:\/\/xingtamachine.com\/fr\/wp-json\/wp\/v2\/comments?post=5762"}],"wp:featuredmedia":[{"embeddable":true,"href":"https:\/\/xingtamachine.com\/fr\/wp-json\/wp\/v2\/media\/2226"}],"wp:attachment":[{"href":"https:\/\/xingtamachine.com\/fr\/wp-json\/wp\/v2\/media?parent=5762"}],"wp:term":[{"taxonomy":"product_brand","embeddable":true,"href":"https:\/\/xingtamachine.com\/fr\/wp-json\/wp\/v2\/product_brand?post=5762"},{"taxonomy":"product_cat","embeddable":true,"href":"https:\/\/xingtamachine.com\/fr\/wp-json\/wp\/v2\/product_cat?post=5762"},{"taxonomy":"product_tag","embeddable":true,"href":"https:\/\/xingtamachine.com\/fr\/wp-json\/wp\/v2\/product_tag?post=5762"}],"curies":[{"name":"wp","href":"https:\/\/api.w.org\/{rel}","templated":true}]}}