{"id":5757,"date":"2025-07-07T03:59:13","date_gmt":"2025-07-07T03:59:13","guid":{"rendered":"https:\/\/xingtamachine.com\/product\/machine-de-fabrication-de-blocs-3-45\/"},"modified":"2025-07-07T03:59:13","modified_gmt":"2025-07-07T03:59:13","slug":"machine-de-fabrication-de-blocs-3-45","status":"publish","type":"product","link":"https:\/\/xingtamachine.com\/fr\/produit\/machine-de-fabrication-de-blocs-3-45\/","title":{"rendered":"Machine de fabrication de blocs 3-45"},"content":{"rendered":"","protected":false},"excerpt":{"rendered":"<p>Machine \u00e0 blocs mobile mod\u00e8le 2-45, tension 110 V\/220 V\/380 V, fabrication mobile de briques directement au sol, pratique et rapide, faible consommation \u00e9lectrique, \u00e9conomie d&rsquo;\u00e9nergie et protection de l&rsquo;environnement, best-seller en Chine et \u00e0 l&rsquo;\u00e9tranger depuis plus de 20 ans.<\/p>\n<table width=\"857\">\n<tbody>\n<tr>\n<td width=\"428\">Cycle(s) de moding<\/td>\n<td width=\"429\">45s<\/td>\n<\/tr>\n<tr>\n<td width=\"428\">Puissance install\u00e9e (kW)<\/td>\n<td width=\"429\">1.1<\/td>\n<\/tr>\n<tr>\n<td width=\"428\">Classe produite (pi\u00e8ces)<\/td>\n<td width=\"429\">Brique standard 240*53*115 mm 8000 pi\u00e8ces<br \/>\nBloc 390*190*190 mm 1000 pi\u00e8ces<\/td>\n<\/tr>\n<tr>\n<td width=\"428\">Dimensions hors tout (mm)<\/td>\n<td width=\"429\">L1100*W1050*H1300mm<\/td>\n<\/tr>\n<tr>\n<td width=\"428\">Le poids (kg)<\/td>\n<td width=\"429\">300kg<\/td>\n<\/tr>\n<tr>\n<td width=\"428\">Nombre d&rsquo;op\u00e9rateurs<\/td>\n<td width=\"429\">1 \u00e0 2 personnes<\/td>\n<\/tr>\n<\/tbody>\n<\/table>\n","protected":false},"featured_media":2232,"comment_status":"open","ping_status":"closed","template":"","meta":{"site-sidebar-layout":"default","site-content-layout":"","ast-site-content-layout":"default","site-content-style":"default","site-sidebar-style":"default","ast-global-header-display":"","ast-banner-title-visibility":"","ast-main-header-display":"","ast-hfb-above-header-display":"","ast-hfb-below-header-display":"","ast-hfb-mobile-header-display":"","site-post-title":"","ast-breadcrumbs-content":"","ast-featured-img":"","footer-sml-layout":"","theme-transparent-header-meta":"default","adv-header-id-meta":"","stick-header-meta":"","header-above-stick-meta":"","header-main-stick-meta":"","header-below-stick-meta":"","astra-migrate-meta-layouts":"default","ast-page-background-enabled":"default","ast-page-background-meta":{"desktop":{"background-color":"var(--ast-global-color-4)","background-image":"","background-repeat":"repeat","background-position":"center center","background-size":"auto","background-attachment":"scroll","background-type":"","background-media":"","overlay-type":"","overlay-color":"","overlay-opacity":"","overlay-gradient":""},"tablet":{"background-color":"","background-image":"","background-repeat":"repeat","background-position":"center center","background-size":"auto","background-attachment":"scroll","background-type":"","background-media":"","overlay-type":"","overlay-color":"","overlay-opacity":"","overlay-gradient":""},"mobile":{"background-color":"","background-image":"","background-repeat":"repeat","background-position":"center center","background-size":"auto","background-attachment":"scroll","background-type":"","background-media":"","overlay-type":"","overlay-color":"","overlay-opacity":"","overlay-gradient":""}},"ast-content-background-meta":{"desktop":{"background-color":"var(--ast-global-color-5)","background-image":"","background-repeat":"repeat","background-position":"center center","background-size":"auto","background-attachment":"scroll","background-type":"","background-media":"","overlay-type":"","overlay-color":"","overlay-opacity":"","overlay-gradient":""},"tablet":{"background-color":"var(--ast-global-color-5)","background-image":"","background-repeat":"repeat","background-position":"center center","background-size":"auto","background-attachment":"scroll","background-type":"","background-media":"","overlay-type":"","overlay-color":"","overlay-opacity":"","overlay-gradient":""},"mobile":{"background-color":"var(--ast-global-color-5)","background-image":"","background-repeat":"repeat","background-position":"center center","background-size":"auto","background-attachment":"scroll","background-type":"","background-media":"","overlay-type":"","overlay-color":"","overlay-opacity":"","overlay-gradient":""}}},"product_brand":[],"product_cat":[119],"product_tag":[],"class_list":{"0":"post-5757","1":"product","2":"type-product","3":"status-publish","4":"has-post-thumbnail","6":"product_cat-machine-a-blocs-non-mobile","7":"desktop-align-left","8":"tablet-align-left","9":"mobile-align-left","11":"first","12":"instock","13":"shipping-taxable","14":"product-type-simple"},"gallery_images":[2235,2234,2233],"_links":{"self":[{"href":"https:\/\/xingtamachine.com\/fr\/wp-json\/wp\/v2\/product\/5757","targetHints":{"allow":["GET"]}}],"collection":[{"href":"https:\/\/xingtamachine.com\/fr\/wp-json\/wp\/v2\/product"}],"about":[{"href":"https:\/\/xingtamachine.com\/fr\/wp-json\/wp\/v2\/types\/product"}],"replies":[{"embeddable":true,"href":"https:\/\/xingtamachine.com\/fr\/wp-json\/wp\/v2\/comments?post=5757"}],"wp:featuredmedia":[{"embeddable":true,"href":"https:\/\/xingtamachine.com\/fr\/wp-json\/wp\/v2\/media\/2232"}],"wp:attachment":[{"href":"https:\/\/xingtamachine.com\/fr\/wp-json\/wp\/v2\/media?parent=5757"}],"wp:term":[{"taxonomy":"product_brand","embeddable":true,"href":"https:\/\/xingtamachine.com\/fr\/wp-json\/wp\/v2\/product_brand?post=5757"},{"taxonomy":"product_cat","embeddable":true,"href":"https:\/\/xingtamachine.com\/fr\/wp-json\/wp\/v2\/product_cat?post=5757"},{"taxonomy":"product_tag","embeddable":true,"href":"https:\/\/xingtamachine.com\/fr\/wp-json\/wp\/v2\/product_tag?post=5757"}],"curies":[{"name":"wp","href":"https:\/\/api.w.org\/{rel}","templated":true}]}}