{"id":5752,"date":"2025-07-07T04:05:55","date_gmt":"2025-07-07T04:05:55","guid":{"rendered":"https:\/\/xingtamachine.com\/product\/machine-de-moulage-par-blocs-4-35a\/"},"modified":"2025-07-07T04:05:55","modified_gmt":"2025-07-07T04:05:55","slug":"machine-de-moulage-par-blocs-4-35a","status":"publish","type":"product","link":"https:\/\/xingtamachine.com\/fr\/produit\/machine-de-moulage-par-blocs-4-35a\/","title":{"rendered":"Machine de moulage par blocs 4-35A"},"content":{"rendered":"","protected":false},"excerpt":{"rendered":"<p>La machine semi-automatique de fabrication de briques mod\u00e8le 4-35A est facile \u00e0 utiliser et fonctionne avec une tension de 220 V \u00e0 380 V. Une seule machine est polyvalente et peut remplacer diff\u00e9rents types de moules pour produire des produits en ciment de diverses sp\u00e9cifications. Il se vend bien au niveau national et international depuis plus de 20 ans.<\/p>\n<table width=\"855\">\n<tbody>\n<tr>\n<td width=\"427\">Cycle(s) de moding<\/td>\n<td width=\"427\">35s<\/td>\n<\/tr>\n<tr>\n<td width=\"427\">Puissance install\u00e9e (kW)<\/td>\n<td width=\"427\">4.8 kw<\/td>\n<\/tr>\n<tr>\n<td width=\"427\">La classe est produite.<\/td>\n<td width=\"427\">Brique standard 240*53*115 mm 15 000 pi\u00e8ces.<br \/>\nBloc 390*190*190 mm 2 400 pi\u00e8ces.<\/td>\n<\/tr>\n<tr>\n<td width=\"427\">Plate size(mm)<\/td>\n<td width=\"427\">850*550*30mm<\/td>\n<\/tr>\n<tr>\n<td width=\"427\">Dimensions hors tout (mm)<\/td>\n<td width=\"427\">L1250*W1350*H1550mm<\/td>\n<\/tr>\n<tr>\n<td width=\"427\">Le poids<\/td>\n<td width=\"427\">750kg<\/td>\n<\/tr>\n<tr>\n<td width=\"427\">Nombre d&rsquo;op\u00e9rateurs<\/td>\n<td width=\"427\">2-3 personnes<\/td>\n<\/tr>\n<\/tbody>\n<\/table>\n","protected":false},"featured_media":2238,"comment_status":"open","ping_status":"closed","template":"","meta":{"site-sidebar-layout":"default","site-content-layout":"","ast-site-content-layout":"default","site-content-style":"default","site-sidebar-style":"default","ast-global-header-display":"","ast-banner-title-visibility":"","ast-main-header-display":"","ast-hfb-above-header-display":"","ast-hfb-below-header-display":"","ast-hfb-mobile-header-display":"","site-post-title":"","ast-breadcrumbs-content":"","ast-featured-img":"","footer-sml-layout":"","theme-transparent-header-meta":"default","adv-header-id-meta":"","stick-header-meta":"","header-above-stick-meta":"","header-main-stick-meta":"","header-below-stick-meta":"","astra-migrate-meta-layouts":"default","ast-page-background-enabled":"default","ast-page-background-meta":{"desktop":{"background-color":"var(--ast-global-color-4)","background-image":"","background-repeat":"repeat","background-position":"center center","background-size":"auto","background-attachment":"scroll","background-type":"","background-media":"","overlay-type":"","overlay-color":"","overlay-opacity":"","overlay-gradient":""},"tablet":{"background-color":"","background-image":"","background-repeat":"repeat","background-position":"center center","background-size":"auto","background-attachment":"scroll","background-type":"","background-media":"","overlay-type":"","overlay-color":"","overlay-opacity":"","overlay-gradient":""},"mobile":{"background-color":"","background-image":"","background-repeat":"repeat","background-position":"center center","background-size":"auto","background-attachment":"scroll","background-type":"","background-media":"","overlay-type":"","overlay-color":"","overlay-opacity":"","overlay-gradient":""}},"ast-content-background-meta":{"desktop":{"background-color":"var(--ast-global-color-5)","background-image":"","background-repeat":"repeat","background-position":"center center","background-size":"auto","background-attachment":"scroll","background-type":"","background-media":"","overlay-type":"","overlay-color":"","overlay-opacity":"","overlay-gradient":""},"tablet":{"background-color":"var(--ast-global-color-5)","background-image":"","background-repeat":"repeat","background-position":"center center","background-size":"auto","background-attachment":"scroll","background-type":"","background-media":"","overlay-type":"","overlay-color":"","overlay-opacity":"","overlay-gradient":""},"mobile":{"background-color":"var(--ast-global-color-5)","background-image":"","background-repeat":"repeat","background-position":"center center","background-size":"auto","background-attachment":"scroll","background-type":"","background-media":"","overlay-type":"","overlay-color":"","overlay-opacity":"","overlay-gradient":""}}},"product_brand":[],"product_cat":[119],"product_tag":[],"class_list":{"0":"post-5752","1":"product","2":"type-product","3":"status-publish","4":"has-post-thumbnail","6":"product_cat-machine-a-blocs-non-mobile","7":"desktop-align-left","8":"tablet-align-left","9":"mobile-align-left","11":"first","12":"instock","13":"shipping-taxable","14":"product-type-simple"},"gallery_images":[2239,2240,2241],"_links":{"self":[{"href":"https:\/\/xingtamachine.com\/fr\/wp-json\/wp\/v2\/product\/5752","targetHints":{"allow":["GET"]}}],"collection":[{"href":"https:\/\/xingtamachine.com\/fr\/wp-json\/wp\/v2\/product"}],"about":[{"href":"https:\/\/xingtamachine.com\/fr\/wp-json\/wp\/v2\/types\/product"}],"replies":[{"embeddable":true,"href":"https:\/\/xingtamachine.com\/fr\/wp-json\/wp\/v2\/comments?post=5752"}],"wp:featuredmedia":[{"embeddable":true,"href":"https:\/\/xingtamachine.com\/fr\/wp-json\/wp\/v2\/media\/2238"}],"wp:attachment":[{"href":"https:\/\/xingtamachine.com\/fr\/wp-json\/wp\/v2\/media?parent=5752"}],"wp:term":[{"taxonomy":"product_brand","embeddable":true,"href":"https:\/\/xingtamachine.com\/fr\/wp-json\/wp\/v2\/product_brand?post=5752"},{"taxonomy":"product_cat","embeddable":true,"href":"https:\/\/xingtamachine.com\/fr\/wp-json\/wp\/v2\/product_cat?post=5752"},{"taxonomy":"product_tag","embeddable":true,"href":"https:\/\/xingtamachine.com\/fr\/wp-json\/wp\/v2\/product_tag?post=5752"}],"curies":[{"name":"wp","href":"https:\/\/api.w.org\/{rel}","templated":true}]}}