{"id":5747,"date":"2025-07-07T04:16:48","date_gmt":"2025-07-07T04:16:48","guid":{"rendered":"https:\/\/xingtamachine.com\/product\/4-35-machine-a-fabriquer-des-blocs-a-tremie\/"},"modified":"2025-07-07T04:16:48","modified_gmt":"2025-07-07T04:16:48","slug":"4-35-machine-a-fabriquer-des-blocs-a-tremie","status":"publish","type":"product","link":"https:\/\/xingtamachine.com\/fr\/produit\/4-35-machine-a-fabriquer-des-blocs-a-tremie\/","title":{"rendered":"4-35-Machine \u00e0 fabriquer des blocs \u00e0 tr\u00e9mie"},"content":{"rendered":"","protected":false},"excerpt":{"rendered":"<p>La machine \u00e0 briques semi-automatique mod\u00e8le 4-35A avec tr\u00e9mie, tension 380 V, permet de r\u00e9aliser une ligne de production semi-automatique gr\u00e2ce \u00e0 la coop\u00e9ration d&rsquo;un convoyeur \u00e0 bande et d&rsquo;un m\u00e9langeur, ce qui augmente consid\u00e9rablement<\/p>\n<p>am\u00e9liore le rendement et r\u00e9duit la main-d&rsquo;\u0153uvre. Son fonctionnement est simple, une seule machine est polyvalente, elle peut remplacer plusieurs types de moules pour produire des produits en ciment de diff\u00e9rentes sp\u00e9cifications.<\/p>\n<table width=\"868\">\n<tbody>\n<tr>\n<td width=\"435\">Cycle de moding<\/td>\n<td width=\"433\">35s <\/td>\n<\/tr>\n<tr>\n<td width=\"435\">Puissance \u00e9quip\u00e9e<\/td>\n<td width=\"433\">4.8 kw<\/td>\n<\/tr>\n<tr>\n<td width=\"435\">La classe est produite<\/td>\n<td width=\"433\">Brique standard 240*53*115 mm 20 000 pi\u00e8ces<br \/>\nBloc 390*190*190 mm 3 200 pi\u00e8ces<\/td>\n<\/tr>\n<tr>\n<td width=\"435\">Taille de la plaque<\/td>\n<td width=\"433\">850*550*30 mm<\/td>\n<\/tr>\n<tr>\n<td width=\"435\">Taille trop grande<\/td>\n<td width=\"433\">L1200*W1280*H1950mm<\/td>\n<\/tr>\n<tr>\n<td width=\"435\">Le poids<\/td>\n<td width=\"433\">780kg<\/td>\n<\/tr>\n<tr>\n<td width=\"435\">Nombre d&rsquo;op\u00e9rateurs<\/td>\n<td width=\"433\">2-3 personnes<\/td>\n<\/tr>\n<\/tbody>\n<\/table>\n","protected":false},"featured_media":2244,"comment_status":"open","ping_status":"closed","template":"","meta":{"site-sidebar-layout":"default","site-content-layout":"","ast-site-content-layout":"default","site-content-style":"default","site-sidebar-style":"default","ast-global-header-display":"","ast-banner-title-visibility":"","ast-main-header-display":"","ast-hfb-above-header-display":"","ast-hfb-below-header-display":"","ast-hfb-mobile-header-display":"","site-post-title":"","ast-breadcrumbs-content":"","ast-featured-img":"","footer-sml-layout":"","theme-transparent-header-meta":"default","adv-header-id-meta":"","stick-header-meta":"","header-above-stick-meta":"","header-main-stick-meta":"","header-below-stick-meta":"","astra-migrate-meta-layouts":"default","ast-page-background-enabled":"default","ast-page-background-meta":{"desktop":{"background-color":"var(--ast-global-color-4)","background-image":"","background-repeat":"repeat","background-position":"center center","background-size":"auto","background-attachment":"scroll","background-type":"","background-media":"","overlay-type":"","overlay-color":"","overlay-opacity":"","overlay-gradient":""},"tablet":{"background-color":"","background-image":"","background-repeat":"repeat","background-position":"center center","background-size":"auto","background-attachment":"scroll","background-type":"","background-media":"","overlay-type":"","overlay-color":"","overlay-opacity":"","overlay-gradient":""},"mobile":{"background-color":"","background-image":"","background-repeat":"repeat","background-position":"center center","background-size":"auto","background-attachment":"scroll","background-type":"","background-media":"","overlay-type":"","overlay-color":"","overlay-opacity":"","overlay-gradient":""}},"ast-content-background-meta":{"desktop":{"background-color":"var(--ast-global-color-5)","background-image":"","background-repeat":"repeat","background-position":"center center","background-size":"auto","background-attachment":"scroll","background-type":"","background-media":"","overlay-type":"","overlay-color":"","overlay-opacity":"","overlay-gradient":""},"tablet":{"background-color":"var(--ast-global-color-5)","background-image":"","background-repeat":"repeat","background-position":"center center","background-size":"auto","background-attachment":"scroll","background-type":"","background-media":"","overlay-type":"","overlay-color":"","overlay-opacity":"","overlay-gradient":""},"mobile":{"background-color":"var(--ast-global-color-5)","background-image":"","background-repeat":"repeat","background-position":"center center","background-size":"auto","background-attachment":"scroll","background-type":"","background-media":"","overlay-type":"","overlay-color":"","overlay-opacity":"","overlay-gradient":""}}},"product_brand":[],"product_cat":[119],"product_tag":[],"class_list":{"0":"post-5747","1":"product","2":"type-product","3":"status-publish","4":"has-post-thumbnail","6":"product_cat-machine-a-blocs-non-mobile","7":"desktop-align-left","8":"tablet-align-left","9":"mobile-align-left","11":"first","12":"instock","13":"shipping-taxable","14":"product-type-simple"},"gallery_images":[2246,2243,2245],"_links":{"self":[{"href":"https:\/\/xingtamachine.com\/fr\/wp-json\/wp\/v2\/product\/5747","targetHints":{"allow":["GET"]}}],"collection":[{"href":"https:\/\/xingtamachine.com\/fr\/wp-json\/wp\/v2\/product"}],"about":[{"href":"https:\/\/xingtamachine.com\/fr\/wp-json\/wp\/v2\/types\/product"}],"replies":[{"embeddable":true,"href":"https:\/\/xingtamachine.com\/fr\/wp-json\/wp\/v2\/comments?post=5747"}],"wp:featuredmedia":[{"embeddable":true,"href":"https:\/\/xingtamachine.com\/fr\/wp-json\/wp\/v2\/media\/2244"}],"wp:attachment":[{"href":"https:\/\/xingtamachine.com\/fr\/wp-json\/wp\/v2\/media?parent=5747"}],"wp:term":[{"taxonomy":"product_brand","embeddable":true,"href":"https:\/\/xingtamachine.com\/fr\/wp-json\/wp\/v2\/product_brand?post=5747"},{"taxonomy":"product_cat","embeddable":true,"href":"https:\/\/xingtamachine.com\/fr\/wp-json\/wp\/v2\/product_cat?post=5747"},{"taxonomy":"product_tag","embeddable":true,"href":"https:\/\/xingtamachine.com\/fr\/wp-json\/wp\/v2\/product_tag?post=5747"}],"curies":[{"name":"wp","href":"https:\/\/api.w.org\/{rel}","templated":true}]}}