{"id":5746,"date":"2025-07-07T05:38:27","date_gmt":"2025-07-07T05:38:27","guid":{"rendered":"https:\/\/xingtamachine.com\/product\/machine-de-fabrication-de-blocs-4-35b\/"},"modified":"2025-07-07T05:38:27","modified_gmt":"2025-07-07T05:38:27","slug":"machine-de-fabrication-de-blocs-4-35b","status":"publish","type":"product","link":"https:\/\/xingtamachine.com\/fr\/produit\/machine-de-fabrication-de-blocs-4-35b\/","title":{"rendered":"Machine de fabrication de blocs 4-35B"},"content":{"rendered":"","protected":false},"excerpt":{"rendered":"<p>Machine semi-automatique de fabrication de briques 4-35B, facile \u00e0 utiliser, 220 V-380 V, polyvalente, pouvant remplacer divers moules pour produire une vari\u00e9t\u00e9 de sp\u00e9cifications de produits m\u00e9lang\u00e9s \u00e0 l&rsquo;eau. Il se vend bien au niveau national et international depuis plus de 20 ans.<\/p>\n<table width=\"880\">\n<tbody>\n<tr>\n<td width=\"439\">Cycle de moding<\/td>\n<td width=\"440\">35s <\/td>\n<\/tr>\n<tr>\n<td width=\"439\">Puissance \u00e9quip\u00e9e<\/td>\n<td width=\"440\">6.3 kw<\/td>\n<\/tr>\n<tr>\n<td width=\"439\">La classe est produite<\/td>\n<td width=\"440\">Brique standard 240*53*115mm 15000 pi\u00e8ces<\/p>\n<p>Bloc 390*190*190mm 2400 pi\u00e8ces<\/td>\n<\/tr>\n<tr>\n<td width=\"439\">Taille de la plaque<\/td>\n<td width=\"440\">850*550*30 mm<\/td>\n<\/tr>\n<tr>\n<td width=\"439\">Dimensions hors tout<\/td>\n<td width=\"440\">L1250*W1350*H1550 mm<\/td>\n<\/tr>\n<tr>\n<td width=\"439\">Le poids<\/td>\n<td width=\"440\">800kg<\/td>\n<\/tr>\n<tr>\n<td width=\"439\">Nombre d&rsquo;op\u00e9rateurs<\/td>\n<td width=\"440\">2-3 personnes<\/td>\n<\/tr>\n<\/tbody>\n<\/table>\n","protected":false},"featured_media":2248,"comment_status":"open","ping_status":"closed","template":"","meta":{"site-sidebar-layout":"default","site-content-layout":"","ast-site-content-layout":"default","site-content-style":"default","site-sidebar-style":"default","ast-global-header-display":"","ast-banner-title-visibility":"","ast-main-header-display":"","ast-hfb-above-header-display":"","ast-hfb-below-header-display":"","ast-hfb-mobile-header-display":"","site-post-title":"","ast-breadcrumbs-content":"","ast-featured-img":"","footer-sml-layout":"","theme-transparent-header-meta":"default","adv-header-id-meta":"","stick-header-meta":"","header-above-stick-meta":"","header-main-stick-meta":"","header-below-stick-meta":"","astra-migrate-meta-layouts":"default","ast-page-background-enabled":"default","ast-page-background-meta":{"desktop":{"background-color":"var(--ast-global-color-4)","background-image":"","background-repeat":"repeat","background-position":"center center","background-size":"auto","background-attachment":"scroll","background-type":"","background-media":"","overlay-type":"","overlay-color":"","overlay-opacity":"","overlay-gradient":""},"tablet":{"background-color":"","background-image":"","background-repeat":"repeat","background-position":"center center","background-size":"auto","background-attachment":"scroll","background-type":"","background-media":"","overlay-type":"","overlay-color":"","overlay-opacity":"","overlay-gradient":""},"mobile":{"background-color":"","background-image":"","background-repeat":"repeat","background-position":"center center","background-size":"auto","background-attachment":"scroll","background-type":"","background-media":"","overlay-type":"","overlay-color":"","overlay-opacity":"","overlay-gradient":""}},"ast-content-background-meta":{"desktop":{"background-color":"var(--ast-global-color-5)","background-image":"","background-repeat":"repeat","background-position":"center center","background-size":"auto","background-attachment":"scroll","background-type":"","background-media":"","overlay-type":"","overlay-color":"","overlay-opacity":"","overlay-gradient":""},"tablet":{"background-color":"var(--ast-global-color-5)","background-image":"","background-repeat":"repeat","background-position":"center center","background-size":"auto","background-attachment":"scroll","background-type":"","background-media":"","overlay-type":"","overlay-color":"","overlay-opacity":"","overlay-gradient":""},"mobile":{"background-color":"var(--ast-global-color-5)","background-image":"","background-repeat":"repeat","background-position":"center center","background-size":"auto","background-attachment":"scroll","background-type":"","background-media":"","overlay-type":"","overlay-color":"","overlay-opacity":"","overlay-gradient":""}}},"product_brand":[],"product_cat":[119],"product_tag":[],"class_list":{"0":"post-5746","1":"product","2":"type-product","3":"status-publish","4":"has-post-thumbnail","6":"product_cat-machine-a-blocs-non-mobile","7":"desktop-align-left","8":"tablet-align-left","9":"mobile-align-left","11":"first","12":"instock","13":"featured","14":"shipping-taxable","15":"product-type-simple"},"gallery_images":[2249,2250],"_links":{"self":[{"href":"https:\/\/xingtamachine.com\/fr\/wp-json\/wp\/v2\/product\/5746","targetHints":{"allow":["GET"]}}],"collection":[{"href":"https:\/\/xingtamachine.com\/fr\/wp-json\/wp\/v2\/product"}],"about":[{"href":"https:\/\/xingtamachine.com\/fr\/wp-json\/wp\/v2\/types\/product"}],"replies":[{"embeddable":true,"href":"https:\/\/xingtamachine.com\/fr\/wp-json\/wp\/v2\/comments?post=5746"}],"wp:featuredmedia":[{"embeddable":true,"href":"https:\/\/xingtamachine.com\/fr\/wp-json\/wp\/v2\/media\/2248"}],"wp:attachment":[{"href":"https:\/\/xingtamachine.com\/fr\/wp-json\/wp\/v2\/media?parent=5746"}],"wp:term":[{"taxonomy":"product_brand","embeddable":true,"href":"https:\/\/xingtamachine.com\/fr\/wp-json\/wp\/v2\/product_brand?post=5746"},{"taxonomy":"product_cat","embeddable":true,"href":"https:\/\/xingtamachine.com\/fr\/wp-json\/wp\/v2\/product_cat?post=5746"},{"taxonomy":"product_tag","embeddable":true,"href":"https:\/\/xingtamachine.com\/fr\/wp-json\/wp\/v2\/product_tag?post=5746"}],"curies":[{"name":"wp","href":"https:\/\/api.w.org\/{rel}","templated":true}]}}