{"id":5741,"date":"2025-07-07T05:51:12","date_gmt":"2025-07-07T05:51:12","guid":{"rendered":"https:\/\/xingtamachine.com\/product\/machine-d\/"},"modified":"2025-07-07T05:51:12","modified_gmt":"2025-07-07T05:51:12","slug":"machine-d","status":"publish","type":"product","link":"https:\/\/xingtamachine.com\/fr\/produit\/machine-d\/","title":{"rendered":"Machine d"},"content":{"rendered":"","protected":false},"excerpt":{"rendered":"<p>Machine \u00e0 blocs semi-automatique mod\u00e8le 4-35B avec tr\u00e9mie, tension 220 V\/380 V, permettant de r\u00e9aliser une ligne de production s<\/p>\n<p>Machine \u00e0 blocs semi-automatique mod\u00e8le 4-35B avec tr\u00e9mie, tension 220 V\/380 V, permettant de r\u00e9aliser une ligne de production semi-automatique gr\u00e2ce \u00e0 la coop\u00e9ration d&rsquo;un convoyeur \u00e0 bande et d&rsquo;un m\u00e9langeur, ce qui augmente consid\u00e9rablement <\/p>\n<table width=\"880\">\n<tbody>\n<tr>\n<td width=\"441\">Cycle de moding<\/td>\n<td width=\"439\">35s <\/td>\n<\/tr>\n<tr>\n<td width=\"441\">Puissance \u00e9quip\u00e9e<\/td>\n<td width=\"439\">6.3 kw<\/td>\n<\/tr>\n<tr>\n<td width=\"441\">La classe est produite<\/td>\n<td width=\"439\">Brique standard 240*53*115 mm 20 000 pi\u00e8ces<br \/>\nBloc 390*190*190 mm 3 200 pi\u00e8ces<\/td>\n<\/tr>\n<tr>\n<td width=\"441\">Taille de la plaque<\/td>\n<td width=\"439\">850*550*30 mm<\/td>\n<\/tr>\n<tr>\n<td width=\"441\">Dimensions hors tout<\/td>\n<td width=\"439\">L1200*W1280*H1950 mm<\/td>\n<\/tr>\n<tr>\n<td width=\"441\">Le poids<\/td>\n<td width=\"439\">830 kg<\/td>\n<\/tr>\n<tr>\n<td width=\"441\">Nombre d&rsquo;op\u00e9rateurs<\/td>\n<td width=\"439\">2-3 personnes<\/td>\n<\/tr>\n<\/tbody>\n<\/table>\n","protected":false},"featured_media":2253,"comment_status":"open","ping_status":"closed","template":"","meta":{"site-sidebar-layout":"default","site-content-layout":"","ast-site-content-layout":"default","site-content-style":"default","site-sidebar-style":"default","ast-global-header-display":"","ast-banner-title-visibility":"","ast-main-header-display":"","ast-hfb-above-header-display":"","ast-hfb-below-header-display":"","ast-hfb-mobile-header-display":"","site-post-title":"","ast-breadcrumbs-content":"","ast-featured-img":"","footer-sml-layout":"","theme-transparent-header-meta":"default","adv-header-id-meta":"","stick-header-meta":"","header-above-stick-meta":"","header-main-stick-meta":"","header-below-stick-meta":"","astra-migrate-meta-layouts":"default","ast-page-background-enabled":"default","ast-page-background-meta":{"desktop":{"background-color":"var(--ast-global-color-4)","background-image":"","background-repeat":"repeat","background-position":"center center","background-size":"auto","background-attachment":"scroll","background-type":"","background-media":"","overlay-type":"","overlay-color":"","overlay-opacity":"","overlay-gradient":""},"tablet":{"background-color":"","background-image":"","background-repeat":"repeat","background-position":"center center","background-size":"auto","background-attachment":"scroll","background-type":"","background-media":"","overlay-type":"","overlay-color":"","overlay-opacity":"","overlay-gradient":""},"mobile":{"background-color":"","background-image":"","background-repeat":"repeat","background-position":"center center","background-size":"auto","background-attachment":"scroll","background-type":"","background-media":"","overlay-type":"","overlay-color":"","overlay-opacity":"","overlay-gradient":""}},"ast-content-background-meta":{"desktop":{"background-color":"var(--ast-global-color-5)","background-image":"","background-repeat":"repeat","background-position":"center center","background-size":"auto","background-attachment":"scroll","background-type":"","background-media":"","overlay-type":"","overlay-color":"","overlay-opacity":"","overlay-gradient":""},"tablet":{"background-color":"var(--ast-global-color-5)","background-image":"","background-repeat":"repeat","background-position":"center center","background-size":"auto","background-attachment":"scroll","background-type":"","background-media":"","overlay-type":"","overlay-color":"","overlay-opacity":"","overlay-gradient":""},"mobile":{"background-color":"var(--ast-global-color-5)","background-image":"","background-repeat":"repeat","background-position":"center center","background-size":"auto","background-attachment":"scroll","background-type":"","background-media":"","overlay-type":"","overlay-color":"","overlay-opacity":"","overlay-gradient":""}}},"product_brand":[],"product_cat":[119],"product_tag":[],"class_list":{"0":"post-5741","1":"product","2":"type-product","3":"status-publish","4":"has-post-thumbnail","6":"product_cat-machine-a-blocs-non-mobile","7":"desktop-align-left","8":"tablet-align-left","9":"mobile-align-left","11":"first","12":"instock","13":"shipping-taxable","14":"product-type-simple"},"gallery_images":[2254,2255,2256],"_links":{"self":[{"href":"https:\/\/xingtamachine.com\/fr\/wp-json\/wp\/v2\/product\/5741","targetHints":{"allow":["GET"]}}],"collection":[{"href":"https:\/\/xingtamachine.com\/fr\/wp-json\/wp\/v2\/product"}],"about":[{"href":"https:\/\/xingtamachine.com\/fr\/wp-json\/wp\/v2\/types\/product"}],"replies":[{"embeddable":true,"href":"https:\/\/xingtamachine.com\/fr\/wp-json\/wp\/v2\/comments?post=5741"}],"wp:featuredmedia":[{"embeddable":true,"href":"https:\/\/xingtamachine.com\/fr\/wp-json\/wp\/v2\/media\/2253"}],"wp:attachment":[{"href":"https:\/\/xingtamachine.com\/fr\/wp-json\/wp\/v2\/media?parent=5741"}],"wp:term":[{"taxonomy":"product_brand","embeddable":true,"href":"https:\/\/xingtamachine.com\/fr\/wp-json\/wp\/v2\/product_brand?post=5741"},{"taxonomy":"product_cat","embeddable":true,"href":"https:\/\/xingtamachine.com\/fr\/wp-json\/wp\/v2\/product_cat?post=5741"},{"taxonomy":"product_tag","embeddable":true,"href":"https:\/\/xingtamachine.com\/fr\/wp-json\/wp\/v2\/product_tag?post=5741"}],"curies":[{"name":"wp","href":"https:\/\/api.w.org\/{rel}","templated":true}]}}