{"id":5736,"date":"2025-07-23T02:31:56","date_gmt":"2025-07-23T02:31:56","guid":{"rendered":"https:\/\/xingtamachine.com\/product\/6a-machine-hydraulique-mobile-pour-la-fabrication-de-briques\/"},"modified":"2025-07-23T02:31:56","modified_gmt":"2025-07-23T02:31:56","slug":"6a-machine-hydraulique-mobile-pour-la-fabrication-de-briques","status":"publish","type":"product","link":"https:\/\/xingtamachine.com\/fr\/produit\/6a-machine-hydraulique-mobile-pour-la-fabrication-de-briques\/","title":{"rendered":"6A Machine hydraulique mobile pour la fabrication de briques"},"content":{"rendered":"","protected":false},"excerpt":{"rendered":"<p>La machine principale mod\u00e8le 6A est con\u00e7ue de mani\u00e8re raisonnable pour r\u00e9aliser la vibration de la bo\u00eete, le d\u00e9moulage hydraulique, la marche \u00e9lectrique et la direction auxiliaire,<br \/>\nqui peuvent \u00eatre facilement ma\u00eetris\u00e9s par une seule personne. L&rsquo;acier de haute qualit\u00e9 et le soudage de pr\u00e9cision prolongent la dur\u00e9e de vie de la machine.<\/p>\n<table width=\"962\">\n<tbody>\n<tr>\n<td width=\"466\">Dimensions hors tout<\/td>\n<td width=\"495\">2000*2100*1750mm<\/td>\n<\/tr>\n<tr>\n<td width=\"466\">Pression de service du syst\u00e8me hydraulique<\/td>\n<td width=\"495\">12-14MPa<\/td>\n<\/tr>\n<tr>\n<td width=\"466\">M\u00e9thode de formage<\/td>\n<td width=\"495\">Hydraulique + vibration<\/td>\n<\/tr>\n<tr>\n<td width=\"466\">Nombre par module (brique standard)<\/td>\n<td width=\"495\">400*200*200\/6 pi\u00e8ces<\/td>\n<\/tr>\n<tr>\n<td width=\"466\">Puissance<\/td>\n<td width=\"495\">7.3KW<\/td>\n<\/tr>\n<tr>\n<td width=\"466\">Poids<\/td>\n<td width=\"495\">2200KG<\/td>\n<\/tr>\n<tr>\n<td width=\"466\">Production quotidienne<\/td>\n<td width=\"495\">6800\/8h<\/td>\n<\/tr>\n<tr>\n<td width=\"466\">Volume du r\u00e9servoir de carburant<\/td>\n<td width=\"495\">24L<\/td>\n<\/tr>\n<tr>\n<td width=\"466\">Mode vibration<\/td>\n<td width=\"495\">Vibration tridimensionnelle du moule<\/td>\n<\/tr>\n<tr>\n<td width=\"466\">Type d&rsquo;entra\u00eenement<\/td>\n<td width=\"495\">Entra\u00eenement hydraulique<\/td>\n<\/tr>\n<tr>\n<td width=\"466\">Mode de d\u00e9placement<\/td>\n<td width=\"495\">D\u00e9placement \u00e9lectrique, direction hydraulique<\/td>\n<\/tr>\n<tr>\n<td width=\"466\">Mati\u00e8res premi\u00e8res<\/td>\n<td width=\"495\">Ciment, petits cailloux, nitrate de pierre, poudre de pierre,<br \/>\nsable jaune, gangue, scories, scories hydrat\u00e9es, scories d&rsquo;acier,<br \/>\ncendres volantes, gr\u00e8s, d\u00e9chets de construction, etc.<\/td>\n<\/tr>\n<\/tbody>\n<\/table>\n","protected":false},"featured_media":2932,"comment_status":"open","ping_status":"closed","template":"","meta":{"site-sidebar-layout":"default","site-content-layout":"","ast-site-content-layout":"default","site-content-style":"default","site-sidebar-style":"default","ast-global-header-display":"","ast-banner-title-visibility":"","ast-main-header-display":"","ast-hfb-above-header-display":"","ast-hfb-below-header-display":"","ast-hfb-mobile-header-display":"","site-post-title":"","ast-breadcrumbs-content":"","ast-featured-img":"","footer-sml-layout":"","theme-transparent-header-meta":"default","adv-header-id-meta":"","stick-header-meta":"","header-above-stick-meta":"","header-main-stick-meta":"","header-below-stick-meta":"","astra-migrate-meta-layouts":"default","ast-page-background-enabled":"default","ast-page-background-meta":{"desktop":{"background-color":"var(--ast-global-color-4)","background-image":"","background-repeat":"repeat","background-position":"center center","background-size":"auto","background-attachment":"scroll","background-type":"","background-media":"","overlay-type":"","overlay-color":"","overlay-opacity":"","overlay-gradient":""},"tablet":{"background-color":"","background-image":"","background-repeat":"repeat","background-position":"center center","background-size":"auto","background-attachment":"scroll","background-type":"","background-media":"","overlay-type":"","overlay-color":"","overlay-opacity":"","overlay-gradient":""},"mobile":{"background-color":"","background-image":"","background-repeat":"repeat","background-position":"center center","background-size":"auto","background-attachment":"scroll","background-type":"","background-media":"","overlay-type":"","overlay-color":"","overlay-opacity":"","overlay-gradient":""}},"ast-content-background-meta":{"desktop":{"background-color":"var(--ast-global-color-5)","background-image":"","background-repeat":"repeat","background-position":"center center","background-size":"auto","background-attachment":"scroll","background-type":"","background-media":"","overlay-type":"","overlay-color":"","overlay-opacity":"","overlay-gradient":""},"tablet":{"background-color":"var(--ast-global-color-5)","background-image":"","background-repeat":"repeat","background-position":"center center","background-size":"auto","background-attachment":"scroll","background-type":"","background-media":"","overlay-type":"","overlay-color":"","overlay-opacity":"","overlay-gradient":""},"mobile":{"background-color":"var(--ast-global-color-5)","background-image":"","background-repeat":"repeat","background-position":"center center","background-size":"auto","background-attachment":"scroll","background-type":"","background-media":"","overlay-type":"","overlay-color":"","overlay-opacity":"","overlay-gradient":""}}},"product_brand":[],"product_cat":[121],"product_tag":[],"class_list":{"0":"post-5736","1":"product","2":"type-product","3":"status-publish","4":"has-post-thumbnail","6":"product_cat-machine-a-blocs-mobile","7":"desktop-align-left","8":"tablet-align-left","9":"mobile-align-left","11":"first","12":"instock","13":"shipping-taxable","14":"product-type-simple"},"gallery_images":[2933,2934,2935],"_links":{"self":[{"href":"https:\/\/xingtamachine.com\/fr\/wp-json\/wp\/v2\/product\/5736","targetHints":{"allow":["GET"]}}],"collection":[{"href":"https:\/\/xingtamachine.com\/fr\/wp-json\/wp\/v2\/product"}],"about":[{"href":"https:\/\/xingtamachine.com\/fr\/wp-json\/wp\/v2\/types\/product"}],"replies":[{"embeddable":true,"href":"https:\/\/xingtamachine.com\/fr\/wp-json\/wp\/v2\/comments?post=5736"}],"wp:featuredmedia":[{"embeddable":true,"href":"https:\/\/xingtamachine.com\/fr\/wp-json\/wp\/v2\/media\/2932"}],"wp:attachment":[{"href":"https:\/\/xingtamachine.com\/fr\/wp-json\/wp\/v2\/media?parent=5736"}],"wp:term":[{"taxonomy":"product_brand","embeddable":true,"href":"https:\/\/xingtamachine.com\/fr\/wp-json\/wp\/v2\/product_brand?post=5736"},{"taxonomy":"product_cat","embeddable":true,"href":"https:\/\/xingtamachine.com\/fr\/wp-json\/wp\/v2\/product_cat?post=5736"},{"taxonomy":"product_tag","embeddable":true,"href":"https:\/\/xingtamachine.com\/fr\/wp-json\/wp\/v2\/product_tag?post=5736"}],"curies":[{"name":"wp","href":"https:\/\/api.w.org\/{rel}","templated":true}]}}