{"id":5726,"date":"2025-07-23T03:00:30","date_gmt":"2025-07-23T03:00:30","guid":{"rendered":"https:\/\/xingtamachine.com\/product\/machine-artisanale-pour-la-fabrication-de-briques-en-terre-cuite\/"},"modified":"2025-09-01T03:08:36","modified_gmt":"2025-09-01T03:08:36","slug":"machine-artisanale-pour-la-fabrication-de-briques-en-terre-cuite","status":"publish","type":"product","link":"https:\/\/xingtamachine.com\/fr\/produit\/machine-artisanale-pour-la-fabrication-de-briques-en-terre-cuite\/","title":{"rendered":"Machine artisanale pour la fabrication de briques en terre cuite"},"content":{"rendered":"","protected":false},"excerpt":{"rendered":"<p>Cette machine \u00e0 fabriquer des briques est peu co\u00fbteuse, peu encombrante, mais son inconv\u00e9nient est que son rendement est relativement faible. Elle peut \u00eatre choisie en fonction des diff\u00e9rents besoins. <\/p>\n<table width=\"915\">\n<tbody>\n<tr>\n<td width=\"439\">Dimensions hors tout<\/td>\n<td width=\"476\">1600X650X1450mm<\/td>\n<\/tr>\n<tr>\n<td width=\"439\">Type de transmission<\/td>\n<td width=\"476\">Levier<\/td>\n<\/tr>\n<tr>\n<td width=\"439\">Sp\u00e9cifications maximales du produit<\/td>\n<td width=\"476\">300*150*100mm<\/td>\n<\/tr>\n<tr>\n<td width=\"439\">Poids<\/td>\n<td width=\"476\">300KG<\/td>\n<\/tr>\n<tr>\n<td width=\"439\">Cycle de moulage<\/td>\n<td width=\"476\">30S<\/td>\n<\/tr>\n<tr>\n<td width=\"439\">Mati\u00e8res premi\u00e8res<\/td>\n<td width=\"476\">Ciment, petits cailloux, nitrate de pierre, poudre de pierre,<br \/>\nsable jaune, gangue, scories, scories d&rsquo;acier hydrat\u00e9es,<br \/>\nscories, cendres volantes, gr\u00e8s, d\u00e9chets de construction, etc.<\/td>\n<\/tr>\n<\/tbody>\n<\/table>\n","protected":false},"featured_media":2944,"comment_status":"open","ping_status":"closed","template":"","meta":{"site-sidebar-layout":"default","site-content-layout":"","ast-site-content-layout":"default","site-content-style":"default","site-sidebar-style":"default","ast-global-header-display":"","ast-banner-title-visibility":"","ast-main-header-display":"","ast-hfb-above-header-display":"","ast-hfb-below-header-display":"","ast-hfb-mobile-header-display":"","site-post-title":"","ast-breadcrumbs-content":"","ast-featured-img":"","footer-sml-layout":"","theme-transparent-header-meta":"default","adv-header-id-meta":"","stick-header-meta":"","header-above-stick-meta":"","header-main-stick-meta":"","header-below-stick-meta":"","astra-migrate-meta-layouts":"default","ast-page-background-enabled":"default","ast-page-background-meta":{"desktop":{"background-color":"var(--ast-global-color-4)","background-image":"","background-repeat":"repeat","background-position":"center center","background-size":"auto","background-attachment":"scroll","background-type":"","background-media":"","overlay-type":"","overlay-color":"","overlay-opacity":"","overlay-gradient":""},"tablet":{"background-color":"","background-image":"","background-repeat":"repeat","background-position":"center center","background-size":"auto","background-attachment":"scroll","background-type":"","background-media":"","overlay-type":"","overlay-color":"","overlay-opacity":"","overlay-gradient":""},"mobile":{"background-color":"","background-image":"","background-repeat":"repeat","background-position":"center center","background-size":"auto","background-attachment":"scroll","background-type":"","background-media":"","overlay-type":"","overlay-color":"","overlay-opacity":"","overlay-gradient":""}},"ast-content-background-meta":{"desktop":{"background-color":"var(--ast-global-color-5)","background-image":"","background-repeat":"repeat","background-position":"center center","background-size":"auto","background-attachment":"scroll","background-type":"","background-media":"","overlay-type":"","overlay-color":"","overlay-opacity":"","overlay-gradient":""},"tablet":{"background-color":"var(--ast-global-color-5)","background-image":"","background-repeat":"repeat","background-position":"center center","background-size":"auto","background-attachment":"scroll","background-type":"","background-media":"","overlay-type":"","overlay-color":"","overlay-opacity":"","overlay-gradient":""},"mobile":{"background-color":"var(--ast-global-color-5)","background-image":"","background-repeat":"repeat","background-position":"center center","background-size":"auto","background-attachment":"scroll","background-type":"","background-media":"","overlay-type":"","overlay-color":"","overlay-opacity":"","overlay-gradient":""}}},"product_brand":[],"product_cat":[118],"product_tag":[],"class_list":{"0":"post-5726","1":"product","2":"type-product","3":"status-publish","4":"has-post-thumbnail","6":"product_cat-machine-a-briques-en-argile","7":"desktop-align-left","8":"tablet-align-left","9":"mobile-align-left","11":"first","12":"instock","13":"shipping-taxable","14":"product-type-simple"},"gallery_images":[2945,2946,2947],"_links":{"self":[{"href":"https:\/\/xingtamachine.com\/fr\/wp-json\/wp\/v2\/product\/5726","targetHints":{"allow":["GET"]}}],"collection":[{"href":"https:\/\/xingtamachine.com\/fr\/wp-json\/wp\/v2\/product"}],"about":[{"href":"https:\/\/xingtamachine.com\/fr\/wp-json\/wp\/v2\/types\/product"}],"replies":[{"embeddable":true,"href":"https:\/\/xingtamachine.com\/fr\/wp-json\/wp\/v2\/comments?post=5726"}],"wp:featuredmedia":[{"embeddable":true,"href":"https:\/\/xingtamachine.com\/fr\/wp-json\/wp\/v2\/media\/2944"}],"wp:attachment":[{"href":"https:\/\/xingtamachine.com\/fr\/wp-json\/wp\/v2\/media?parent=5726"}],"wp:term":[{"taxonomy":"product_brand","embeddable":true,"href":"https:\/\/xingtamachine.com\/fr\/wp-json\/wp\/v2\/product_brand?post=5726"},{"taxonomy":"product_cat","embeddable":true,"href":"https:\/\/xingtamachine.com\/fr\/wp-json\/wp\/v2\/product_cat?post=5726"},{"taxonomy":"product_tag","embeddable":true,"href":"https:\/\/xingtamachine.com\/fr\/wp-json\/wp\/v2\/product_tag?post=5726"}],"curies":[{"name":"wp","href":"https:\/\/api.w.org\/{rel}","templated":true}]}}