{"id":5714,"date":"2025-07-23T09:11:24","date_gmt":"2025-07-23T09:11:24","guid":{"rendered":"https:\/\/xingtamachine.com\/product\/nouveau-type-de-tondeuse-a-gazon-automatique-sans-poussiere\/"},"modified":"2025-07-23T09:11:24","modified_gmt":"2025-07-23T09:11:24","slug":"nouveau-type-de-tondeuse-a-gazon-automatique-sans-poussiere","status":"publish","type":"product","link":"https:\/\/xingtamachine.com\/fr\/produit\/nouveau-type-de-tondeuse-a-gazon-automatique-sans-poussiere\/","title":{"rendered":"Nouveau type de tondeuse \u00e0 gazon automatique sans poussi\u00e8re"},"content":{"rendered":"","protected":false},"excerpt":{"rendered":"<p>La tondeuse \u00e0 gazon automatique sans poussi\u00e8re permet aux entreprises de paille de produire de mani\u00e8re propre tout en tenant compte de la protection de l&rsquo;environnement. Elle permet \u00e9galement de r\u00e9duire les co\u00fbts d&rsquo;investissement et d&rsquo;exploitation des \u00e9quipements environnementaux ainsi que les co\u00fbts de main-d&rsquo;\u0153uvre. Les points forts de cet \u00e9quipement sont les suivants : rendement \u00e9lev\u00e9, alimentation par chargeur, utilisation par une seule personne, degr\u00e9 de broyage de l&rsquo;herbe r\u00e9glable entre 20 et 100 mm, absence de poussi\u00e8re \u00e0 la sortie de l&rsquo;herbe, commande \u00e0 distance, production s\u00fbre, contr\u00f4le intelligent PIC pour une production automatique, adaptation \u00e0 divers types de paille humide ou s\u00e8che, structure raisonnable, robuste et durable, deux types au choix : fixe et mobile.  <\/p>\n<table style=\"border-collapse: collapse; width: 742px; height: 122px;\" border=\"0\" width=\"550\" cellspacing=\"0\" cellpadding=\"0\">\n<tbody>\n<tr style=\"height: 13.50pt;\">\n<td style=\"height: 13.50pt; width: 54.00pt;\" width=\"72\" height=\"18\">Mod\u00e8le<\/td>\n<td style=\"width: 149.25pt;\" width=\"199\">Rendement (t\/h)<\/td>\n<td style=\"width: 114.00pt;\" width=\"152\">Effet<span class=\"font1\"> (mm)<\/span><\/td>\n<td style=\"width: 95.25pt;\" width=\"127\">Puissance (kW)<\/td>\n<\/tr>\n<tr style=\"height: 13.50pt;\">\n<td style=\"height: 13.50pt;\" height=\"18\">JLZS-11<\/td>\n<td class=\"et3\">8-12<\/td>\n<td class=\"et3\">30-50<\/td>\n<td class=\"et3\">90+55+7.5<\/td>\n<\/tr>\n<\/tbody>\n<\/table>\n<p>&nbsp;<\/p>\n","protected":false},"featured_media":2967,"comment_status":"open","ping_status":"closed","template":"","meta":{"site-sidebar-layout":"default","site-content-layout":"","ast-site-content-layout":"default","site-content-style":"default","site-sidebar-style":"default","ast-global-header-display":"","ast-banner-title-visibility":"","ast-main-header-display":"","ast-hfb-above-header-display":"","ast-hfb-below-header-display":"","ast-hfb-mobile-header-display":"","site-post-title":"","ast-breadcrumbs-content":"","ast-featured-img":"","footer-sml-layout":"","theme-transparent-header-meta":"default","adv-header-id-meta":"","stick-header-meta":"","header-above-stick-meta":"","header-main-stick-meta":"","header-below-stick-meta":"","astra-migrate-meta-layouts":"default","ast-page-background-enabled":"default","ast-page-background-meta":{"desktop":{"background-color":"var(--ast-global-color-4)","background-image":"","background-repeat":"repeat","background-position":"center center","background-size":"auto","background-attachment":"scroll","background-type":"","background-media":"","overlay-type":"","overlay-color":"","overlay-opacity":"","overlay-gradient":""},"tablet":{"background-color":"","background-image":"","background-repeat":"repeat","background-position":"center center","background-size":"auto","background-attachment":"scroll","background-type":"","background-media":"","overlay-type":"","overlay-color":"","overlay-opacity":"","overlay-gradient":""},"mobile":{"background-color":"","background-image":"","background-repeat":"repeat","background-position":"center center","background-size":"auto","background-attachment":"scroll","background-type":"","background-media":"","overlay-type":"","overlay-color":"","overlay-opacity":"","overlay-gradient":""}},"ast-content-background-meta":{"desktop":{"background-color":"var(--ast-global-color-5)","background-image":"","background-repeat":"repeat","background-position":"center center","background-size":"auto","background-attachment":"scroll","background-type":"","background-media":"","overlay-type":"","overlay-color":"","overlay-opacity":"","overlay-gradient":""},"tablet":{"background-color":"var(--ast-global-color-5)","background-image":"","background-repeat":"repeat","background-position":"center center","background-size":"auto","background-attachment":"scroll","background-type":"","background-media":"","overlay-type":"","overlay-color":"","overlay-opacity":"","overlay-gradient":""},"mobile":{"background-color":"var(--ast-global-color-5)","background-image":"","background-repeat":"repeat","background-position":"center center","background-size":"auto","background-attachment":"scroll","background-type":"","background-media":"","overlay-type":"","overlay-color":"","overlay-opacity":"","overlay-gradient":""}}},"product_brand":[],"product_cat":[122],"product_tag":[],"class_list":{"0":"post-5714","1":"product","2":"type-product","3":"status-publish","4":"has-post-thumbnail","6":"product_cat-coupe-chaume","7":"desktop-align-left","8":"tablet-align-left","9":"mobile-align-left","11":"first","12":"instock","13":"featured","14":"shipping-taxable","15":"product-type-simple"},"gallery_images":[],"_links":{"self":[{"href":"https:\/\/xingtamachine.com\/fr\/wp-json\/wp\/v2\/product\/5714","targetHints":{"allow":["GET"]}}],"collection":[{"href":"https:\/\/xingtamachine.com\/fr\/wp-json\/wp\/v2\/product"}],"about":[{"href":"https:\/\/xingtamachine.com\/fr\/wp-json\/wp\/v2\/types\/product"}],"replies":[{"embeddable":true,"href":"https:\/\/xingtamachine.com\/fr\/wp-json\/wp\/v2\/comments?post=5714"}],"wp:featuredmedia":[{"embeddable":true,"href":"https:\/\/xingtamachine.com\/fr\/wp-json\/wp\/v2\/media\/2967"}],"wp:attachment":[{"href":"https:\/\/xingtamachine.com\/fr\/wp-json\/wp\/v2\/media?parent=5714"}],"wp:term":[{"taxonomy":"product_brand","embeddable":true,"href":"https:\/\/xingtamachine.com\/fr\/wp-json\/wp\/v2\/product_brand?post=5714"},{"taxonomy":"product_cat","embeddable":true,"href":"https:\/\/xingtamachine.com\/fr\/wp-json\/wp\/v2\/product_cat?post=5714"},{"taxonomy":"product_tag","embeddable":true,"href":"https:\/\/xingtamachine.com\/fr\/wp-json\/wp\/v2\/product_tag?post=5714"}],"curies":[{"name":"wp","href":"https:\/\/api.w.org\/{rel}","templated":true}]}}