{"id":5698,"date":"2025-07-24T02:50:19","date_gmt":"2025-07-24T02:50:19","guid":{"rendered":"https:\/\/xingtamachine.com\/product\/4-40-machines-a-haute-efficacite-pour-la-fabrication-de-briques-en-forme-doeufs\/"},"modified":"2025-07-24T02:50:19","modified_gmt":"2025-07-24T02:50:19","slug":"4-40-machines-a-haute-efficacite-pour-la-fabrication-de-briques-en-forme-doeufs","status":"publish","type":"product","link":"https:\/\/xingtamachine.com\/fr\/produit\/4-40-machines-a-haute-efficacite-pour-la-fabrication-de-briques-en-forme-doeufs\/","title":{"rendered":"4-40 Machines \u00e0 haute efficacit\u00e9 pour la fabrication de briques en forme d&rsquo;\u0153ufs"},"content":{"rendered":"","protected":false},"excerpt":{"rendered":"<p>Machine de fabrication de blocs \u00e0 tr\u00e9mie 4-40, elle peut \u00eatre utilis\u00e9e conjointement avec des bandes transporteuses et des m\u00e9langeurs, ce qui permet de gagner du temps et d&rsquo;\u00e9conomiser des efforts tout en am\u00e9liorant l&rsquo;efficacit\u00e9 de la production.<\/p>\n<table width=\"880\">\n<tbody>\n<tr>\n<td width=\"440\">Cycle de moding<\/td>\n<td width=\"440\">35s <\/td>\n<\/tr>\n<tr>\n<td width=\"440\">Puissance \u00e9quip\u00e9e<\/td>\n<td width=\"440\">7.5 kw<\/td>\n<\/tr>\n<tr>\n<td width=\"440\">Classe produite (bloc)<\/td>\n<td width=\"440\">Brique standard 240*53*115 mm. 24 000 pi\u00e8ces<br \/>\nBloc 390*190*190 mm 3 600 pi\u00e8ces<\/td>\n<\/tr>\n<tr>\n<td width=\"440\">Taille de la plaque<\/td>\n<td width=\"440\">850*550*30 mm<\/td>\n<\/tr>\n<tr>\n<td width=\"440\">Dimensions hors tout<\/td>\n<td width=\"440\">L1600*W1300*H2300 mm<\/td>\n<\/tr>\n<tr>\n<td width=\"440\">Le poids<\/td>\n<td width=\"440\">1150 kg<\/td>\n<\/tr>\n<tr>\n<td width=\"440\">Nombre d&rsquo;op\u00e9rateurs<\/td>\n<td width=\"440\">2-3 personnes<\/td>\n<\/tr>\n<\/tbody>\n<\/table>\n","protected":false},"featured_media":2983,"comment_status":"open","ping_status":"closed","template":"","meta":{"site-sidebar-layout":"default","site-content-layout":"","ast-site-content-layout":"default","site-content-style":"default","site-sidebar-style":"default","ast-global-header-display":"","ast-banner-title-visibility":"","ast-main-header-display":"","ast-hfb-above-header-display":"","ast-hfb-below-header-display":"","ast-hfb-mobile-header-display":"","site-post-title":"","ast-breadcrumbs-content":"","ast-featured-img":"","footer-sml-layout":"","theme-transparent-header-meta":"default","adv-header-id-meta":"","stick-header-meta":"","header-above-stick-meta":"","header-main-stick-meta":"","header-below-stick-meta":"","astra-migrate-meta-layouts":"default","ast-page-background-enabled":"default","ast-page-background-meta":{"desktop":{"background-color":"var(--ast-global-color-4)","background-image":"","background-repeat":"repeat","background-position":"center center","background-size":"auto","background-attachment":"scroll","background-type":"","background-media":"","overlay-type":"","overlay-color":"","overlay-opacity":"","overlay-gradient":""},"tablet":{"background-color":"","background-image":"","background-repeat":"repeat","background-position":"center center","background-size":"auto","background-attachment":"scroll","background-type":"","background-media":"","overlay-type":"","overlay-color":"","overlay-opacity":"","overlay-gradient":""},"mobile":{"background-color":"","background-image":"","background-repeat":"repeat","background-position":"center center","background-size":"auto","background-attachment":"scroll","background-type":"","background-media":"","overlay-type":"","overlay-color":"","overlay-opacity":"","overlay-gradient":""}},"ast-content-background-meta":{"desktop":{"background-color":"var(--ast-global-color-5)","background-image":"","background-repeat":"repeat","background-position":"center center","background-size":"auto","background-attachment":"scroll","background-type":"","background-media":"","overlay-type":"","overlay-color":"","overlay-opacity":"","overlay-gradient":""},"tablet":{"background-color":"var(--ast-global-color-5)","background-image":"","background-repeat":"repeat","background-position":"center center","background-size":"auto","background-attachment":"scroll","background-type":"","background-media":"","overlay-type":"","overlay-color":"","overlay-opacity":"","overlay-gradient":""},"mobile":{"background-color":"var(--ast-global-color-5)","background-image":"","background-repeat":"repeat","background-position":"center center","background-size":"auto","background-attachment":"scroll","background-type":"","background-media":"","overlay-type":"","overlay-color":"","overlay-opacity":"","overlay-gradient":""}}},"product_brand":[],"product_cat":[119],"product_tag":[],"class_list":{"0":"post-5698","1":"product","2":"type-product","3":"status-publish","4":"has-post-thumbnail","6":"product_cat-machine-a-blocs-non-mobile","7":"desktop-align-left","8":"tablet-align-left","9":"mobile-align-left","11":"first","12":"instock","13":"shipping-taxable","14":"product-type-simple"},"gallery_images":[2984,2982],"_links":{"self":[{"href":"https:\/\/xingtamachine.com\/fr\/wp-json\/wp\/v2\/product\/5698","targetHints":{"allow":["GET"]}}],"collection":[{"href":"https:\/\/xingtamachine.com\/fr\/wp-json\/wp\/v2\/product"}],"about":[{"href":"https:\/\/xingtamachine.com\/fr\/wp-json\/wp\/v2\/types\/product"}],"replies":[{"embeddable":true,"href":"https:\/\/xingtamachine.com\/fr\/wp-json\/wp\/v2\/comments?post=5698"}],"wp:featuredmedia":[{"embeddable":true,"href":"https:\/\/xingtamachine.com\/fr\/wp-json\/wp\/v2\/media\/2983"}],"wp:attachment":[{"href":"https:\/\/xingtamachine.com\/fr\/wp-json\/wp\/v2\/media?parent=5698"}],"wp:term":[{"taxonomy":"product_brand","embeddable":true,"href":"https:\/\/xingtamachine.com\/fr\/wp-json\/wp\/v2\/product_brand?post=5698"},{"taxonomy":"product_cat","embeddable":true,"href":"https:\/\/xingtamachine.com\/fr\/wp-json\/wp\/v2\/product_cat?post=5698"},{"taxonomy":"product_tag","embeddable":true,"href":"https:\/\/xingtamachine.com\/fr\/wp-json\/wp\/v2\/product_tag?post=5698"}],"curies":[{"name":"wp","href":"https:\/\/api.w.org\/{rel}","templated":true}]}}