{"id":5687,"date":"2025-07-24T03:50:08","date_gmt":"2025-07-24T03:50:08","guid":{"rendered":"https:\/\/xingtamachine.com\/product\/10a-machine-a-fabriquer-des-briques-hydraulique-entierement-automatique-a-deplacement-horizontal\/"},"modified":"2025-07-24T03:50:08","modified_gmt":"2025-07-24T03:50:08","slug":"10a-machine-a-fabriquer-des-briques-hydraulique-entierement-automatique-a-deplacement-horizontal","status":"publish","type":"product","link":"https:\/\/xingtamachine.com\/fr\/produit\/10a-machine-a-fabriquer-des-briques-hydraulique-entierement-automatique-a-deplacement-horizontal\/","title":{"rendered":"10A Machine \u00e0 fabriquer des briques hydraulique enti\u00e8rement automatique \u00e0 d\u00e9placement horizontal"},"content":{"rendered":"","protected":false},"excerpt":{"rendered":"<p>Cette machine adopte une excitation par impact du caisson de moulage, une transmission hydraulique, un fonctionnement manuel, une marche avant et arri\u00e8re, avec une productivit\u00e9 sup\u00e9rieure \u00e0 celle des autres mod\u00e8les.<\/p>\n<table width=\"954\">\n<tbody>\n<tr>\n<td width=\"459\">Dimensions hors tout<\/td>\n<td width=\"494\">3300*2100*2350mm<\/td>\n<\/tr>\n<tr>\n<td width=\"459\">Pression de service du syst\u00e8me hydraulique<\/td>\n<td width=\"494\">14-20 MPa<\/td>\n<\/tr>\n<tr>\n<td width=\"459\">M\u00e9thode de formage<\/td>\n<td width=\"494\">Hydraulique + vibration<\/td>\n<\/tr>\n<tr>\n<td width=\"459\">Nombre par module<\/td>\n<td width=\"494\">400*200*200\/10 pi\u00e8ces<\/td>\n<\/tr>\n<tr>\n<td width=\"459\">Puissance<\/td>\n<td width=\"494\">16KW<\/td>\n<\/tr>\n<tr>\n<td width=\"459\">Poids<\/td>\n<td width=\"494\">4300KG<\/td>\n<\/tr>\n<tr>\n<td width=\"459\">Production quotidienne<\/td>\n<td width=\"494\">9600\/8h<\/td>\n<\/tr>\n<tr>\n<td width=\"459\">Volume du r\u00e9servoir de carburant<\/td>\n<td width=\"494\">66L<\/td>\n<\/tr>\n<tr>\n<td width=\"459\">Mode vibration<\/td>\n<td width=\"494\">Vibration tridimensionnelle du moule<\/td>\n<\/tr>\n<tr>\n<td width=\"459\">Mode de transmission<\/td>\n<td width=\"494\">Entra\u00eenement hydraulique<\/td>\n<\/tr>\n<tr>\n<td width=\"459\">Travelling mode<\/td>\n<td width=\"494\">Electric travelling,hydraulic steering<\/td>\n<\/tr>\n<tr>\n<td width=\"459\">Mode de refroidissement hydraulique<\/td>\n<td width=\"494\">Refroidissement automatique par air<\/td>\n<\/tr>\n<tr>\n<td width=\"459\">Mati\u00e8res premi\u00e8res<\/td>\n<td width=\"494\">Ciment, petits cailloux, nitrate de pierre, poudre de pierre,<br \/>\nsable jaune, gangue, scories, scories aci\u00e8res, scories hydrat\u00e9es,<br \/>\ncendres volantes, gr\u00e8s, d\u00e9chets de construction, etc.<\/td>\n<\/tr>\n<\/tbody>\n<\/table>\n","protected":false},"featured_media":2992,"comment_status":"open","ping_status":"closed","template":"","meta":{"site-sidebar-layout":"default","site-content-layout":"","ast-site-content-layout":"default","site-content-style":"default","site-sidebar-style":"default","ast-global-header-display":"","ast-banner-title-visibility":"","ast-main-header-display":"","ast-hfb-above-header-display":"","ast-hfb-below-header-display":"","ast-hfb-mobile-header-display":"","site-post-title":"","ast-breadcrumbs-content":"","ast-featured-img":"","footer-sml-layout":"","theme-transparent-header-meta":"default","adv-header-id-meta":"","stick-header-meta":"","header-above-stick-meta":"","header-main-stick-meta":"","header-below-stick-meta":"","astra-migrate-meta-layouts":"default","ast-page-background-enabled":"default","ast-page-background-meta":{"desktop":{"background-color":"var(--ast-global-color-4)","background-image":"","background-repeat":"repeat","background-position":"center center","background-size":"auto","background-attachment":"scroll","background-type":"","background-media":"","overlay-type":"","overlay-color":"","overlay-opacity":"","overlay-gradient":""},"tablet":{"background-color":"","background-image":"","background-repeat":"repeat","background-position":"center center","background-size":"auto","background-attachment":"scroll","background-type":"","background-media":"","overlay-type":"","overlay-color":"","overlay-opacity":"","overlay-gradient":""},"mobile":{"background-color":"","background-image":"","background-repeat":"repeat","background-position":"center center","background-size":"auto","background-attachment":"scroll","background-type":"","background-media":"","overlay-type":"","overlay-color":"","overlay-opacity":"","overlay-gradient":""}},"ast-content-background-meta":{"desktop":{"background-color":"var(--ast-global-color-5)","background-image":"","background-repeat":"repeat","background-position":"center center","background-size":"auto","background-attachment":"scroll","background-type":"","background-media":"","overlay-type":"","overlay-color":"","overlay-opacity":"","overlay-gradient":""},"tablet":{"background-color":"var(--ast-global-color-5)","background-image":"","background-repeat":"repeat","background-position":"center center","background-size":"auto","background-attachment":"scroll","background-type":"","background-media":"","overlay-type":"","overlay-color":"","overlay-opacity":"","overlay-gradient":""},"mobile":{"background-color":"var(--ast-global-color-5)","background-image":"","background-repeat":"repeat","background-position":"center center","background-size":"auto","background-attachment":"scroll","background-type":"","background-media":"","overlay-type":"","overlay-color":"","overlay-opacity":"","overlay-gradient":""}}},"product_brand":[],"product_cat":[121],"product_tag":[],"class_list":{"0":"post-5687","1":"product","2":"type-product","3":"status-publish","4":"has-post-thumbnail","6":"product_cat-machine-a-blocs-mobile","7":"desktop-align-left","8":"tablet-align-left","9":"mobile-align-left","11":"first","12":"instock","13":"shipping-taxable","14":"product-type-simple"},"gallery_images":[2996,2995,2994,2993],"_links":{"self":[{"href":"https:\/\/xingtamachine.com\/fr\/wp-json\/wp\/v2\/product\/5687","targetHints":{"allow":["GET"]}}],"collection":[{"href":"https:\/\/xingtamachine.com\/fr\/wp-json\/wp\/v2\/product"}],"about":[{"href":"https:\/\/xingtamachine.com\/fr\/wp-json\/wp\/v2\/types\/product"}],"replies":[{"embeddable":true,"href":"https:\/\/xingtamachine.com\/fr\/wp-json\/wp\/v2\/comments?post=5687"}],"wp:featuredmedia":[{"embeddable":true,"href":"https:\/\/xingtamachine.com\/fr\/wp-json\/wp\/v2\/media\/2992"}],"wp:attachment":[{"href":"https:\/\/xingtamachine.com\/fr\/wp-json\/wp\/v2\/media?parent=5687"}],"wp:term":[{"taxonomy":"product_brand","embeddable":true,"href":"https:\/\/xingtamachine.com\/fr\/wp-json\/wp\/v2\/product_brand?post=5687"},{"taxonomy":"product_cat","embeddable":true,"href":"https:\/\/xingtamachine.com\/fr\/wp-json\/wp\/v2\/product_cat?post=5687"},{"taxonomy":"product_tag","embeddable":true,"href":"https:\/\/xingtamachine.com\/fr\/wp-json\/wp\/v2\/product_tag?post=5687"}],"curies":[{"name":"wp","href":"https:\/\/api.w.org\/{rel}","templated":true}]}}