{"id":5675,"date":"2025-07-24T06:39:42","date_gmt":"2025-07-24T06:39:42","guid":{"rendered":"https:\/\/xingtamachine.com\/product\/12-72a-machine-a-fabriquer-des-briques-a-grande-echelle-et-a-haut-rendement\/"},"modified":"2025-07-24T06:39:42","modified_gmt":"2025-07-24T06:39:42","slug":"12-72a-machine-a-fabriquer-des-briques-a-grande-echelle-et-a-haut-rendement","status":"publish","type":"product","link":"https:\/\/xingtamachine.com\/fr\/produit\/12-72a-machine-a-fabriquer-des-briques-a-grande-echelle-et-a-haut-rendement\/","title":{"rendered":"12-72A Machine \u00e0 fabriquer des briques \u00e0 grande \u00e9chelle et \u00e0 haut rendement"},"content":{"rendered":"","protected":false},"excerpt":{"rendered":"<p>Cette machine est enti\u00e8rement automatique et ne n\u00e9cessite qu&rsquo;une seule personne pour la faire fonctionner. Elle d\u00e9pose simplement les briques sur le sol. Elle peut avancer et reculer, ce qui augmente consid\u00e9rablement l&rsquo;efficacit\u00e9 de la production.  <\/p>\n<table style=\"border-collapse: collapse; width: 631.52pt;\" border=\"0\" width=\"842\" cellspacing=\"0\" cellpadding=\"0\">\n<tbody>\n<tr style=\"height: 39.25pt;\">\n<td class=\"et2\" style=\"height: 39.25pt; width: 264.60pt;\" width=\"352\" height=\"52\"><span class=\"font4\">Nom<\/span><\/td>\n<td class=\"et3\" style=\"width: 366.95pt;\" width=\"489\"><span class=\"font3\">12-72A<\/span><\/td>\n<\/tr>\n<tr style=\"height: 60.75pt;\">\n<td class=\"et3\" style=\"height: 60.75pt; width: 264.60pt;\" width=\"352\" height=\"81\"><span class=\"font3\">Nombre par module<\/span><\/td>\n<td class=\"et3\" style=\"width: 366.95pt;\" width=\"489\"><span class=\"font3\">bloc (390*190*190) 12 pi\u00e8ces\/une fois<\/span><br \/>\n<span class=\"font3\">bloc (390*150*190) 14 pi\u00e8ces\/une fois<\/span><br \/>\n<span class=\"font3\">Brique standard (240*115*53) 72 pi\u00e8ces\/une fois<\/span><\/td>\n<\/tr>\n<tr style=\"height: 60.75pt;\">\n<td class=\"et3\" style=\"height: 60.75pt; width: 264.60pt;\" width=\"352\" height=\"81\"><span class=\"font3\">Production horaire<\/span><\/td>\n<td class=\"et4\" style=\"width: 366.95pt;\" width=\"489\"><span class=\"font3\">(390*190*190) 1440 pi\u00e8ces<\/span><br \/>\n<span class=\"font3\">(390*150*190) 1680 pi\u00e8ces<\/span><br \/>\n<span class=\"font3\">(240*115*53) 8640 pi\u00e8ces<\/span><\/td>\n<\/tr>\n<tr style=\"height: 42.00pt;\">\n<td class=\"et3\" style=\"height: 42.00pt; width: 264.60pt;\" width=\"352\" height=\"56\"><span class=\"font3\">Pression de service du syst\u00e8me hydraulique<\/span><\/td>\n<td class=\"et3\" style=\"width: 366.95pt;\" width=\"489\"><span class=\"font3\">14-20 MPa<\/span><\/td>\n<\/tr>\n<tr style=\"height: 39.00pt;\">\n<td class=\"et3\" style=\"height: 39.00pt; width: 264.60pt;\" width=\"352\" height=\"52\"><span class=\"font3\">Fr\u00e9quence de vibration<\/span><\/td>\n<td class=\"et3\" style=\"width: 366.95pt;\" width=\"489\"><span class=\"font3\">2900 fois\/min<\/span><\/td>\n<\/tr>\n<tr style=\"height: 42.00pt;\">\n<td class=\"et3\" style=\"height: 42.00pt; width: 264.60pt;\" width=\"352\" height=\"56\"><span class=\"font3\">Mode vibration<\/span><\/td>\n<td class=\"et3\" style=\"width: 366.95pt;\" width=\"489\"><span class=\"font3\">Vibration tridimensionnelle du moule<\/span><\/td>\n<\/tr>\n<tr style=\"height: 39.00pt;\">\n<td class=\"et3\" style=\"height: 39.00pt; width: 264.60pt;\" width=\"352\" height=\"52\"><span class=\"font3\">Mode d\u00e9moulage<\/span><\/td>\n<td class=\"et3\" style=\"width: 366.95pt;\" width=\"489\"><span class=\"font3\">D\u00e9moulage hydraulique<\/span><\/td>\n<\/tr>\n<tr style=\"height: 45.00pt;\">\n<td class=\"et3\" style=\"height: 45.00pt; width: 264.60pt;\" width=\"352\" height=\"60\"><span class=\"font3\">Mode d\u00e9placement<\/span><\/td>\n<td class=\"et5\" style=\"width: 366.95pt;\" width=\"489\"><span class=\"font3\">D\u00e9placement \u00e9lectrique, direction hydraulique<\/span><\/td>\n<\/tr>\n<tr style=\"height: 42.00pt;\">\n<td class=\"et3\" style=\"height: 42.00pt; width: 264.60pt;\" width=\"352\" height=\"56\"><span class=\"font3\">Puissance<\/span><\/td>\n<td class=\"et3\" style=\"width: 366.95pt;\" width=\"489\"><span class=\"font3\">21.5KW<\/span><\/td>\n<\/tr>\n<tr style=\"height: 42.00pt;\">\n<td class=\"et3\" style=\"height: 42.00pt; width: 264.60pt;\" width=\"352\" height=\"56\"><span class=\"font3\">Poids<\/span><\/td>\n<td class=\"et3\" style=\"width: 366.95pt;\" width=\"489\"><span class=\"font3\">4500KG<\/span><\/td>\n<\/tr>\n<tr style=\"height: 38.75pt;\">\n<td class=\"et3\" style=\"height: 38.75pt; width: 264.60pt;\" width=\"352\" height=\"51\"><span class=\"font3\">Volume total<\/span><\/td>\n<td class=\"et3\" style=\"width: 366.95pt;\" width=\"489\"><span class=\"font3\">3250*2100*2350mm<\/span><\/td>\n<\/tr>\n<\/tbody>\n<\/table>\n","protected":false},"featured_media":3007,"comment_status":"open","ping_status":"closed","template":"","meta":{"site-sidebar-layout":"default","site-content-layout":"","ast-site-content-layout":"default","site-content-style":"default","site-sidebar-style":"default","ast-global-header-display":"","ast-banner-title-visibility":"","ast-main-header-display":"","ast-hfb-above-header-display":"","ast-hfb-below-header-display":"","ast-hfb-mobile-header-display":"","site-post-title":"","ast-breadcrumbs-content":"","ast-featured-img":"","footer-sml-layout":"","theme-transparent-header-meta":"default","adv-header-id-meta":"","stick-header-meta":"","header-above-stick-meta":"","header-main-stick-meta":"","header-below-stick-meta":"","astra-migrate-meta-layouts":"default","ast-page-background-enabled":"default","ast-page-background-meta":{"desktop":{"background-color":"var(--ast-global-color-4)","background-image":"","background-repeat":"repeat","background-position":"center center","background-size":"auto","background-attachment":"scroll","background-type":"","background-media":"","overlay-type":"","overlay-color":"","overlay-opacity":"","overlay-gradient":""},"tablet":{"background-color":"","background-image":"","background-repeat":"repeat","background-position":"center center","background-size":"auto","background-attachment":"scroll","background-type":"","background-media":"","overlay-type":"","overlay-color":"","overlay-opacity":"","overlay-gradient":""},"mobile":{"background-color":"","background-image":"","background-repeat":"repeat","background-position":"center center","background-size":"auto","background-attachment":"scroll","background-type":"","background-media":"","overlay-type":"","overlay-color":"","overlay-opacity":"","overlay-gradient":""}},"ast-content-background-meta":{"desktop":{"background-color":"var(--ast-global-color-5)","background-image":"","background-repeat":"repeat","background-position":"center center","background-size":"auto","background-attachment":"scroll","background-type":"","background-media":"","overlay-type":"","overlay-color":"","overlay-opacity":"","overlay-gradient":""},"tablet":{"background-color":"var(--ast-global-color-5)","background-image":"","background-repeat":"repeat","background-position":"center center","background-size":"auto","background-attachment":"scroll","background-type":"","background-media":"","overlay-type":"","overlay-color":"","overlay-opacity":"","overlay-gradient":""},"mobile":{"background-color":"var(--ast-global-color-5)","background-image":"","background-repeat":"repeat","background-position":"center center","background-size":"auto","background-attachment":"scroll","background-type":"","background-media":"","overlay-type":"","overlay-color":"","overlay-opacity":"","overlay-gradient":""}}},"product_brand":[],"product_cat":[121],"product_tag":[],"class_list":{"0":"post-5675","1":"product","2":"type-product","3":"status-publish","4":"has-post-thumbnail","6":"product_cat-machine-a-blocs-mobile","7":"desktop-align-left","8":"tablet-align-left","9":"mobile-align-left","11":"first","12":"instock","13":"shipping-taxable","14":"product-type-simple"},"gallery_images":[3008,3010,3011,3009],"_links":{"self":[{"href":"https:\/\/xingtamachine.com\/fr\/wp-json\/wp\/v2\/product\/5675","targetHints":{"allow":["GET"]}}],"collection":[{"href":"https:\/\/xingtamachine.com\/fr\/wp-json\/wp\/v2\/product"}],"about":[{"href":"https:\/\/xingtamachine.com\/fr\/wp-json\/wp\/v2\/types\/product"}],"replies":[{"embeddable":true,"href":"https:\/\/xingtamachine.com\/fr\/wp-json\/wp\/v2\/comments?post=5675"}],"wp:featuredmedia":[{"embeddable":true,"href":"https:\/\/xingtamachine.com\/fr\/wp-json\/wp\/v2\/media\/3007"}],"wp:attachment":[{"href":"https:\/\/xingtamachine.com\/fr\/wp-json\/wp\/v2\/media?parent=5675"}],"wp:term":[{"taxonomy":"product_brand","embeddable":true,"href":"https:\/\/xingtamachine.com\/fr\/wp-json\/wp\/v2\/product_brand?post=5675"},{"taxonomy":"product_cat","embeddable":true,"href":"https:\/\/xingtamachine.com\/fr\/wp-json\/wp\/v2\/product_cat?post=5675"},{"taxonomy":"product_tag","embeddable":true,"href":"https:\/\/xingtamachine.com\/fr\/wp-json\/wp\/v2\/product_tag?post=5675"}],"curies":[{"name":"wp","href":"https:\/\/api.w.org\/{rel}","templated":true}]}}