{"id":5645,"date":"2025-07-24T08:48:30","date_gmt":"2025-07-24T08:48:30","guid":{"rendered":"https:\/\/xingtamachine.com\/product\/machine-hydraulique-c25-pour-la-fabrication-et-la-pose-de-briques\/"},"modified":"2025-07-24T08:48:30","modified_gmt":"2025-07-24T08:48:30","slug":"machine-hydraulique-c25-pour-la-fabrication-et-la-pose-de-briques","status":"publish","type":"product","link":"https:\/\/xingtamachine.com\/fr\/produit\/machine-hydraulique-c25-pour-la-fabrication-et-la-pose-de-briques\/","title":{"rendered":"Machine hydraulique C25 pour la fabrication et la pose de briques"},"content":{"rendered":"","protected":false},"excerpt":{"rendered":"<p>La densit\u00e9 du corps de la brique de la machine \u00e0 briques en argile C25 augmente, la vitesse de moulage est plus rapide, la r\u00e9sistance du corps de la brique est plus uniforme, la machine principale est con\u00e7ue de mani\u00e8re raisonnable et le d\u00e9moulage est hydraulique. Acier de haute qualit\u00e9 et soudure de pr\u00e9cision pour prolonger la dur\u00e9e de vie de la machine, et le syst\u00e8me hydraulique pr\u00e9sente moins de d\u00e9faillances pendant le processus de travail.<\/p>\n<table width=\"971\">\n<tbody>\n<tr>\n<td width=\"475\">Dimensions hors tout<\/td>\n<td width=\"495\">1200*700*2250mm<\/td>\n<\/tr>\n<tr>\n<td width=\"475\">Pression de service du syst\u00e8me hydraulique<\/td>\n<td width=\"495\">12-14MPa<\/td>\n<\/tr>\n<tr>\n<td width=\"475\">M\u00e9thode de formage<\/td>\n<td width=\"495\">Hydraulique + vibration<\/td>\n<\/tr>\n<tr>\n<td width=\"475\">Sp\u00e9cifications maximales du produit<\/td>\n<td width=\"495\">400*200*200mm<\/td>\n<\/tr>\n<tr>\n<td width=\"475\">Puissance<\/td>\n<td width=\"495\">4KW<\/td>\n<\/tr>\n<tr>\n<td width=\"475\">Hauteur du produit<\/td>\n<td width=\"495\">60-100mm<\/td>\n<\/tr>\n<tr>\n<td width=\"475\">Poids<\/td>\n<td width=\"495\">550KG<\/td>\n<\/tr>\n<tr>\n<td width=\"475\">Production quotidienne<\/td>\n<td width=\"495\">2400\/8h<\/td>\n<\/tr>\n<tr>\n<td width=\"475\">Volume du r\u00e9servoir de carburant<\/td>\n<td width=\"495\">60L<\/td>\n<\/tr>\n<tr>\n<td width=\"475\">Mati\u00e8res premi\u00e8res<\/td>\n<td width=\"495\">Ciment, petits cailloux, nitrate de pierre, poudre de pierre,<br \/>\nsable jaune, gangue, scories, scories hydrat\u00e9es, scories d&rsquo;acier,<br \/>\ncendres volantes, gr\u00e8s, d\u00e9chets de construction, etc.<\/td>\n<\/tr>\n<\/tbody>\n<\/table>\n","protected":false},"featured_media":3040,"comment_status":"open","ping_status":"closed","template":"","meta":{"site-sidebar-layout":"default","site-content-layout":"","ast-site-content-layout":"default","site-content-style":"default","site-sidebar-style":"default","ast-global-header-display":"","ast-banner-title-visibility":"","ast-main-header-display":"","ast-hfb-above-header-display":"","ast-hfb-below-header-display":"","ast-hfb-mobile-header-display":"","site-post-title":"","ast-breadcrumbs-content":"","ast-featured-img":"","footer-sml-layout":"","theme-transparent-header-meta":"default","adv-header-id-meta":"","stick-header-meta":"","header-above-stick-meta":"","header-main-stick-meta":"","header-below-stick-meta":"","astra-migrate-meta-layouts":"default","ast-page-background-enabled":"default","ast-page-background-meta":{"desktop":{"background-color":"var(--ast-global-color-4)","background-image":"","background-repeat":"repeat","background-position":"center center","background-size":"auto","background-attachment":"scroll","background-type":"","background-media":"","overlay-type":"","overlay-color":"","overlay-opacity":"","overlay-gradient":""},"tablet":{"background-color":"","background-image":"","background-repeat":"repeat","background-position":"center center","background-size":"auto","background-attachment":"scroll","background-type":"","background-media":"","overlay-type":"","overlay-color":"","overlay-opacity":"","overlay-gradient":""},"mobile":{"background-color":"","background-image":"","background-repeat":"repeat","background-position":"center center","background-size":"auto","background-attachment":"scroll","background-type":"","background-media":"","overlay-type":"","overlay-color":"","overlay-opacity":"","overlay-gradient":""}},"ast-content-background-meta":{"desktop":{"background-color":"var(--ast-global-color-5)","background-image":"","background-repeat":"repeat","background-position":"center center","background-size":"auto","background-attachment":"scroll","background-type":"","background-media":"","overlay-type":"","overlay-color":"","overlay-opacity":"","overlay-gradient":""},"tablet":{"background-color":"var(--ast-global-color-5)","background-image":"","background-repeat":"repeat","background-position":"center center","background-size":"auto","background-attachment":"scroll","background-type":"","background-media":"","overlay-type":"","overlay-color":"","overlay-opacity":"","overlay-gradient":""},"mobile":{"background-color":"var(--ast-global-color-5)","background-image":"","background-repeat":"repeat","background-position":"center center","background-size":"auto","background-attachment":"scroll","background-type":"","background-media":"","overlay-type":"","overlay-color":"","overlay-opacity":"","overlay-gradient":""}}},"product_brand":[],"product_cat":[119],"product_tag":[],"class_list":{"0":"post-5645","1":"product","2":"type-product","3":"status-publish","4":"has-post-thumbnail","6":"product_cat-machine-a-blocs-non-mobile","7":"desktop-align-left","8":"tablet-align-left","9":"mobile-align-left","11":"first","12":"instock","13":"shipping-taxable","14":"product-type-simple"},"gallery_images":[3043,3042,3041,3044],"_links":{"self":[{"href":"https:\/\/xingtamachine.com\/fr\/wp-json\/wp\/v2\/product\/5645","targetHints":{"allow":["GET"]}}],"collection":[{"href":"https:\/\/xingtamachine.com\/fr\/wp-json\/wp\/v2\/product"}],"about":[{"href":"https:\/\/xingtamachine.com\/fr\/wp-json\/wp\/v2\/types\/product"}],"replies":[{"embeddable":true,"href":"https:\/\/xingtamachine.com\/fr\/wp-json\/wp\/v2\/comments?post=5645"}],"wp:featuredmedia":[{"embeddable":true,"href":"https:\/\/xingtamachine.com\/fr\/wp-json\/wp\/v2\/media\/3040"}],"wp:attachment":[{"href":"https:\/\/xingtamachine.com\/fr\/wp-json\/wp\/v2\/media?parent=5645"}],"wp:term":[{"taxonomy":"product_brand","embeddable":true,"href":"https:\/\/xingtamachine.com\/fr\/wp-json\/wp\/v2\/product_brand?post=5645"},{"taxonomy":"product_cat","embeddable":true,"href":"https:\/\/xingtamachine.com\/fr\/wp-json\/wp\/v2\/product_cat?post=5645"},{"taxonomy":"product_tag","embeddable":true,"href":"https:\/\/xingtamachine.com\/fr\/wp-json\/wp\/v2\/product_tag?post=5645"}],"curies":[{"name":"wp","href":"https:\/\/api.w.org\/{rel}","templated":true}]}}