{"id":5628,"date":"2025-07-25T04:03:29","date_gmt":"2025-07-25T04:03:29","guid":{"rendered":"https:\/\/xingtamachine.com\/product\/melangeur-a-argile-semi-automatique-de-type-220\/"},"modified":"2025-07-25T04:03:29","modified_gmt":"2025-07-25T04:03:29","slug":"melangeur-a-argile-semi-automatique-de-type-220","status":"publish","type":"product","link":"https:\/\/xingtamachine.com\/fr\/produit\/melangeur-a-argile-semi-automatique-de-type-220\/","title":{"rendered":"M\u00e9langeur \u00e0 argile semi-automatique de type 220"},"content":{"rendered":"","protected":false},"excerpt":{"rendered":"<p>La machine semi-automatique de fabrication de briques sous vide 220 comprend une section d&rsquo;extrusion et une section de d\u00e9coupe des briques. Elle convient \u00e0 la production \u00e0 grande \u00e9chelle dans la cha\u00eene de fabrication de briques. Le mat\u00e9riau utilis\u00e9 pour la fabrication des briques est l&rsquo;argile.  <\/p>\n<table style=\"border-collapse: collapse; width: 759px; height: 250px;\" border=\"0\" width=\"688\" cellspacing=\"0\" cellpadding=\"0\">\n<tbody>\n<tr style=\"height: 20.25pt;\">\n<td class=\"et2\" style=\"height: 20.25pt; width: 54.00pt;\" width=\"72\" height=\"27\">Moule<\/td>\n<td class=\"et3\" style=\"width: 105.00pt;\" width=\"140\">Dimensions (<span class=\"font3\">mm)<\/span><\/td>\n<td class=\"et4\" style=\"width: 111.00pt;\" width=\"148\">Puissance (kW)<\/td>\n<td class=\"et5\" style=\"width: 94.50pt;\" width=\"126\">Production\/8 h<\/td>\n<td class=\"et2\" style=\"width: 151.50pt;\" width=\"202\">Humidit\u00e9 form\u00e9e<\/td>\n<\/tr>\n<tr style=\"height: 81.00pt;\">\n<td class=\"et6\" style=\"height: 81.00pt;\" align=\"right\" height=\"108\">220<\/td>\n<td class=\"et7\" style=\"width: 105.00pt;\" width=\"140\">1500*800*75<br \/>\n0\uff08Section d&rsquo;extrusion\uff09<br \/>\n1100*5500*9<br \/>\n50 \uff08Section de coupe\uff09<\/td>\n<td class=\"et2\" align=\"right\">11<\/td>\n<td class=\"et6\">10000- 12000<\/td>\n<td class=\"et2\">22-25 %<\/td>\n<\/tr>\n<\/tbody>\n<\/table>\n","protected":false},"featured_media":3063,"comment_status":"open","ping_status":"closed","template":"","meta":{"site-sidebar-layout":"default","site-content-layout":"","ast-site-content-layout":"default","site-content-style":"default","site-sidebar-style":"default","ast-global-header-display":"","ast-banner-title-visibility":"","ast-main-header-display":"","ast-hfb-above-header-display":"","ast-hfb-below-header-display":"","ast-hfb-mobile-header-display":"","site-post-title":"","ast-breadcrumbs-content":"","ast-featured-img":"","footer-sml-layout":"","theme-transparent-header-meta":"default","adv-header-id-meta":"","stick-header-meta":"","header-above-stick-meta":"","header-main-stick-meta":"","header-below-stick-meta":"","astra-migrate-meta-layouts":"default","ast-page-background-enabled":"default","ast-page-background-meta":{"desktop":{"background-color":"var(--ast-global-color-4)","background-image":"","background-repeat":"repeat","background-position":"center center","background-size":"auto","background-attachment":"scroll","background-type":"","background-media":"","overlay-type":"","overlay-color":"","overlay-opacity":"","overlay-gradient":""},"tablet":{"background-color":"","background-image":"","background-repeat":"repeat","background-position":"center center","background-size":"auto","background-attachment":"scroll","background-type":"","background-media":"","overlay-type":"","overlay-color":"","overlay-opacity":"","overlay-gradient":""},"mobile":{"background-color":"","background-image":"","background-repeat":"repeat","background-position":"center center","background-size":"auto","background-attachment":"scroll","background-type":"","background-media":"","overlay-type":"","overlay-color":"","overlay-opacity":"","overlay-gradient":""}},"ast-content-background-meta":{"desktop":{"background-color":"var(--ast-global-color-5)","background-image":"","background-repeat":"repeat","background-position":"center center","background-size":"auto","background-attachment":"scroll","background-type":"","background-media":"","overlay-type":"","overlay-color":"","overlay-opacity":"","overlay-gradient":""},"tablet":{"background-color":"var(--ast-global-color-5)","background-image":"","background-repeat":"repeat","background-position":"center center","background-size":"auto","background-attachment":"scroll","background-type":"","background-media":"","overlay-type":"","overlay-color":"","overlay-opacity":"","overlay-gradient":""},"mobile":{"background-color":"var(--ast-global-color-5)","background-image":"","background-repeat":"repeat","background-position":"center center","background-size":"auto","background-attachment":"scroll","background-type":"","background-media":"","overlay-type":"","overlay-color":"","overlay-opacity":"","overlay-gradient":""}}},"product_brand":[],"product_cat":[119],"product_tag":[],"class_list":{"0":"post-5628","1":"product","2":"type-product","3":"status-publish","4":"has-post-thumbnail","6":"product_cat-machine-a-blocs-non-mobile","7":"desktop-align-left","8":"tablet-align-left","9":"mobile-align-left","11":"first","12":"instock","13":"shipping-taxable","14":"product-type-simple"},"gallery_images":[3066,3065,3064],"_links":{"self":[{"href":"https:\/\/xingtamachine.com\/fr\/wp-json\/wp\/v2\/product\/5628","targetHints":{"allow":["GET"]}}],"collection":[{"href":"https:\/\/xingtamachine.com\/fr\/wp-json\/wp\/v2\/product"}],"about":[{"href":"https:\/\/xingtamachine.com\/fr\/wp-json\/wp\/v2\/types\/product"}],"replies":[{"embeddable":true,"href":"https:\/\/xingtamachine.com\/fr\/wp-json\/wp\/v2\/comments?post=5628"}],"wp:featuredmedia":[{"embeddable":true,"href":"https:\/\/xingtamachine.com\/fr\/wp-json\/wp\/v2\/media\/3063"}],"wp:attachment":[{"href":"https:\/\/xingtamachine.com\/fr\/wp-json\/wp\/v2\/media?parent=5628"}],"wp:term":[{"taxonomy":"product_brand","embeddable":true,"href":"https:\/\/xingtamachine.com\/fr\/wp-json\/wp\/v2\/product_brand?post=5628"},{"taxonomy":"product_cat","embeddable":true,"href":"https:\/\/xingtamachine.com\/fr\/wp-json\/wp\/v2\/product_cat?post=5628"},{"taxonomy":"product_tag","embeddable":true,"href":"https:\/\/xingtamachine.com\/fr\/wp-json\/wp\/v2\/product_tag?post=5628"}],"curies":[{"name":"wp","href":"https:\/\/api.w.org\/{rel}","templated":true}]}}