{"id":5622,"date":"2025-07-25T06:45:21","date_gmt":"2025-07-25T06:45:21","guid":{"rendered":"https:\/\/xingtamachine.com\/product\/250-machine-semi-automatique-integree-a-haut-rendement-pour-la-fabrication-de-blocs-en-terre-crue\/"},"modified":"2025-07-25T06:45:21","modified_gmt":"2025-07-25T06:45:21","slug":"250-machine-semi-automatique-integree-a-haut-rendement-pour-la-fabrication-de-blocs-en-terre-crue","status":"publish","type":"product","link":"https:\/\/xingtamachine.com\/fr\/produit\/250-machine-semi-automatique-integree-a-haut-rendement-pour-la-fabrication-de-blocs-en-terre-crue\/","title":{"rendered":"250 Machine semi-automatique int\u00e9gr\u00e9e \u00e0 haut rendement pour la fabrication de blocs en terre crue"},"content":{"rendered":"","protected":false},"excerpt":{"rendered":"<p>Cette machine est de type int\u00e9gr\u00e9. L&rsquo;argile est extrud\u00e9e sous forme de longues bandes \u00e0 travers une valve \u00e0 vide, puis coup\u00e9e \u00e0 la taille souhait\u00e9e \u00e0 l&rsquo;aide d&rsquo;une machine \u00e0 d\u00e9couper. La forme des briques peut \u00eatre personnalis\u00e9e.  <\/p>\n<table style=\"border-collapse: collapse; width: 828px; height: 160px;\" border=\"0\" width=\"688\" cellspacing=\"0\" cellpadding=\"0\">\n<tbody>\n<tr style=\"height: 20.25pt;\">\n<td class=\"et2\" style=\"height: 20.25pt; width: 54.00pt;\" width=\"72\" height=\"27\">Moule<\/td>\n<td class=\"et3\" style=\"width: 105.00pt;\" width=\"140\">Dimensions (<span class=\"font3\">mm)<\/span><\/td>\n<td class=\"et4\" style=\"width: 111.00pt;\" width=\"148\">Puissance (kW)<\/td>\n<td class=\"et5\" style=\"width: 94.50pt;\" width=\"126\">Production\/8 h<\/td>\n<td class=\"et2\" style=\"width: 151.50pt;\" width=\"202\">Humidit\u00e9 form\u00e9e<\/td>\n<\/tr>\n<tr style=\"height: 20.25pt;\">\n<td class=\"et6\" style=\"height: 20.25pt;\" align=\"right\" height=\"27\">250<\/td>\n<td class=\"et7\" style=\"width: 105.00pt;\" width=\"140\">3100*1000*1300<\/td>\n<td class=\"et2\" align=\"right\">11<\/td>\n<td class=\"et6\">12000-16000<\/td>\n<td class=\"et2\">22-25%<\/td>\n<\/tr>\n<\/tbody>\n<\/table>\n","protected":false},"featured_media":3068,"comment_status":"open","ping_status":"closed","template":"","meta":{"site-sidebar-layout":"default","site-content-layout":"","ast-site-content-layout":"default","site-content-style":"default","site-sidebar-style":"default","ast-global-header-display":"","ast-banner-title-visibility":"","ast-main-header-display":"","ast-hfb-above-header-display":"","ast-hfb-below-header-display":"","ast-hfb-mobile-header-display":"","site-post-title":"","ast-breadcrumbs-content":"","ast-featured-img":"","footer-sml-layout":"","theme-transparent-header-meta":"default","adv-header-id-meta":"","stick-header-meta":"","header-above-stick-meta":"","header-main-stick-meta":"","header-below-stick-meta":"","astra-migrate-meta-layouts":"default","ast-page-background-enabled":"default","ast-page-background-meta":{"desktop":{"background-color":"var(--ast-global-color-4)","background-image":"","background-repeat":"repeat","background-position":"center center","background-size":"auto","background-attachment":"scroll","background-type":"","background-media":"","overlay-type":"","overlay-color":"","overlay-opacity":"","overlay-gradient":""},"tablet":{"background-color":"","background-image":"","background-repeat":"repeat","background-position":"center center","background-size":"auto","background-attachment":"scroll","background-type":"","background-media":"","overlay-type":"","overlay-color":"","overlay-opacity":"","overlay-gradient":""},"mobile":{"background-color":"","background-image":"","background-repeat":"repeat","background-position":"center center","background-size":"auto","background-attachment":"scroll","background-type":"","background-media":"","overlay-type":"","overlay-color":"","overlay-opacity":"","overlay-gradient":""}},"ast-content-background-meta":{"desktop":{"background-color":"var(--ast-global-color-5)","background-image":"","background-repeat":"repeat","background-position":"center center","background-size":"auto","background-attachment":"scroll","background-type":"","background-media":"","overlay-type":"","overlay-color":"","overlay-opacity":"","overlay-gradient":""},"tablet":{"background-color":"var(--ast-global-color-5)","background-image":"","background-repeat":"repeat","background-position":"center center","background-size":"auto","background-attachment":"scroll","background-type":"","background-media":"","overlay-type":"","overlay-color":"","overlay-opacity":"","overlay-gradient":""},"mobile":{"background-color":"var(--ast-global-color-5)","background-image":"","background-repeat":"repeat","background-position":"center center","background-size":"auto","background-attachment":"scroll","background-type":"","background-media":"","overlay-type":"","overlay-color":"","overlay-opacity":"","overlay-gradient":""}}},"product_brand":[],"product_cat":[119],"product_tag":[],"class_list":{"0":"post-5622","1":"product","2":"type-product","3":"status-publish","4":"has-post-thumbnail","6":"product_cat-machine-a-blocs-non-mobile","7":"desktop-align-left","8":"tablet-align-left","9":"mobile-align-left","11":"first","12":"instock","13":"shipping-taxable","14":"product-type-simple"},"gallery_images":[3069,3070,3071,3072],"_links":{"self":[{"href":"https:\/\/xingtamachine.com\/fr\/wp-json\/wp\/v2\/product\/5622","targetHints":{"allow":["GET"]}}],"collection":[{"href":"https:\/\/xingtamachine.com\/fr\/wp-json\/wp\/v2\/product"}],"about":[{"href":"https:\/\/xingtamachine.com\/fr\/wp-json\/wp\/v2\/types\/product"}],"replies":[{"embeddable":true,"href":"https:\/\/xingtamachine.com\/fr\/wp-json\/wp\/v2\/comments?post=5622"}],"wp:featuredmedia":[{"embeddable":true,"href":"https:\/\/xingtamachine.com\/fr\/wp-json\/wp\/v2\/media\/3068"}],"wp:attachment":[{"href":"https:\/\/xingtamachine.com\/fr\/wp-json\/wp\/v2\/media?parent=5622"}],"wp:term":[{"taxonomy":"product_brand","embeddable":true,"href":"https:\/\/xingtamachine.com\/fr\/wp-json\/wp\/v2\/product_brand?post=5622"},{"taxonomy":"product_cat","embeddable":true,"href":"https:\/\/xingtamachine.com\/fr\/wp-json\/wp\/v2\/product_cat?post=5622"},{"taxonomy":"product_tag","embeddable":true,"href":"https:\/\/xingtamachine.com\/fr\/wp-json\/wp\/v2\/product_tag?post=5622"}],"curies":[{"name":"wp","href":"https:\/\/api.w.org\/{rel}","templated":true}]}}