{"id":5613,"date":"2025-07-25T08:08:29","date_gmt":"2025-07-25T08:08:29","guid":{"rendered":"https:\/\/xingtamachine.com\/product\/equipement-semi-automatique-pour-la-fabrication-de-briques-creuses-en-terre-cuite-sans-brulure\/"},"modified":"2025-07-25T08:08:29","modified_gmt":"2025-07-25T08:08:29","slug":"equipement-semi-automatique-pour-la-fabrication-de-briques-creuses-en-terre-cuite-sans-brulure","status":"publish","type":"product","link":"https:\/\/xingtamachine.com\/fr\/produit\/equipement-semi-automatique-pour-la-fabrication-de-briques-creuses-en-terre-cuite-sans-brulure\/","title":{"rendered":"\u00c9quipement semi-automatique pour la fabrication de briques creuses en terre cuite sans br\u00fblure"},"content":{"rendered":"","protected":false},"excerpt":{"rendered":"<p>La densit\u00e9 du corps de la brique fabriqu\u00e9e par la machine \u00e0 briques en argile augmente, la vitesse de moulage est plus rapide, la r\u00e9sistance du corps de la brique est plus uniforme, la machine principale est con\u00e7ue de mani\u00e8re raisonnable et le d\u00e9moulage est hydraulique. L&rsquo;acier de haute qualit\u00e9 et le soudage de pr\u00e9cision prolongent la dur\u00e9e de vie de la machine, et le syst\u00e8me hydraulique pr\u00e9sente moins de pannes pendant le processus de travail. <\/p>\n<table style=\"height: 373px;\" width=\"1249\">\n<tbody>\n<tr>\n<td width=\"441\">Dimensions hors tout<\/td>\n<td width=\"476\">1600*600*1100mm<\/td>\n<\/tr>\n<tr>\n<td width=\"441\">M\u00e9thode de formage<\/td>\n<td width=\"476\">Pression hydrostatique<\/td>\n<\/tr>\n<tr>\n<td width=\"441\">Puissance<\/td>\n<td width=\"476\">2.2KW<\/td>\n<\/tr>\n<tr>\n<td width=\"441\">Poids<\/td>\n<td width=\"476\">240KG<\/td>\n<\/tr>\n<tr>\n<td width=\"441\">Production quotidienne<\/td>\n<td width=\"476\">2000\/8h<\/td>\n<\/tr>\n<tr>\n<td width=\"441\">Mati\u00e8res premi\u00e8res<\/td>\n<td width=\"476\">Ciment, petits cailloux, nitrate de pierre, poudre de pierre,<br \/>\nsable jaune, gangue, scories, scories d&rsquo;acier hydrat\u00e9es,<br \/>\nscories, cendres volantes, gr\u00e8s, d\u00e9chets de construction, etc.<\/td>\n<\/tr>\n<\/tbody>\n<\/table>\n","protected":false},"featured_media":3083,"comment_status":"open","ping_status":"closed","template":"","meta":{"site-sidebar-layout":"default","site-content-layout":"","ast-site-content-layout":"default","site-content-style":"default","site-sidebar-style":"default","ast-global-header-display":"","ast-banner-title-visibility":"","ast-main-header-display":"","ast-hfb-above-header-display":"","ast-hfb-below-header-display":"","ast-hfb-mobile-header-display":"","site-post-title":"","ast-breadcrumbs-content":"","ast-featured-img":"","footer-sml-layout":"","theme-transparent-header-meta":"default","adv-header-id-meta":"","stick-header-meta":"","header-above-stick-meta":"","header-main-stick-meta":"","header-below-stick-meta":"","astra-migrate-meta-layouts":"default","ast-page-background-enabled":"default","ast-page-background-meta":{"desktop":{"background-color":"var(--ast-global-color-4)","background-image":"","background-repeat":"repeat","background-position":"center center","background-size":"auto","background-attachment":"scroll","background-type":"","background-media":"","overlay-type":"","overlay-color":"","overlay-opacity":"","overlay-gradient":""},"tablet":{"background-color":"","background-image":"","background-repeat":"repeat","background-position":"center center","background-size":"auto","background-attachment":"scroll","background-type":"","background-media":"","overlay-type":"","overlay-color":"","overlay-opacity":"","overlay-gradient":""},"mobile":{"background-color":"","background-image":"","background-repeat":"repeat","background-position":"center center","background-size":"auto","background-attachment":"scroll","background-type":"","background-media":"","overlay-type":"","overlay-color":"","overlay-opacity":"","overlay-gradient":""}},"ast-content-background-meta":{"desktop":{"background-color":"var(--ast-global-color-5)","background-image":"","background-repeat":"repeat","background-position":"center center","background-size":"auto","background-attachment":"scroll","background-type":"","background-media":"","overlay-type":"","overlay-color":"","overlay-opacity":"","overlay-gradient":""},"tablet":{"background-color":"var(--ast-global-color-5)","background-image":"","background-repeat":"repeat","background-position":"center center","background-size":"auto","background-attachment":"scroll","background-type":"","background-media":"","overlay-type":"","overlay-color":"","overlay-opacity":"","overlay-gradient":""},"mobile":{"background-color":"var(--ast-global-color-5)","background-image":"","background-repeat":"repeat","background-position":"center center","background-size":"auto","background-attachment":"scroll","background-type":"","background-media":"","overlay-type":"","overlay-color":"","overlay-opacity":"","overlay-gradient":""}}},"product_brand":[],"product_cat":[118],"product_tag":[],"class_list":{"0":"post-5613","1":"product","2":"type-product","3":"status-publish","4":"has-post-thumbnail","6":"product_cat-machine-a-briques-en-argile","7":"desktop-align-left","8":"tablet-align-left","9":"mobile-align-left","11":"first","12":"instock","13":"shipping-taxable","14":"product-type-simple"},"gallery_images":[3087,3086,3085,3084],"_links":{"self":[{"href":"https:\/\/xingtamachine.com\/fr\/wp-json\/wp\/v2\/product\/5613","targetHints":{"allow":["GET"]}}],"collection":[{"href":"https:\/\/xingtamachine.com\/fr\/wp-json\/wp\/v2\/product"}],"about":[{"href":"https:\/\/xingtamachine.com\/fr\/wp-json\/wp\/v2\/types\/product"}],"replies":[{"embeddable":true,"href":"https:\/\/xingtamachine.com\/fr\/wp-json\/wp\/v2\/comments?post=5613"}],"wp:featuredmedia":[{"embeddable":true,"href":"https:\/\/xingtamachine.com\/fr\/wp-json\/wp\/v2\/media\/3083"}],"wp:attachment":[{"href":"https:\/\/xingtamachine.com\/fr\/wp-json\/wp\/v2\/media?parent=5613"}],"wp:term":[{"taxonomy":"product_brand","embeddable":true,"href":"https:\/\/xingtamachine.com\/fr\/wp-json\/wp\/v2\/product_brand?post=5613"},{"taxonomy":"product_cat","embeddable":true,"href":"https:\/\/xingtamachine.com\/fr\/wp-json\/wp\/v2\/product_cat?post=5613"},{"taxonomy":"product_tag","embeddable":true,"href":"https:\/\/xingtamachine.com\/fr\/wp-json\/wp\/v2\/product_tag?post=5613"}],"curies":[{"name":"wp","href":"https:\/\/api.w.org\/{rel}","templated":true}]}}