{"id":5607,"date":"2025-07-25T08:41:46","date_gmt":"2025-07-25T08:41:46","guid":{"rendered":"https:\/\/xingtamachine.com\/product\/machine-a-mouler-les-briques-en-argile-brb\/"},"modified":"2025-07-25T08:41:46","modified_gmt":"2025-07-25T08:41:46","slug":"machine-a-mouler-les-briques-en-argile-brb","status":"publish","type":"product","link":"https:\/\/xingtamachine.com\/fr\/produit\/machine-a-mouler-les-briques-en-argile-brb\/","title":{"rendered":"Machine \u00e0 mouler les briques en argile BRB"},"content":{"rendered":"","protected":false},"excerpt":{"rendered":"<p>La densit\u00e9 du corps de la brique de la machine \u00e0 briques en argile BRB augmente, la vitesse de moulage est plus rapide, la r\u00e9sistance du corps de la brique est plus uniforme, la machine principale est con\u00e7ue de mani\u00e8re raisonnable et le d\u00e9moulage est hydraulique. L&rsquo;acier de haute qualit\u00e9 et le soudage de pr\u00e9cision prolongent la dur\u00e9e de vie de la machine, et le syst\u00e8me hydraulique pr\u00e9sente moins de pannes pendant le processus de travail. <\/p>\n<table width=\"968\">\n<tbody>\n<tr>\n<td width=\"472\">Dimensions hors tout<\/td>\n<td width=\"495\">1500*1100*1550mm<\/td>\n<\/tr>\n<tr>\n<td width=\"472\">Pression de service du syst\u00e8me hydraulique<\/td>\n<td width=\"495\">12-16MPa<\/td>\n<\/tr>\n<tr>\n<td width=\"472\">M\u00e9thode de formage<\/td>\n<td width=\"495\">Pression hydrostatique<\/td>\n<\/tr>\n<tr>\n<td width=\"472\">Sp\u00e9cifications maximales du produit<\/td>\n<td width=\"495\">300*150*100\/2 pi\u00e8ces<\/td>\n<\/tr>\n<tr>\n<td width=\"472\">Puissance<\/td>\n<td width=\"495\">5.5KW<\/td>\n<\/tr>\n<tr>\n<td width=\"472\">Hauteur du produit<\/td>\n<td width=\"495\">60-100<\/td>\n<\/tr>\n<tr>\n<td width=\"472\">Poids<\/td>\n<td width=\"495\">700KG<\/td>\n<\/tr>\n<tr>\n<td width=\"472\">Production quotidienne<\/td>\n<td width=\"495\">3000\/8h<\/td>\n<\/tr>\n<tr>\n<td width=\"472\">Volume du r\u00e9servoir de carburant<\/td>\n<td width=\"495\">40L<\/td>\n<\/tr>\n<tr>\n<td width=\"472\">Mati\u00e8res premi\u00e8res<\/td>\n<td width=\"495\">Ciment, petits cailloux, nitrate de pierre, poudre de pierre,<br \/>\nsable jaune, gangue, scories, scories, scories hydrauliques, scories d&rsquo;acier,<br \/>\ncendres volantes, gr\u00e8s, d\u00e9chets de construction, etc.<\/td>\n<\/tr>\n<\/tbody>\n<\/table>\n","protected":false},"featured_media":3089,"comment_status":"open","ping_status":"closed","template":"","meta":{"site-sidebar-layout":"default","site-content-layout":"","ast-site-content-layout":"default","site-content-style":"default","site-sidebar-style":"default","ast-global-header-display":"","ast-banner-title-visibility":"","ast-main-header-display":"","ast-hfb-above-header-display":"","ast-hfb-below-header-display":"","ast-hfb-mobile-header-display":"","site-post-title":"","ast-breadcrumbs-content":"","ast-featured-img":"","footer-sml-layout":"","theme-transparent-header-meta":"default","adv-header-id-meta":"","stick-header-meta":"","header-above-stick-meta":"","header-main-stick-meta":"","header-below-stick-meta":"","astra-migrate-meta-layouts":"default","ast-page-background-enabled":"default","ast-page-background-meta":{"desktop":{"background-color":"var(--ast-global-color-4)","background-image":"","background-repeat":"repeat","background-position":"center center","background-size":"auto","background-attachment":"scroll","background-type":"","background-media":"","overlay-type":"","overlay-color":"","overlay-opacity":"","overlay-gradient":""},"tablet":{"background-color":"","background-image":"","background-repeat":"repeat","background-position":"center center","background-size":"auto","background-attachment":"scroll","background-type":"","background-media":"","overlay-type":"","overlay-color":"","overlay-opacity":"","overlay-gradient":""},"mobile":{"background-color":"","background-image":"","background-repeat":"repeat","background-position":"center center","background-size":"auto","background-attachment":"scroll","background-type":"","background-media":"","overlay-type":"","overlay-color":"","overlay-opacity":"","overlay-gradient":""}},"ast-content-background-meta":{"desktop":{"background-color":"var(--ast-global-color-5)","background-image":"","background-repeat":"repeat","background-position":"center center","background-size":"auto","background-attachment":"scroll","background-type":"","background-media":"","overlay-type":"","overlay-color":"","overlay-opacity":"","overlay-gradient":""},"tablet":{"background-color":"var(--ast-global-color-5)","background-image":"","background-repeat":"repeat","background-position":"center center","background-size":"auto","background-attachment":"scroll","background-type":"","background-media":"","overlay-type":"","overlay-color":"","overlay-opacity":"","overlay-gradient":""},"mobile":{"background-color":"var(--ast-global-color-5)","background-image":"","background-repeat":"repeat","background-position":"center center","background-size":"auto","background-attachment":"scroll","background-type":"","background-media":"","overlay-type":"","overlay-color":"","overlay-opacity":"","overlay-gradient":""}}},"product_brand":[],"product_cat":[118],"product_tag":[],"class_list":{"0":"post-5607","1":"product","2":"type-product","3":"status-publish","4":"has-post-thumbnail","6":"product_cat-machine-a-briques-en-argile","7":"desktop-align-left","8":"tablet-align-left","9":"mobile-align-left","11":"first","12":"instock","13":"shipping-taxable","14":"product-type-simple"},"gallery_images":[3093,3092,3091,3090],"_links":{"self":[{"href":"https:\/\/xingtamachine.com\/fr\/wp-json\/wp\/v2\/product\/5607","targetHints":{"allow":["GET"]}}],"collection":[{"href":"https:\/\/xingtamachine.com\/fr\/wp-json\/wp\/v2\/product"}],"about":[{"href":"https:\/\/xingtamachine.com\/fr\/wp-json\/wp\/v2\/types\/product"}],"replies":[{"embeddable":true,"href":"https:\/\/xingtamachine.com\/fr\/wp-json\/wp\/v2\/comments?post=5607"}],"wp:featuredmedia":[{"embeddable":true,"href":"https:\/\/xingtamachine.com\/fr\/wp-json\/wp\/v2\/media\/3089"}],"wp:attachment":[{"href":"https:\/\/xingtamachine.com\/fr\/wp-json\/wp\/v2\/media?parent=5607"}],"wp:term":[{"taxonomy":"product_brand","embeddable":true,"href":"https:\/\/xingtamachine.com\/fr\/wp-json\/wp\/v2\/product_brand?post=5607"},{"taxonomy":"product_cat","embeddable":true,"href":"https:\/\/xingtamachine.com\/fr\/wp-json\/wp\/v2\/product_cat?post=5607"},{"taxonomy":"product_tag","embeddable":true,"href":"https:\/\/xingtamachine.com\/fr\/wp-json\/wp\/v2\/product_tag?post=5607"}],"curies":[{"name":"wp","href":"https:\/\/api.w.org\/{rel}","templated":true}]}}