{"id":5601,"date":"2025-07-25T09:06:35","date_gmt":"2025-07-25T09:06:35","guid":{"rendered":"https:\/\/xingtamachine.com\/product\/1z-machine-de-serrage-de-briques-pour-usine-de-briques-montee-sur-chariot-elevateur\/"},"modified":"2025-07-25T09:06:35","modified_gmt":"2025-07-25T09:06:35","slug":"1z-machine-de-serrage-de-briques-pour-usine-de-briques-montee-sur-chariot-elevateur","status":"publish","type":"product","link":"https:\/\/xingtamachine.com\/fr\/produit\/1z-machine-de-serrage-de-briques-pour-usine-de-briques-montee-sur-chariot-elevateur\/","title":{"rendered":"1Z Machine de serrage de briques pour usine de briques mont\u00e9e sur chariot \u00e9l\u00e9vateur"},"content":{"rendered":"","protected":false},"excerpt":{"rendered":"<p>Pas besoin de modifier le chariot \u00e9l\u00e9vateur, n&rsquo;affecte aucune fonction du chariot \u00e9l\u00e9vateur, d\u00e9montage simple et pratique.<\/p>\n<table width=\"914\">\n<tbody>\n<tr>\n<td width=\"457\">Taille globale<\/td>\n<td width=\"457\">1500*1200*1500mm<\/td>\n<\/tr>\n<tr>\n<td width=\"457\">Mode de fonctionnement<\/td>\n<td width=\"457\">Hydraulique<\/td>\n<\/tr>\n<tr>\n<td width=\"457\">Volume effectif pratique (MM)<\/td>\n<td width=\"457\">1200*1200*1000<\/td>\n<\/tr>\n<tr>\n<td width=\"457\">Ouverture maximale (MM)<\/td>\n<td width=\"457\">1300<\/td>\n<\/tr>\n<tr>\n<td width=\"457\">Capacit\u00e9 de levage (T)<\/td>\n<td width=\"457\">2.2<\/td>\n<\/tr>\n<tr>\n<td width=\"457\">Pression de service<\/td>\n<td width=\"457\">R\u00e9glable<\/td>\n<\/tr>\n<tr>\n<td width=\"457\">Poids<\/td>\n<td width=\"457\">700KG<\/td>\n<\/tr>\n<tr>\n<td width=\"457\">Angle d&rsquo;inclinaison<\/td>\n<td width=\"457\">Plus ou moins 15\u00b0<\/td>\n<\/tr>\n<tr>\n<td width=\"457\">Chariot \u00e9l\u00e9vateur adaptatif<\/td>\n<td width=\"457\">3T<\/td>\n<\/tr>\n<\/tbody>\n<\/table>\n","protected":false},"featured_media":3099,"comment_status":"open","ping_status":"closed","template":"","meta":{"site-sidebar-layout":"default","site-content-layout":"","ast-site-content-layout":"default","site-content-style":"default","site-sidebar-style":"default","ast-global-header-display":"","ast-banner-title-visibility":"","ast-main-header-display":"","ast-hfb-above-header-display":"","ast-hfb-below-header-display":"","ast-hfb-mobile-header-display":"","site-post-title":"","ast-breadcrumbs-content":"","ast-featured-img":"","footer-sml-layout":"","theme-transparent-header-meta":"default","adv-header-id-meta":"","stick-header-meta":"","header-above-stick-meta":"","header-main-stick-meta":"","header-below-stick-meta":"","astra-migrate-meta-layouts":"default","ast-page-background-enabled":"default","ast-page-background-meta":{"desktop":{"background-color":"var(--ast-global-color-4)","background-image":"","background-repeat":"repeat","background-position":"center center","background-size":"auto","background-attachment":"scroll","background-type":"","background-media":"","overlay-type":"","overlay-color":"","overlay-opacity":"","overlay-gradient":""},"tablet":{"background-color":"","background-image":"","background-repeat":"repeat","background-position":"center center","background-size":"auto","background-attachment":"scroll","background-type":"","background-media":"","overlay-type":"","overlay-color":"","overlay-opacity":"","overlay-gradient":""},"mobile":{"background-color":"","background-image":"","background-repeat":"repeat","background-position":"center center","background-size":"auto","background-attachment":"scroll","background-type":"","background-media":"","overlay-type":"","overlay-color":"","overlay-opacity":"","overlay-gradient":""}},"ast-content-background-meta":{"desktop":{"background-color":"var(--ast-global-color-5)","background-image":"","background-repeat":"repeat","background-position":"center center","background-size":"auto","background-attachment":"scroll","background-type":"","background-media":"","overlay-type":"","overlay-color":"","overlay-opacity":"","overlay-gradient":""},"tablet":{"background-color":"var(--ast-global-color-5)","background-image":"","background-repeat":"repeat","background-position":"center center","background-size":"auto","background-attachment":"scroll","background-type":"","background-media":"","overlay-type":"","overlay-color":"","overlay-opacity":"","overlay-gradient":""},"mobile":{"background-color":"var(--ast-global-color-5)","background-image":"","background-repeat":"repeat","background-position":"center center","background-size":"auto","background-attachment":"scroll","background-type":"","background-media":"","overlay-type":"","overlay-color":"","overlay-opacity":"","overlay-gradient":""}}},"product_brand":[],"product_cat":[95],"product_tag":[],"class_list":{"0":"post-5601","1":"product","2":"type-product","3":"status-publish","4":"has-post-thumbnail","6":"product_cat-machines-a-blocs-equipement-auxiliaire","7":"desktop-align-left","8":"tablet-align-left","9":"mobile-align-left","11":"first","12":"instock","13":"shipping-taxable","14":"product-type-simple"},"gallery_images":[3098,3097,3096,3095],"_links":{"self":[{"href":"https:\/\/xingtamachine.com\/fr\/wp-json\/wp\/v2\/product\/5601","targetHints":{"allow":["GET"]}}],"collection":[{"href":"https:\/\/xingtamachine.com\/fr\/wp-json\/wp\/v2\/product"}],"about":[{"href":"https:\/\/xingtamachine.com\/fr\/wp-json\/wp\/v2\/types\/product"}],"replies":[{"embeddable":true,"href":"https:\/\/xingtamachine.com\/fr\/wp-json\/wp\/v2\/comments?post=5601"}],"wp:featuredmedia":[{"embeddable":true,"href":"https:\/\/xingtamachine.com\/fr\/wp-json\/wp\/v2\/media\/3099"}],"wp:attachment":[{"href":"https:\/\/xingtamachine.com\/fr\/wp-json\/wp\/v2\/media?parent=5601"}],"wp:term":[{"taxonomy":"product_brand","embeddable":true,"href":"https:\/\/xingtamachine.com\/fr\/wp-json\/wp\/v2\/product_brand?post=5601"},{"taxonomy":"product_cat","embeddable":true,"href":"https:\/\/xingtamachine.com\/fr\/wp-json\/wp\/v2\/product_cat?post=5601"},{"taxonomy":"product_tag","embeddable":true,"href":"https:\/\/xingtamachine.com\/fr\/wp-json\/wp\/v2\/product_tag?post=5601"}],"curies":[{"name":"wp","href":"https:\/\/api.w.org\/{rel}","templated":true}]}}