{"id":5589,"date":"2025-07-29T07:02:28","date_gmt":"2025-07-29T07:02:28","guid":{"rendered":"https:\/\/xingtamachine.com\/product\/machine-hydraulique-a-briques-en-argile-modele-2700\/"},"modified":"2025-07-29T07:02:28","modified_gmt":"2025-07-29T07:02:28","slug":"machine-hydraulique-a-briques-en-argile-modele-2700","status":"publish","type":"product","link":"https:\/\/xingtamachine.com\/fr\/produit\/machine-hydraulique-a-briques-en-argile-modele-2700\/","title":{"rendered":"Machine hydraulique \u00e0 briques en argile mod\u00e8le 2700"},"content":{"rendered":"","protected":false},"excerpt":{"rendered":"<p>Machine \u00e0 blocs mod\u00e8le 2700 : la densit\u00e9 du corps de la brique est plus \u00e9lev\u00e9e, la vitesse de moulage est plus rapide et la r\u00e9sistance du corps de la brique est plus uniforme.<\/p>\n<table width=\"964\">\n<tbody>\n<tr>\n<td width=\"469\">Dimensions hors tout<\/td>\n<td width=\"495\">1200*1200*1800mm<\/td>\n<\/tr>\n<tr>\n<td width=\"469\">Pression de service du syst\u00e8me hydraulique<\/td>\n<td width=\"495\">12-14MPa<\/td>\n<\/tr>\n<tr>\n<td width=\"469\">M\u00e9thode de formage<\/td>\n<td width=\"495\">Pression hydrostatique<\/td>\n<\/tr>\n<tr>\n<td width=\"469\">Sp\u00e9cifications maximales du produit<\/td>\n<td width=\"495\">300*150*100mm<\/td>\n<\/tr>\n<tr>\n<td width=\"469\">Puissance<\/td>\n<td width=\"495\">4KW<\/td>\n<\/tr>\n<tr>\n<td width=\"469\">Hauteur du produit<\/td>\n<td width=\"495\">60-100mm<\/td>\n<\/tr>\n<tr>\n<td width=\"469\">Quantit\u00e9 moul\u00e9e<\/td>\n<td width=\"495\">1 pi\u00e8ce\/une fois<\/td>\n<\/tr>\n<tr>\n<td width=\"469\">Poids<\/td>\n<td width=\"495\">600KG<\/td>\n<\/tr>\n<tr>\n<td width=\"469\">Production quotidienne<\/td>\n<td width=\"495\">1500\/8h<\/td>\n<\/tr>\n<tr>\n<td width=\"469\">Volume du r\u00e9servoir de carburant<\/td>\n<td width=\"495\">30L<\/td>\n<\/tr>\n<tr>\n<td width=\"469\">Mati\u00e8res premi\u00e8res<\/td>\n<td width=\"495\">Ciment, petits cailloux, nitrate de pierre, poudre de pierre,<br \/>\nsable jaune, gangue, scories, scories hydrat\u00e9es, scories d&rsquo;acier,<br \/>\ncendres volantes, gr\u00e8s, d\u00e9chets de construction, etc.<\/td>\n<\/tr>\n<\/tbody>\n<\/table>\n","protected":false},"featured_media":3108,"comment_status":"open","ping_status":"closed","template":"","meta":{"site-sidebar-layout":"default","site-content-layout":"","ast-site-content-layout":"default","site-content-style":"default","site-sidebar-style":"default","ast-global-header-display":"","ast-banner-title-visibility":"","ast-main-header-display":"","ast-hfb-above-header-display":"","ast-hfb-below-header-display":"","ast-hfb-mobile-header-display":"","site-post-title":"","ast-breadcrumbs-content":"","ast-featured-img":"","footer-sml-layout":"","theme-transparent-header-meta":"default","adv-header-id-meta":"","stick-header-meta":"","header-above-stick-meta":"","header-main-stick-meta":"","header-below-stick-meta":"","astra-migrate-meta-layouts":"default","ast-page-background-enabled":"default","ast-page-background-meta":{"desktop":{"background-color":"var(--ast-global-color-4)","background-image":"","background-repeat":"repeat","background-position":"center center","background-size":"auto","background-attachment":"scroll","background-type":"","background-media":"","overlay-type":"","overlay-color":"","overlay-opacity":"","overlay-gradient":""},"tablet":{"background-color":"","background-image":"","background-repeat":"repeat","background-position":"center center","background-size":"auto","background-attachment":"scroll","background-type":"","background-media":"","overlay-type":"","overlay-color":"","overlay-opacity":"","overlay-gradient":""},"mobile":{"background-color":"","background-image":"","background-repeat":"repeat","background-position":"center center","background-size":"auto","background-attachment":"scroll","background-type":"","background-media":"","overlay-type":"","overlay-color":"","overlay-opacity":"","overlay-gradient":""}},"ast-content-background-meta":{"desktop":{"background-color":"var(--ast-global-color-5)","background-image":"","background-repeat":"repeat","background-position":"center center","background-size":"auto","background-attachment":"scroll","background-type":"","background-media":"","overlay-type":"","overlay-color":"","overlay-opacity":"","overlay-gradient":""},"tablet":{"background-color":"var(--ast-global-color-5)","background-image":"","background-repeat":"repeat","background-position":"center center","background-size":"auto","background-attachment":"scroll","background-type":"","background-media":"","overlay-type":"","overlay-color":"","overlay-opacity":"","overlay-gradient":""},"mobile":{"background-color":"var(--ast-global-color-5)","background-image":"","background-repeat":"repeat","background-position":"center center","background-size":"auto","background-attachment":"scroll","background-type":"","background-media":"","overlay-type":"","overlay-color":"","overlay-opacity":"","overlay-gradient":""}}},"product_brand":[],"product_cat":[119],"product_tag":[],"class_list":{"0":"post-5589","1":"product","2":"type-product","3":"status-publish","4":"has-post-thumbnail","6":"product_cat-machine-a-blocs-non-mobile","7":"desktop-align-left","8":"tablet-align-left","9":"mobile-align-left","11":"first","12":"instock","13":"shipping-taxable","14":"product-type-simple"},"gallery_images":[3109,3110,3111,3112],"_links":{"self":[{"href":"https:\/\/xingtamachine.com\/fr\/wp-json\/wp\/v2\/product\/5589","targetHints":{"allow":["GET"]}}],"collection":[{"href":"https:\/\/xingtamachine.com\/fr\/wp-json\/wp\/v2\/product"}],"about":[{"href":"https:\/\/xingtamachine.com\/fr\/wp-json\/wp\/v2\/types\/product"}],"replies":[{"embeddable":true,"href":"https:\/\/xingtamachine.com\/fr\/wp-json\/wp\/v2\/comments?post=5589"}],"wp:featuredmedia":[{"embeddable":true,"href":"https:\/\/xingtamachine.com\/fr\/wp-json\/wp\/v2\/media\/3108"}],"wp:attachment":[{"href":"https:\/\/xingtamachine.com\/fr\/wp-json\/wp\/v2\/media?parent=5589"}],"wp:term":[{"taxonomy":"product_brand","embeddable":true,"href":"https:\/\/xingtamachine.com\/fr\/wp-json\/wp\/v2\/product_brand?post=5589"},{"taxonomy":"product_cat","embeddable":true,"href":"https:\/\/xingtamachine.com\/fr\/wp-json\/wp\/v2\/product_cat?post=5589"},{"taxonomy":"product_tag","embeddable":true,"href":"https:\/\/xingtamachine.com\/fr\/wp-json\/wp\/v2\/product_tag?post=5589"}],"curies":[{"name":"wp","href":"https:\/\/api.w.org\/{rel}","templated":true}]}}