{"id":5582,"date":"2025-07-29T08:50:17","date_gmt":"2025-07-29T08:50:17","guid":{"rendered":"https:\/\/xingtamachine.com\/product\/equipement-pour-la-fabrication-de-7-000-briques-creuses-en-terre-cuite-sans-brulure\/"},"modified":"2025-07-29T08:50:17","modified_gmt":"2025-07-29T08:50:17","slug":"equipement-pour-la-fabrication-de-7-000-briques-creuses-en-terre-cuite-sans-brulure","status":"publish","type":"product","link":"https:\/\/xingtamachine.com\/fr\/produit\/equipement-pour-la-fabrication-de-7-000-briques-creuses-en-terre-cuite-sans-brulure\/","title":{"rendered":"\u00c9quipement pour la fabrication de 7 000 briques creuses en terre cuite sans br\u00fblure"},"content":{"rendered":"","protected":false},"excerpt":{"rendered":"<p>Mod\u00e8le 7000, la densit\u00e9 du corps de la brique augmente, la vitesse de moulage est plus rapide et la r\u00e9sistance du corps de la brique est plus uniforme.<\/p>\n<table width=\"904\">\n<tbody>\n<tr>\n<td width=\"438\">Dimensions hors tout<\/td>\n<td width=\"466\">1700*1200*1800mm<\/td>\n<\/tr>\n<tr>\n<td width=\"438\">Pression de service du syst\u00e8me hydraulique<\/td>\n<td width=\"466\">12-16MPa<\/td>\n<\/tr>\n<tr>\n<td width=\"438\">M\u00e9thode de formage<\/td>\n<td width=\"466\">Pression hydrostatique<\/td>\n<\/tr>\n<tr>\n<td width=\"438\">Sp\u00e9cifications maximales du produit<\/td>\n<td width=\"466\">300*150*100mm<\/td>\n<\/tr>\n<tr>\n<td width=\"438\">Puissance<\/td>\n<td width=\"466\">6KW<\/td>\n<\/tr>\n<tr>\n<td width=\"438\">Hauteur du produit<\/td>\n<td width=\"466\">60-100mm<\/td>\n<\/tr>\n<tr>\n<td width=\"438\">Quantit\u00e9 moul\u00e9e<\/td>\n<td width=\"466\">2 pi\u00e8ces\/une fois<\/td>\n<\/tr>\n<tr>\n<td width=\"438\">Poids<\/td>\n<td width=\"466\">850KG<\/td>\n<\/tr>\n<tr>\n<td width=\"438\">Production quotidienne<\/td>\n<td width=\"466\">2900\/8h<\/td>\n<\/tr>\n<tr>\n<td width=\"438\">Volume du r\u00e9servoir de carburant<\/td>\n<td width=\"466\">90L<\/td>\n<\/tr>\n<tr>\n<td width=\"438\">Mati\u00e8res premi\u00e8res<\/td>\n<td width=\"466\">Ciment, petits cailloux, nitrate de pierre, poudre de pierre,<br \/>\nsable jaune, gangue, scories, scories hydrat\u00e9es, scories d&rsquo;acier,<br \/>\ncendres volantes, gr\u00e8s, d\u00e9chets de construction, etc.<\/td>\n<\/tr>\n<\/tbody>\n<\/table>\n","protected":false},"featured_media":3115,"comment_status":"open","ping_status":"closed","template":"","meta":{"site-sidebar-layout":"default","site-content-layout":"","ast-site-content-layout":"default","site-content-style":"default","site-sidebar-style":"default","ast-global-header-display":"","ast-banner-title-visibility":"","ast-main-header-display":"","ast-hfb-above-header-display":"","ast-hfb-below-header-display":"","ast-hfb-mobile-header-display":"","site-post-title":"","ast-breadcrumbs-content":"","ast-featured-img":"","footer-sml-layout":"","theme-transparent-header-meta":"default","adv-header-id-meta":"","stick-header-meta":"","header-above-stick-meta":"","header-main-stick-meta":"","header-below-stick-meta":"","astra-migrate-meta-layouts":"default","ast-page-background-enabled":"default","ast-page-background-meta":{"desktop":{"background-color":"var(--ast-global-color-4)","background-image":"","background-repeat":"repeat","background-position":"center center","background-size":"auto","background-attachment":"scroll","background-type":"","background-media":"","overlay-type":"","overlay-color":"","overlay-opacity":"","overlay-gradient":""},"tablet":{"background-color":"","background-image":"","background-repeat":"repeat","background-position":"center center","background-size":"auto","background-attachment":"scroll","background-type":"","background-media":"","overlay-type":"","overlay-color":"","overlay-opacity":"","overlay-gradient":""},"mobile":{"background-color":"","background-image":"","background-repeat":"repeat","background-position":"center center","background-size":"auto","background-attachment":"scroll","background-type":"","background-media":"","overlay-type":"","overlay-color":"","overlay-opacity":"","overlay-gradient":""}},"ast-content-background-meta":{"desktop":{"background-color":"var(--ast-global-color-5)","background-image":"","background-repeat":"repeat","background-position":"center center","background-size":"auto","background-attachment":"scroll","background-type":"","background-media":"","overlay-type":"","overlay-color":"","overlay-opacity":"","overlay-gradient":""},"tablet":{"background-color":"var(--ast-global-color-5)","background-image":"","background-repeat":"repeat","background-position":"center center","background-size":"auto","background-attachment":"scroll","background-type":"","background-media":"","overlay-type":"","overlay-color":"","overlay-opacity":"","overlay-gradient":""},"mobile":{"background-color":"var(--ast-global-color-5)","background-image":"","background-repeat":"repeat","background-position":"center center","background-size":"auto","background-attachment":"scroll","background-type":"","background-media":"","overlay-type":"","overlay-color":"","overlay-opacity":"","overlay-gradient":""}}},"product_brand":[],"product_cat":[119],"product_tag":[],"class_list":{"0":"post-5582","1":"product","2":"type-product","3":"status-publish","4":"has-post-thumbnail","6":"product_cat-machine-a-blocs-non-mobile","7":"desktop-align-left","8":"tablet-align-left","9":"mobile-align-left","11":"first","12":"instock","13":"shipping-taxable","14":"product-type-simple"},"gallery_images":[3119,3118,3117,3116],"_links":{"self":[{"href":"https:\/\/xingtamachine.com\/fr\/wp-json\/wp\/v2\/product\/5582","targetHints":{"allow":["GET"]}}],"collection":[{"href":"https:\/\/xingtamachine.com\/fr\/wp-json\/wp\/v2\/product"}],"about":[{"href":"https:\/\/xingtamachine.com\/fr\/wp-json\/wp\/v2\/types\/product"}],"replies":[{"embeddable":true,"href":"https:\/\/xingtamachine.com\/fr\/wp-json\/wp\/v2\/comments?post=5582"}],"wp:featuredmedia":[{"embeddable":true,"href":"https:\/\/xingtamachine.com\/fr\/wp-json\/wp\/v2\/media\/3115"}],"wp:attachment":[{"href":"https:\/\/xingtamachine.com\/fr\/wp-json\/wp\/v2\/media?parent=5582"}],"wp:term":[{"taxonomy":"product_brand","embeddable":true,"href":"https:\/\/xingtamachine.com\/fr\/wp-json\/wp\/v2\/product_brand?post=5582"},{"taxonomy":"product_cat","embeddable":true,"href":"https:\/\/xingtamachine.com\/fr\/wp-json\/wp\/v2\/product_cat?post=5582"},{"taxonomy":"product_tag","embeddable":true,"href":"https:\/\/xingtamachine.com\/fr\/wp-json\/wp\/v2\/product_tag?post=5582"}],"curies":[{"name":"wp","href":"https:\/\/api.w.org\/{rel}","templated":true}]}}