{"id":5576,"date":"2025-08-04T02:55:44","date_gmt":"2025-08-04T02:55:44","guid":{"rendered":"https:\/\/xingtamachine.com\/product\/7000b-machine-hydraulique-personnalisable-pour-la-fabrication-de-briques-en-terre-cuite\/"},"modified":"2025-08-04T02:55:44","modified_gmt":"2025-08-04T02:55:44","slug":"7000b-machine-hydraulique-personnalisable-pour-la-fabrication-de-briques-en-terre-cuite","status":"publish","type":"product","link":"https:\/\/xingtamachine.com\/fr\/produit\/7000b-machine-hydraulique-personnalisable-pour-la-fabrication-de-briques-en-terre-cuite\/","title":{"rendered":"7000B Machine hydraulique personnalisable pour la fabrication de briques en terre cuite"},"content":{"rendered":"","protected":false},"excerpt":{"rendered":"<p>7000B Ce mod\u00e8le convient \u00e0 tous les clients. Conception raisonnable de la machine principale et du d\u00e9moulage hydraulique. Acier de haute qualit\u00e9 et soudage de pr\u00e9cision pour prolonger la dur\u00e9e de vie.  <\/p>\n<p>la machine, et le syst\u00e8me hydraulique pr\u00e9sente moins de d\u00e9faillances pendant le processus de travail<\/p>\n<table width=\"906\">\n<tbody>\n<tr>\n<td width=\"440\">Dimensions hors tout<\/td>\n<td width=\"466\">1700*1600*1800mm<\/td>\n<\/tr>\n<tr>\n<td width=\"440\">Pression de service du syst\u00e8me hydraulique<\/td>\n<td width=\"466\">12-16MPa<\/td>\n<\/tr>\n<tr>\n<td width=\"440\">M\u00e9thode de formage<\/td>\n<td width=\"466\">Pression hydrostatique<\/td>\n<\/tr>\n<tr>\n<td width=\"440\">Sp\u00e9cifications maximales du produit<\/td>\n<td width=\"466\">300*150*100mm<\/td>\n<\/tr>\n<tr>\n<td width=\"440\">Puissance<\/td>\n<td width=\"466\">9KW<\/td>\n<\/tr>\n<tr>\n<td width=\"440\">Hauteur du produit<\/td>\n<td width=\"466\">60-100mm<\/td>\n<\/tr>\n<tr>\n<td width=\"440\">Quantit\u00e9 moul\u00e9e<\/td>\n<td width=\"466\">4 pi\u00e8ces\/une fois<\/td>\n<\/tr>\n<tr>\n<td width=\"440\">Poids<\/td>\n<td width=\"466\">1200KG<\/td>\n<\/tr>\n<tr>\n<td width=\"440\">Production quotidienne<\/td>\n<td width=\"466\">6000\/8h<\/td>\n<\/tr>\n<tr>\n<td width=\"440\">Volume du r\u00e9servoir de carburant<\/td>\n<td width=\"466\">100L<\/td>\n<\/tr>\n<tr>\n<td width=\"440\">Mati\u00e8res premi\u00e8res<\/td>\n<td width=\"466\">Ciment, petits cailloux, nitrate de pierre, poudre de pierre,<br \/>\nsable jaune, gangue, scories, scories, scories hydrauliques d&rsquo;acier,<br \/>\nscories, cendres volantes, gr\u00e8s, d\u00e9chets de construction, etc.<\/td>\n<\/tr>\n<\/tbody>\n<\/table>\n","protected":false},"featured_media":3441,"comment_status":"open","ping_status":"closed","template":"","meta":{"site-sidebar-layout":"default","site-content-layout":"","ast-site-content-layout":"default","site-content-style":"default","site-sidebar-style":"default","ast-global-header-display":"","ast-banner-title-visibility":"","ast-main-header-display":"","ast-hfb-above-header-display":"","ast-hfb-below-header-display":"","ast-hfb-mobile-header-display":"","site-post-title":"","ast-breadcrumbs-content":"","ast-featured-img":"","footer-sml-layout":"","theme-transparent-header-meta":"default","adv-header-id-meta":"","stick-header-meta":"","header-above-stick-meta":"","header-main-stick-meta":"","header-below-stick-meta":"","astra-migrate-meta-layouts":"default","ast-page-background-enabled":"default","ast-page-background-meta":{"desktop":{"background-color":"var(--ast-global-color-4)","background-image":"","background-repeat":"repeat","background-position":"center center","background-size":"auto","background-attachment":"scroll","background-type":"","background-media":"","overlay-type":"","overlay-color":"","overlay-opacity":"","overlay-gradient":""},"tablet":{"background-color":"","background-image":"","background-repeat":"repeat","background-position":"center center","background-size":"auto","background-attachment":"scroll","background-type":"","background-media":"","overlay-type":"","overlay-color":"","overlay-opacity":"","overlay-gradient":""},"mobile":{"background-color":"","background-image":"","background-repeat":"repeat","background-position":"center center","background-size":"auto","background-attachment":"scroll","background-type":"","background-media":"","overlay-type":"","overlay-color":"","overlay-opacity":"","overlay-gradient":""}},"ast-content-background-meta":{"desktop":{"background-color":"var(--ast-global-color-5)","background-image":"","background-repeat":"repeat","background-position":"center center","background-size":"auto","background-attachment":"scroll","background-type":"","background-media":"","overlay-type":"","overlay-color":"","overlay-opacity":"","overlay-gradient":""},"tablet":{"background-color":"var(--ast-global-color-5)","background-image":"","background-repeat":"repeat","background-position":"center center","background-size":"auto","background-attachment":"scroll","background-type":"","background-media":"","overlay-type":"","overlay-color":"","overlay-opacity":"","overlay-gradient":""},"mobile":{"background-color":"var(--ast-global-color-5)","background-image":"","background-repeat":"repeat","background-position":"center center","background-size":"auto","background-attachment":"scroll","background-type":"","background-media":"","overlay-type":"","overlay-color":"","overlay-opacity":"","overlay-gradient":""}}},"product_brand":[],"product_cat":[119],"product_tag":[],"class_list":{"0":"post-5576","1":"product","2":"type-product","3":"status-publish","4":"has-post-thumbnail","6":"product_cat-machine-a-blocs-non-mobile","7":"desktop-align-left","8":"tablet-align-left","9":"mobile-align-left","11":"first","12":"instock","13":"shipping-taxable","14":"product-type-simple"},"gallery_images":[3439,3438,3440,3437],"_links":{"self":[{"href":"https:\/\/xingtamachine.com\/fr\/wp-json\/wp\/v2\/product\/5576","targetHints":{"allow":["GET"]}}],"collection":[{"href":"https:\/\/xingtamachine.com\/fr\/wp-json\/wp\/v2\/product"}],"about":[{"href":"https:\/\/xingtamachine.com\/fr\/wp-json\/wp\/v2\/types\/product"}],"replies":[{"embeddable":true,"href":"https:\/\/xingtamachine.com\/fr\/wp-json\/wp\/v2\/comments?post=5576"}],"wp:featuredmedia":[{"embeddable":true,"href":"https:\/\/xingtamachine.com\/fr\/wp-json\/wp\/v2\/media\/3441"}],"wp:attachment":[{"href":"https:\/\/xingtamachine.com\/fr\/wp-json\/wp\/v2\/media?parent=5576"}],"wp:term":[{"taxonomy":"product_brand","embeddable":true,"href":"https:\/\/xingtamachine.com\/fr\/wp-json\/wp\/v2\/product_brand?post=5576"},{"taxonomy":"product_cat","embeddable":true,"href":"https:\/\/xingtamachine.com\/fr\/wp-json\/wp\/v2\/product_cat?post=5576"},{"taxonomy":"product_tag","embeddable":true,"href":"https:\/\/xingtamachine.com\/fr\/wp-json\/wp\/v2\/product_tag?post=5576"}],"curies":[{"name":"wp","href":"https:\/\/api.w.org\/{rel}","templated":true}]}}