{"id":5565,"date":"2025-08-04T05:28:37","date_gmt":"2025-08-04T05:28:37","guid":{"rendered":"https:\/\/xingtamachine.com\/product\/3-35-ligne-de-production-de-briques-entierement-automatisee\/"},"modified":"2025-08-04T05:28:37","modified_gmt":"2025-08-04T05:28:37","slug":"3-35-ligne-de-production-de-briques-entierement-automatisee","status":"publish","type":"product","link":"https:\/\/xingtamachine.com\/fr\/produit\/3-35-ligne-de-production-de-briques-entierement-automatisee\/","title":{"rendered":"3-35 Ligne de production de briques enti\u00e8rement automatis\u00e9e"},"content":{"rendered":"","protected":false},"excerpt":{"rendered":"<p>Technologie \u00e9lectrohydraulique int\u00e9gr\u00e9e, syst\u00e8me d&rsquo;alarme en cas de d\u00e9faillance, enregistrement automatique des formules, utilisation pratique et haute efficacit\u00e9, syst\u00e8me de verrouillage automatique, performances de fonctionnement hautement s\u00e9curis\u00e9es.<\/p>\n<table width=\"878\">\n<tbody>\n<tr>\n<td width=\"375\">Fr\u00e9quence de vibration<\/td>\n<td width=\"503\">4000-4200 (fois\/sous)<\/td>\n<\/tr>\n<tr>\n<td width=\"375\">Poids total<\/td>\n<td width=\"503\">2.9t<\/td>\n<\/tr>\n<tr>\n<td width=\"375\">Dimensions<\/td>\n<td width=\"503\">4000*3500*2300mm<\/td>\n<\/tr>\n<tr>\n<td width=\"375\">Cycle de moulage<\/td>\n<td width=\"503\">20-30(s)<\/td>\n<\/tr>\n<tr>\n<td width=\"375\">Dimensions de la palette<\/td>\n<td width=\"503\">680*535*30mm<\/td>\n<\/tr>\n<tr>\n<td width=\"375\">Capacit\u00e9 install\u00e9e<\/td>\n<td width=\"503\">21.15kw<\/td>\n<\/tr>\n<tr>\n<td width=\"375\">Nombre par module (pi\u00e8ces\/moule)<\/td>\n<td width=\"503\">Brique creuse (390 \u00d7 190 \u00d7 190 mm) 3 pi\u00e8ces\/moule<br \/>\nBrique standard (240 \u00d7 52 \u00d7 115 mm) 20 pi\u00e8ces\/moule<\/td>\n<\/tr>\n<\/tbody>\n<\/table>\n","protected":false},"featured_media":3452,"comment_status":"open","ping_status":"closed","template":"","meta":{"site-sidebar-layout":"default","site-content-layout":"","ast-site-content-layout":"default","site-content-style":"default","site-sidebar-style":"default","ast-global-header-display":"","ast-banner-title-visibility":"","ast-main-header-display":"","ast-hfb-above-header-display":"","ast-hfb-below-header-display":"","ast-hfb-mobile-header-display":"","site-post-title":"","ast-breadcrumbs-content":"","ast-featured-img":"","footer-sml-layout":"","theme-transparent-header-meta":"default","adv-header-id-meta":"","stick-header-meta":"","header-above-stick-meta":"","header-main-stick-meta":"","header-below-stick-meta":"","astra-migrate-meta-layouts":"default","ast-page-background-enabled":"default","ast-page-background-meta":{"desktop":{"background-color":"var(--ast-global-color-4)","background-image":"","background-repeat":"repeat","background-position":"center center","background-size":"auto","background-attachment":"scroll","background-type":"","background-media":"","overlay-type":"","overlay-color":"","overlay-opacity":"","overlay-gradient":""},"tablet":{"background-color":"","background-image":"","background-repeat":"repeat","background-position":"center center","background-size":"auto","background-attachment":"scroll","background-type":"","background-media":"","overlay-type":"","overlay-color":"","overlay-opacity":"","overlay-gradient":""},"mobile":{"background-color":"","background-image":"","background-repeat":"repeat","background-position":"center center","background-size":"auto","background-attachment":"scroll","background-type":"","background-media":"","overlay-type":"","overlay-color":"","overlay-opacity":"","overlay-gradient":""}},"ast-content-background-meta":{"desktop":{"background-color":"var(--ast-global-color-5)","background-image":"","background-repeat":"repeat","background-position":"center center","background-size":"auto","background-attachment":"scroll","background-type":"","background-media":"","overlay-type":"","overlay-color":"","overlay-opacity":"","overlay-gradient":""},"tablet":{"background-color":"var(--ast-global-color-5)","background-image":"","background-repeat":"repeat","background-position":"center center","background-size":"auto","background-attachment":"scroll","background-type":"","background-media":"","overlay-type":"","overlay-color":"","overlay-opacity":"","overlay-gradient":""},"mobile":{"background-color":"var(--ast-global-color-5)","background-image":"","background-repeat":"repeat","background-position":"center center","background-size":"auto","background-attachment":"scroll","background-type":"","background-media":"","overlay-type":"","overlay-color":"","overlay-opacity":"","overlay-gradient":""}}},"product_brand":[],"product_cat":[119],"product_tag":[],"class_list":{"0":"post-5565","1":"product","2":"type-product","3":"status-publish","4":"has-post-thumbnail","6":"product_cat-machine-a-blocs-non-mobile","7":"desktop-align-left","8":"tablet-align-left","9":"mobile-align-left","11":"first","12":"instock","13":"shipping-taxable","14":"product-type-simple"},"gallery_images":[3453],"_links":{"self":[{"href":"https:\/\/xingtamachine.com\/fr\/wp-json\/wp\/v2\/product\/5565","targetHints":{"allow":["GET"]}}],"collection":[{"href":"https:\/\/xingtamachine.com\/fr\/wp-json\/wp\/v2\/product"}],"about":[{"href":"https:\/\/xingtamachine.com\/fr\/wp-json\/wp\/v2\/types\/product"}],"replies":[{"embeddable":true,"href":"https:\/\/xingtamachine.com\/fr\/wp-json\/wp\/v2\/comments?post=5565"}],"wp:featuredmedia":[{"embeddable":true,"href":"https:\/\/xingtamachine.com\/fr\/wp-json\/wp\/v2\/media\/3452"}],"wp:attachment":[{"href":"https:\/\/xingtamachine.com\/fr\/wp-json\/wp\/v2\/media?parent=5565"}],"wp:term":[{"taxonomy":"product_brand","embeddable":true,"href":"https:\/\/xingtamachine.com\/fr\/wp-json\/wp\/v2\/product_brand?post=5565"},{"taxonomy":"product_cat","embeddable":true,"href":"https:\/\/xingtamachine.com\/fr\/wp-json\/wp\/v2\/product_cat?post=5565"},{"taxonomy":"product_tag","embeddable":true,"href":"https:\/\/xingtamachine.com\/fr\/wp-json\/wp\/v2\/product_tag?post=5565"}],"curies":[{"name":"wp","href":"https:\/\/api.w.org\/{rel}","templated":true}]}}