{"id":5559,"date":"2025-08-04T06:33:17","date_gmt":"2025-08-04T06:33:17","guid":{"rendered":"https:\/\/xingtamachine.com\/product\/10-15-machines-automatiques-pour-la-fabrication-de-briques\/"},"modified":"2025-08-04T06:33:17","modified_gmt":"2025-08-04T06:33:17","slug":"10-15-machines-automatiques-pour-la-fabrication-de-briques","status":"publish","type":"product","link":"https:\/\/xingtamachine.com\/fr\/produit\/10-15-machines-automatiques-pour-la-fabrication-de-briques\/","title":{"rendered":"10-15 machines automatiques pour la fabrication de briques"},"content":{"rendered":"","protected":false},"excerpt":{"rendered":"<p>Syst\u00e8me hydraulique \u00e0 double proportionnalit\u00e9 \u00e0 haut rendement, pompe \u00e0 palettes (plus efficace et \u00e9conome en \u00e9nergie), technologie \u00e9lectro-hydraulique int\u00e9gr\u00e9e. Syst\u00e8me d&rsquo;alarme de d\u00e9faut, la formule est automatiquement enregistr\u00e9e pour un fonctionnement pratique et une efficacit\u00e9 \u00e9lev\u00e9e, syst\u00e8me de verrouillage automatique, performances de fonctionnement hautement s\u00e9curis\u00e9es, processus sp\u00e9cial de traitement thermique de carburation (moule plus r\u00e9sistant \u00e0 l&rsquo;usure, longue dur\u00e9e de vie, haute r\u00e9sistance).<\/p>\n<table width=\"888\">\n<tbody>\n<tr>\n<td width=\"373\">Fr\u00e9quence de vibration<\/td>\n<td width=\"515\">3800-4500 (fois\/sous)<\/td>\n<\/tr>\n<tr>\n<td width=\"373\">Poids total<\/td>\n<td width=\"515\">12(t)<\/td>\n<\/tr>\n<tr>\n<td width=\"373\">Dimensions<\/td>\n<td width=\"515\">7400*2300*3000mm<\/td>\n<\/tr>\n<tr>\n<td width=\"373\">Cycle de moulage<\/td>\n<td width=\"515\">15-23(s)<\/td>\n<\/tr>\n<tr>\n<td width=\"373\">Dimensions de la palette<\/td>\n<td width=\"515\">1100*900*30mm<\/td>\n<\/tr>\n<tr>\n<td width=\"373\">Capacit\u00e9 install\u00e9e<\/td>\n<td width=\"515\">49.85(kw)<\/td>\n<\/tr>\n<tr>\n<td width=\"373\">Nombre par module (pi\u00e8ces\/moule)<\/td>\n<td width=\"515\">Brique creuse (390 \u00d7 190 \u00d7 190 mm) 10 pi\u00e8ces\/moule<br \/>\nBrique standard (240 \u00d7 52 \u00d7 115 mm) 54 pi\u00e8ces\/moule<\/td>\n<\/tr>\n<\/tbody>\n<\/table>\n","protected":false},"featured_media":3461,"comment_status":"open","ping_status":"closed","template":"","meta":{"site-sidebar-layout":"default","site-content-layout":"","ast-site-content-layout":"default","site-content-style":"default","site-sidebar-style":"default","ast-global-header-display":"","ast-banner-title-visibility":"","ast-main-header-display":"","ast-hfb-above-header-display":"","ast-hfb-below-header-display":"","ast-hfb-mobile-header-display":"","site-post-title":"","ast-breadcrumbs-content":"","ast-featured-img":"","footer-sml-layout":"","theme-transparent-header-meta":"default","adv-header-id-meta":"","stick-header-meta":"","header-above-stick-meta":"","header-main-stick-meta":"","header-below-stick-meta":"","astra-migrate-meta-layouts":"default","ast-page-background-enabled":"default","ast-page-background-meta":{"desktop":{"background-color":"var(--ast-global-color-4)","background-image":"","background-repeat":"repeat","background-position":"center center","background-size":"auto","background-attachment":"scroll","background-type":"","background-media":"","overlay-type":"","overlay-color":"","overlay-opacity":"","overlay-gradient":""},"tablet":{"background-color":"","background-image":"","background-repeat":"repeat","background-position":"center center","background-size":"auto","background-attachment":"scroll","background-type":"","background-media":"","overlay-type":"","overlay-color":"","overlay-opacity":"","overlay-gradient":""},"mobile":{"background-color":"","background-image":"","background-repeat":"repeat","background-position":"center center","background-size":"auto","background-attachment":"scroll","background-type":"","background-media":"","overlay-type":"","overlay-color":"","overlay-opacity":"","overlay-gradient":""}},"ast-content-background-meta":{"desktop":{"background-color":"var(--ast-global-color-5)","background-image":"","background-repeat":"repeat","background-position":"center center","background-size":"auto","background-attachment":"scroll","background-type":"","background-media":"","overlay-type":"","overlay-color":"","overlay-opacity":"","overlay-gradient":""},"tablet":{"background-color":"var(--ast-global-color-5)","background-image":"","background-repeat":"repeat","background-position":"center center","background-size":"auto","background-attachment":"scroll","background-type":"","background-media":"","overlay-type":"","overlay-color":"","overlay-opacity":"","overlay-gradient":""},"mobile":{"background-color":"var(--ast-global-color-5)","background-image":"","background-repeat":"repeat","background-position":"center center","background-size":"auto","background-attachment":"scroll","background-type":"","background-media":"","overlay-type":"","overlay-color":"","overlay-opacity":"","overlay-gradient":""}}},"product_brand":[],"product_cat":[119],"product_tag":[],"class_list":{"0":"post-5559","1":"product","2":"type-product","3":"status-publish","4":"has-post-thumbnail","6":"product_cat-machine-a-blocs-non-mobile","7":"desktop-align-left","8":"tablet-align-left","9":"mobile-align-left","11":"first","12":"instock","13":"shipping-taxable","14":"product-type-simple"},"gallery_images":[],"_links":{"self":[{"href":"https:\/\/xingtamachine.com\/fr\/wp-json\/wp\/v2\/product\/5559","targetHints":{"allow":["GET"]}}],"collection":[{"href":"https:\/\/xingtamachine.com\/fr\/wp-json\/wp\/v2\/product"}],"about":[{"href":"https:\/\/xingtamachine.com\/fr\/wp-json\/wp\/v2\/types\/product"}],"replies":[{"embeddable":true,"href":"https:\/\/xingtamachine.com\/fr\/wp-json\/wp\/v2\/comments?post=5559"}],"wp:featuredmedia":[{"embeddable":true,"href":"https:\/\/xingtamachine.com\/fr\/wp-json\/wp\/v2\/media\/3461"}],"wp:attachment":[{"href":"https:\/\/xingtamachine.com\/fr\/wp-json\/wp\/v2\/media?parent=5559"}],"wp:term":[{"taxonomy":"product_brand","embeddable":true,"href":"https:\/\/xingtamachine.com\/fr\/wp-json\/wp\/v2\/product_brand?post=5559"},{"taxonomy":"product_cat","embeddable":true,"href":"https:\/\/xingtamachine.com\/fr\/wp-json\/wp\/v2\/product_cat?post=5559"},{"taxonomy":"product_tag","embeddable":true,"href":"https:\/\/xingtamachine.com\/fr\/wp-json\/wp\/v2\/product_tag?post=5559"}],"curies":[{"name":"wp","href":"https:\/\/api.w.org\/{rel}","templated":true}]}}