{"id":5555,"date":"2025-08-04T07:04:47","date_gmt":"2025-08-04T07:04:47","guid":{"rendered":"https:\/\/xingtamachine.com\/product\/machine-de-fabrication-de-blocs-creux-en-beton-pour-la-ponte-de-5-a-15-oeufs\/"},"modified":"2025-08-04T07:04:47","modified_gmt":"2025-08-04T07:04:47","slug":"machine-de-fabrication-de-blocs-creux-en-beton-pour-la-ponte-de-5-a-15-oeufs","status":"publish","type":"product","link":"https:\/\/xingtamachine.com\/fr\/produit\/machine-de-fabrication-de-blocs-creux-en-beton-pour-la-ponte-de-5-a-15-oeufs\/","title":{"rendered":"Machine de fabrication de blocs creux en b\u00e9ton pour la ponte de 5 \u00e0 15 \u0153ufs"},"content":{"rendered":"","protected":false},"excerpt":{"rendered":"<p>Syst\u00e8me hydraulique \u00e0 double proportionnalit\u00e9 \u00e0 haut rendement et pompe \u00e0 palettes (plus efficace et \u00e9conome en \u00e9nergie), technologie \u00e9lectro-hydraulique int\u00e9gr\u00e9e. Syst\u00e8me d&rsquo;alarme en cas de d\u00e9faillance, la formule est automatiquement enregistr\u00e9e pour un fonctionnement pratique et un rendement \u00e9lev\u00e9, syst\u00e8me de verrouillage automatique, performances de fonctionnement tr\u00e8s s\u00fbres, proc\u00e9d\u00e9 sp\u00e9cial de traitement thermique de carburation (moule plus r\u00e9sistant \u00e0 l&rsquo;usure, longue dur\u00e9e de vie, haute r\u00e9sistance). <\/p>\n<table width=\"888\">\n<tbody>\n<tr>\n<td width=\"373\">Fr\u00e9quence de vibration<\/td>\n<td width=\"515\">4500-5100 (fois\/sous)<\/td>\n<\/tr>\n<tr>\n<td width=\"373\">Poids total<\/td>\n<td width=\"515\">7.5(t)<\/td>\n<\/tr>\n<tr>\n<td width=\"373\">Dimensions<\/td>\n<td width=\"515\">4300\u00d72110\u00d72800(mm)<\/td>\n<\/tr>\n<tr>\n<td width=\"373\">Cycle de moulage<\/td>\n<td width=\"515\">15-23(s)<\/td>\n<\/tr>\n<tr>\n<td width=\"373\">Dimensions de la palette<\/td>\n<td width=\"515\">1200\u00d7570\u00d730(mm)<\/td>\n<\/tr>\n<tr>\n<td width=\"373\">Capacit\u00e9 install\u00e9e<\/td>\n<td width=\"515\">33.35(kw)<\/td>\n<\/tr>\n<tr>\n<td width=\"373\">Nombre par module (pi\u00e8ces\/moule)<\/td>\n<td width=\"515\">Brique creuse (390 \u00d7 190 \u00d7 190 mm) 5 pi\u00e8ces\/moule<br \/>\nBrique standard (240 \u00d7 52 \u00d7 115 mm) 32 pi\u00e8ces\/moule<\/td>\n<\/tr>\n<\/tbody>\n<\/table>\n","protected":false},"featured_media":3465,"comment_status":"open","ping_status":"closed","template":"","meta":{"site-sidebar-layout":"default","site-content-layout":"","ast-site-content-layout":"default","site-content-style":"default","site-sidebar-style":"default","ast-global-header-display":"","ast-banner-title-visibility":"","ast-main-header-display":"","ast-hfb-above-header-display":"","ast-hfb-below-header-display":"","ast-hfb-mobile-header-display":"","site-post-title":"","ast-breadcrumbs-content":"","ast-featured-img":"","footer-sml-layout":"","theme-transparent-header-meta":"default","adv-header-id-meta":"","stick-header-meta":"","header-above-stick-meta":"","header-main-stick-meta":"","header-below-stick-meta":"","astra-migrate-meta-layouts":"default","ast-page-background-enabled":"default","ast-page-background-meta":{"desktop":{"background-color":"var(--ast-global-color-4)","background-image":"","background-repeat":"repeat","background-position":"center center","background-size":"auto","background-attachment":"scroll","background-type":"","background-media":"","overlay-type":"","overlay-color":"","overlay-opacity":"","overlay-gradient":""},"tablet":{"background-color":"","background-image":"","background-repeat":"repeat","background-position":"center center","background-size":"auto","background-attachment":"scroll","background-type":"","background-media":"","overlay-type":"","overlay-color":"","overlay-opacity":"","overlay-gradient":""},"mobile":{"background-color":"","background-image":"","background-repeat":"repeat","background-position":"center center","background-size":"auto","background-attachment":"scroll","background-type":"","background-media":"","overlay-type":"","overlay-color":"","overlay-opacity":"","overlay-gradient":""}},"ast-content-background-meta":{"desktop":{"background-color":"var(--ast-global-color-5)","background-image":"","background-repeat":"repeat","background-position":"center center","background-size":"auto","background-attachment":"scroll","background-type":"","background-media":"","overlay-type":"","overlay-color":"","overlay-opacity":"","overlay-gradient":""},"tablet":{"background-color":"var(--ast-global-color-5)","background-image":"","background-repeat":"repeat","background-position":"center center","background-size":"auto","background-attachment":"scroll","background-type":"","background-media":"","overlay-type":"","overlay-color":"","overlay-opacity":"","overlay-gradient":""},"mobile":{"background-color":"var(--ast-global-color-5)","background-image":"","background-repeat":"repeat","background-position":"center center","background-size":"auto","background-attachment":"scroll","background-type":"","background-media":"","overlay-type":"","overlay-color":"","overlay-opacity":"","overlay-gradient":""}}},"product_brand":[],"product_cat":[119],"product_tag":[],"class_list":{"0":"post-5555","1":"product","2":"type-product","3":"status-publish","4":"has-post-thumbnail","6":"product_cat-machine-a-blocs-non-mobile","7":"desktop-align-left","8":"tablet-align-left","9":"mobile-align-left","11":"first","12":"instock","13":"shipping-taxable","14":"product-type-simple"},"gallery_images":[],"_links":{"self":[{"href":"https:\/\/xingtamachine.com\/fr\/wp-json\/wp\/v2\/product\/5555","targetHints":{"allow":["GET"]}}],"collection":[{"href":"https:\/\/xingtamachine.com\/fr\/wp-json\/wp\/v2\/product"}],"about":[{"href":"https:\/\/xingtamachine.com\/fr\/wp-json\/wp\/v2\/types\/product"}],"replies":[{"embeddable":true,"href":"https:\/\/xingtamachine.com\/fr\/wp-json\/wp\/v2\/comments?post=5555"}],"wp:featuredmedia":[{"embeddable":true,"href":"https:\/\/xingtamachine.com\/fr\/wp-json\/wp\/v2\/media\/3465"}],"wp:attachment":[{"href":"https:\/\/xingtamachine.com\/fr\/wp-json\/wp\/v2\/media?parent=5555"}],"wp:term":[{"taxonomy":"product_brand","embeddable":true,"href":"https:\/\/xingtamachine.com\/fr\/wp-json\/wp\/v2\/product_brand?post=5555"},{"taxonomy":"product_cat","embeddable":true,"href":"https:\/\/xingtamachine.com\/fr\/wp-json\/wp\/v2\/product_cat?post=5555"},{"taxonomy":"product_tag","embeddable":true,"href":"https:\/\/xingtamachine.com\/fr\/wp-json\/wp\/v2\/product_tag?post=5555"}],"curies":[{"name":"wp","href":"https:\/\/api.w.org\/{rel}","templated":true}]}}