{"id":5551,"date":"2025-08-04T07:23:45","date_gmt":"2025-08-04T07:23:45","guid":{"rendered":"https:\/\/xingtamachine.com\/product\/4-15-machine-automatique-de-fabrication-de-blocs-hydrauliques\/"},"modified":"2025-08-04T07:23:45","modified_gmt":"2025-08-04T07:23:45","slug":"4-15-machine-automatique-de-fabrication-de-blocs-hydrauliques","status":"publish","type":"product","link":"https:\/\/xingtamachine.com\/fr\/produit\/4-15-machine-automatique-de-fabrication-de-blocs-hydrauliques\/","title":{"rendered":"4-15 Machine automatique de fabrication de blocs hydrauliques"},"content":{"rendered":"","protected":false},"excerpt":{"rendered":"<p>La production des blocs utilise un tissu de cibrage \u00e0 table, qui se d\u00e9place de haut en bas pour former les blocs. La vitesse de formation des blocs est rapide, la densit\u00e9 est \u00e9lev\u00e9e et la r\u00e9sistance est importante.<\/p>\n<table width=\"880\">\n<tbody>\n<tr>\n<td width=\"377\">Fr\u00e9quence de vibration<\/td>\n<td width=\"503\">3800-4000 (fois\/sous)<\/td>\n<\/tr>\n<tr>\n<td width=\"377\">Poids total<\/td>\n<td width=\"503\">3.2t<\/td>\n<\/tr>\n<tr>\n<td width=\"377\">Dimensions<\/td>\n<td width=\"503\">3200*2100*2350mm<\/td>\n<\/tr>\n<tr>\n<td width=\"377\">Cycle de moulage<\/td>\n<td width=\"503\">15-25(s)<\/td>\n<\/tr>\n<tr>\n<td width=\"377\">Dimensions de la palette<\/td>\n<td width=\"503\">900*550*35mm<\/td>\n<\/tr>\n<tr>\n<td width=\"377\">Capacit\u00e9 install\u00e9e<\/td>\n<td width=\"503\">17.9kw<\/td>\n<\/tr>\n<tr>\n<td width=\"377\">Nombre par module (pi\u00e8ces\/moule)<\/td>\n<td width=\"503\">Brique creuse (390 \u00d7 190 \u00d7 190 mm) 4 pi\u00e8ces\/moule<br \/>\nBrique standard (240 \u00d7 52 \u00d7 115 mm) 28 pi\u00e8ces\/moule<\/td>\n<\/tr>\n<\/tbody>\n<\/table>\n","protected":false},"featured_media":3472,"comment_status":"open","ping_status":"closed","template":"","meta":{"site-sidebar-layout":"default","site-content-layout":"","ast-site-content-layout":"default","site-content-style":"default","site-sidebar-style":"default","ast-global-header-display":"","ast-banner-title-visibility":"","ast-main-header-display":"","ast-hfb-above-header-display":"","ast-hfb-below-header-display":"","ast-hfb-mobile-header-display":"","site-post-title":"","ast-breadcrumbs-content":"","ast-featured-img":"","footer-sml-layout":"","theme-transparent-header-meta":"default","adv-header-id-meta":"","stick-header-meta":"","header-above-stick-meta":"","header-main-stick-meta":"","header-below-stick-meta":"","astra-migrate-meta-layouts":"default","ast-page-background-enabled":"default","ast-page-background-meta":{"desktop":{"background-color":"var(--ast-global-color-4)","background-image":"","background-repeat":"repeat","background-position":"center center","background-size":"auto","background-attachment":"scroll","background-type":"","background-media":"","overlay-type":"","overlay-color":"","overlay-opacity":"","overlay-gradient":""},"tablet":{"background-color":"","background-image":"","background-repeat":"repeat","background-position":"center center","background-size":"auto","background-attachment":"scroll","background-type":"","background-media":"","overlay-type":"","overlay-color":"","overlay-opacity":"","overlay-gradient":""},"mobile":{"background-color":"","background-image":"","background-repeat":"repeat","background-position":"center center","background-size":"auto","background-attachment":"scroll","background-type":"","background-media":"","overlay-type":"","overlay-color":"","overlay-opacity":"","overlay-gradient":""}},"ast-content-background-meta":{"desktop":{"background-color":"var(--ast-global-color-5)","background-image":"","background-repeat":"repeat","background-position":"center center","background-size":"auto","background-attachment":"scroll","background-type":"","background-media":"","overlay-type":"","overlay-color":"","overlay-opacity":"","overlay-gradient":""},"tablet":{"background-color":"var(--ast-global-color-5)","background-image":"","background-repeat":"repeat","background-position":"center center","background-size":"auto","background-attachment":"scroll","background-type":"","background-media":"","overlay-type":"","overlay-color":"","overlay-opacity":"","overlay-gradient":""},"mobile":{"background-color":"var(--ast-global-color-5)","background-image":"","background-repeat":"repeat","background-position":"center center","background-size":"auto","background-attachment":"scroll","background-type":"","background-media":"","overlay-type":"","overlay-color":"","overlay-opacity":"","overlay-gradient":""}}},"product_brand":[],"product_cat":[119],"product_tag":[],"class_list":{"0":"post-5551","1":"product","2":"type-product","3":"status-publish","4":"has-post-thumbnail","6":"product_cat-machine-a-blocs-non-mobile","7":"desktop-align-left","8":"tablet-align-left","9":"mobile-align-left","11":"first","12":"instock","13":"featured","14":"shipping-taxable","15":"product-type-simple"},"gallery_images":[3471,3470],"_links":{"self":[{"href":"https:\/\/xingtamachine.com\/fr\/wp-json\/wp\/v2\/product\/5551","targetHints":{"allow":["GET"]}}],"collection":[{"href":"https:\/\/xingtamachine.com\/fr\/wp-json\/wp\/v2\/product"}],"about":[{"href":"https:\/\/xingtamachine.com\/fr\/wp-json\/wp\/v2\/types\/product"}],"replies":[{"embeddable":true,"href":"https:\/\/xingtamachine.com\/fr\/wp-json\/wp\/v2\/comments?post=5551"}],"wp:featuredmedia":[{"embeddable":true,"href":"https:\/\/xingtamachine.com\/fr\/wp-json\/wp\/v2\/media\/3472"}],"wp:attachment":[{"href":"https:\/\/xingtamachine.com\/fr\/wp-json\/wp\/v2\/media?parent=5551"}],"wp:term":[{"taxonomy":"product_brand","embeddable":true,"href":"https:\/\/xingtamachine.com\/fr\/wp-json\/wp\/v2\/product_brand?post=5551"},{"taxonomy":"product_cat","embeddable":true,"href":"https:\/\/xingtamachine.com\/fr\/wp-json\/wp\/v2\/product_cat?post=5551"},{"taxonomy":"product_tag","embeddable":true,"href":"https:\/\/xingtamachine.com\/fr\/wp-json\/wp\/v2\/product_tag?post=5551"}],"curies":[{"name":"wp","href":"https:\/\/api.w.org\/{rel}","templated":true}]}}