{"id":5545,"date":"2025-08-04T07:31:49","date_gmt":"2025-08-04T07:31:49","guid":{"rendered":"https:\/\/xingtamachine.com\/product\/bra-machine-a-briques-en-argile-a-commande-manuelle\/"},"modified":"2025-08-04T07:31:49","modified_gmt":"2025-08-04T07:31:49","slug":"bra-machine-a-briques-en-argile-a-commande-manuelle","status":"publish","type":"product","link":"https:\/\/xingtamachine.com\/fr\/produit\/bra-machine-a-briques-en-argile-a-commande-manuelle\/","title":{"rendered":"BRA Machine \u00e0 briques en argile \u00e0 commande manuelle"},"content":{"rendered":"","protected":false},"excerpt":{"rendered":"<p>La machine \u00e0 briques en argile manuelle BRA est actionn\u00e9e \u00e0 la main. L&rsquo;avantage est que le co\u00fbt est tr\u00e8s faible et bon march\u00e9. L&rsquo;inconv\u00e9nient est que l&rsquo;efficacit\u00e9 du travail est relativement faible.<\/p>\n<table width=\"915\">\n<tbody>\n<tr>\n<td width=\"439\">Taille globale<\/td>\n<td width=\"476\">1600X650X1450mm<\/td>\n<\/tr>\n<tr>\n<td width=\"439\">Type de transmission<\/td>\n<td width=\"476\">Levier<\/td>\n<\/tr>\n<tr>\n<td width=\"439\">Sp\u00e9cifications maximales du produit<\/td>\n<td width=\"476\">300*150*100mm<\/td>\n<\/tr>\n<tr>\n<td width=\"439\">Poids<\/td>\n<td width=\"476\">300KG<\/td>\n<\/tr>\n<tr>\n<td width=\"439\">Cycle de moulage<\/td>\n<td width=\"476\">30S<\/td>\n<\/tr>\n<tr>\n<td width=\"439\">Mati\u00e8res premi\u00e8res<\/td>\n<td width=\"476\">Ciment, petits cailloux, nitrate de pierre, poudre de pierre,<br \/>\nsable jaune, gangue, scories, scories d&rsquo;acier hydrat\u00e9es,<br \/>\nscories, cendres volantes, gr\u00e8s, d\u00e9chets de construction, etc.<\/td>\n<\/tr>\n<\/tbody>\n<\/table>\n","protected":false},"featured_media":3482,"comment_status":"open","ping_status":"closed","template":"","meta":{"site-sidebar-layout":"default","site-content-layout":"","ast-site-content-layout":"default","site-content-style":"default","site-sidebar-style":"default","ast-global-header-display":"","ast-banner-title-visibility":"","ast-main-header-display":"","ast-hfb-above-header-display":"","ast-hfb-below-header-display":"","ast-hfb-mobile-header-display":"","site-post-title":"","ast-breadcrumbs-content":"","ast-featured-img":"","footer-sml-layout":"","theme-transparent-header-meta":"default","adv-header-id-meta":"","stick-header-meta":"","header-above-stick-meta":"","header-main-stick-meta":"","header-below-stick-meta":"","astra-migrate-meta-layouts":"default","ast-page-background-enabled":"default","ast-page-background-meta":{"desktop":{"background-color":"var(--ast-global-color-4)","background-image":"","background-repeat":"repeat","background-position":"center center","background-size":"auto","background-attachment":"scroll","background-type":"","background-media":"","overlay-type":"","overlay-color":"","overlay-opacity":"","overlay-gradient":""},"tablet":{"background-color":"","background-image":"","background-repeat":"repeat","background-position":"center center","background-size":"auto","background-attachment":"scroll","background-type":"","background-media":"","overlay-type":"","overlay-color":"","overlay-opacity":"","overlay-gradient":""},"mobile":{"background-color":"","background-image":"","background-repeat":"repeat","background-position":"center center","background-size":"auto","background-attachment":"scroll","background-type":"","background-media":"","overlay-type":"","overlay-color":"","overlay-opacity":"","overlay-gradient":""}},"ast-content-background-meta":{"desktop":{"background-color":"var(--ast-global-color-5)","background-image":"","background-repeat":"repeat","background-position":"center center","background-size":"auto","background-attachment":"scroll","background-type":"","background-media":"","overlay-type":"","overlay-color":"","overlay-opacity":"","overlay-gradient":""},"tablet":{"background-color":"var(--ast-global-color-5)","background-image":"","background-repeat":"repeat","background-position":"center center","background-size":"auto","background-attachment":"scroll","background-type":"","background-media":"","overlay-type":"","overlay-color":"","overlay-opacity":"","overlay-gradient":""},"mobile":{"background-color":"var(--ast-global-color-5)","background-image":"","background-repeat":"repeat","background-position":"center center","background-size":"auto","background-attachment":"scroll","background-type":"","background-media":"","overlay-type":"","overlay-color":"","overlay-opacity":"","overlay-gradient":""}}},"product_brand":[],"product_cat":[118],"product_tag":[],"class_list":{"0":"post-5545","1":"product","2":"type-product","3":"status-publish","4":"has-post-thumbnail","6":"product_cat-machine-a-briques-en-argile","7":"desktop-align-left","8":"tablet-align-left","9":"mobile-align-left","11":"first","12":"instock","13":"shipping-taxable","14":"product-type-simple"},"gallery_images":[3483,3484,3485,3481],"_links":{"self":[{"href":"https:\/\/xingtamachine.com\/fr\/wp-json\/wp\/v2\/product\/5545","targetHints":{"allow":["GET"]}}],"collection":[{"href":"https:\/\/xingtamachine.com\/fr\/wp-json\/wp\/v2\/product"}],"about":[{"href":"https:\/\/xingtamachine.com\/fr\/wp-json\/wp\/v2\/types\/product"}],"replies":[{"embeddable":true,"href":"https:\/\/xingtamachine.com\/fr\/wp-json\/wp\/v2\/comments?post=5545"}],"wp:featuredmedia":[{"embeddable":true,"href":"https:\/\/xingtamachine.com\/fr\/wp-json\/wp\/v2\/media\/3482"}],"wp:attachment":[{"href":"https:\/\/xingtamachine.com\/fr\/wp-json\/wp\/v2\/media?parent=5545"}],"wp:term":[{"taxonomy":"product_brand","embeddable":true,"href":"https:\/\/xingtamachine.com\/fr\/wp-json\/wp\/v2\/product_brand?post=5545"},{"taxonomy":"product_cat","embeddable":true,"href":"https:\/\/xingtamachine.com\/fr\/wp-json\/wp\/v2\/product_cat?post=5545"},{"taxonomy":"product_tag","embeddable":true,"href":"https:\/\/xingtamachine.com\/fr\/wp-json\/wp\/v2\/product_tag?post=5545"}],"curies":[{"name":"wp","href":"https:\/\/api.w.org\/{rel}","templated":true}]}}