{"id":5458,"date":"2025-08-18T02:39:42","date_gmt":"2025-08-18T02:39:42","guid":{"rendered":"https:\/\/xingtamachine.com\/product\/tracteur-de-22-chevaux-avec-demarrage-electrique\/"},"modified":"2025-08-18T02:39:42","modified_gmt":"2025-08-18T02:39:42","slug":"tracteur-de-22-chevaux-avec-demarrage-electrique","status":"publish","type":"product","link":"https:\/\/xingtamachine.com\/fr\/produit\/tracteur-de-22-chevaux-avec-demarrage-electrique\/","title":{"rendered":"Tracteur de 22 chevaux avec d\u00e9marrage \u00e9lectrique"},"content":{"rendered":"","protected":false},"excerpt":{"rendered":"<p>Outils agricoles compatibles : motoculteur, butteur, creuseur de foss\u00e9s, remorque, pompe, charrue, roue \u00e0 riz, roue \u00e0 boue, faucheuse, semoir \u00e0 ma\u00efs, semoir \u00e0 arachides, enrobeuse, semoir \u00e0 bl\u00e9, semoir, etc.<\/p>\n<table width=\"489\">\n<tbody>\n<tr>\n<td width=\"219\">Nom du produit<\/td>\n<td width=\"270\">Tracteur \u00e0 conducteur marchant<\/td>\n<\/tr>\n<tr>\n<td width=\"219\">Mod\u00e8le<\/td>\n<td width=\"270\">101\/121\/151\/61<\/td>\n<\/tr>\n<tr>\n<td width=\"219\">Puissance correspondante<\/td>\n<td width=\"270\">8-13 ch\/8-18 ch\/15-24 ch\/6-13 ch<\/td>\n<\/tr>\n<tr>\n<td width=\"219\">Traction nominale<\/td>\n<td width=\"270\">1700-2400 N<\/td>\n<\/tr>\n<tr>\n<td width=\"219\">Type de pneu<\/td>\n<td width=\"270\">5.00-10, 6.00-12, 6.00-14<\/td>\n<\/tr>\n<tr>\n<td width=\"219\">embrayage<\/td>\n<td width=\"270\">2, 3, 4 emplacements<\/td>\n<\/tr>\n<tr>\n<td width=\"219\">Quart de travail<\/td>\n<td width=\"270\">\u00ab\u00a0\u738b\u00a0\u00bb or \u00ab\u00a0\u5de5\u00a0\u00bb<\/td>\n<\/tr>\n<tr>\n<td width=\"219\">Garde au sol minimale<\/td>\n<td width=\"270\">165-210mm<\/td>\n<\/tr>\n<tr>\n<td width=\"219\">M\u00e9thode de d\u00e9marrage<\/td>\n<td width=\"270\">\u00e9lectrique\/manuel<\/td>\n<\/tr>\n<tr>\n<td>M\u00e9thode de refroidissement<\/td>\n<td>Refroidissement par eau\/condensation<\/td>\n<\/tr>\n<\/tbody>\n<\/table>\n","protected":false},"featured_media":3838,"comment_status":"open","ping_status":"closed","template":"","meta":{"site-sidebar-layout":"default","site-content-layout":"","ast-site-content-layout":"default","site-content-style":"default","site-sidebar-style":"default","ast-global-header-display":"","ast-banner-title-visibility":"","ast-main-header-display":"","ast-hfb-above-header-display":"","ast-hfb-below-header-display":"","ast-hfb-mobile-header-display":"","site-post-title":"","ast-breadcrumbs-content":"","ast-featured-img":"","footer-sml-layout":"","theme-transparent-header-meta":"default","adv-header-id-meta":"","stick-header-meta":"","header-above-stick-meta":"","header-main-stick-meta":"","header-below-stick-meta":"","astra-migrate-meta-layouts":"default","ast-page-background-enabled":"default","ast-page-background-meta":{"desktop":{"background-color":"var(--ast-global-color-4)","background-image":"","background-repeat":"repeat","background-position":"center center","background-size":"auto","background-attachment":"scroll","background-type":"","background-media":"","overlay-type":"","overlay-color":"","overlay-opacity":"","overlay-gradient":""},"tablet":{"background-color":"","background-image":"","background-repeat":"repeat","background-position":"center center","background-size":"auto","background-attachment":"scroll","background-type":"","background-media":"","overlay-type":"","overlay-color":"","overlay-opacity":"","overlay-gradient":""},"mobile":{"background-color":"","background-image":"","background-repeat":"repeat","background-position":"center center","background-size":"auto","background-attachment":"scroll","background-type":"","background-media":"","overlay-type":"","overlay-color":"","overlay-opacity":"","overlay-gradient":""}},"ast-content-background-meta":{"desktop":{"background-color":"var(--ast-global-color-5)","background-image":"","background-repeat":"repeat","background-position":"center center","background-size":"auto","background-attachment":"scroll","background-type":"","background-media":"","overlay-type":"","overlay-color":"","overlay-opacity":"","overlay-gradient":""},"tablet":{"background-color":"var(--ast-global-color-5)","background-image":"","background-repeat":"repeat","background-position":"center center","background-size":"auto","background-attachment":"scroll","background-type":"","background-media":"","overlay-type":"","overlay-color":"","overlay-opacity":"","overlay-gradient":""},"mobile":{"background-color":"var(--ast-global-color-5)","background-image":"","background-repeat":"repeat","background-position":"center center","background-size":"auto","background-attachment":"scroll","background-type":"","background-media":"","overlay-type":"","overlay-color":"","overlay-opacity":"","overlay-gradient":""}}},"product_brand":[],"product_cat":[116],"product_tag":[],"class_list":{"0":"post-5458","1":"product","2":"type-product","3":"status-publish","4":"has-post-thumbnail","6":"product_cat-tracteur-a-conducteur-marchant","7":"desktop-align-left","8":"tablet-align-left","9":"mobile-align-left","11":"first","12":"instock","13":"featured","14":"shipping-taxable","15":"product-type-simple"},"gallery_images":[3839,3837],"_links":{"self":[{"href":"https:\/\/xingtamachine.com\/fr\/wp-json\/wp\/v2\/product\/5458","targetHints":{"allow":["GET"]}}],"collection":[{"href":"https:\/\/xingtamachine.com\/fr\/wp-json\/wp\/v2\/product"}],"about":[{"href":"https:\/\/xingtamachine.com\/fr\/wp-json\/wp\/v2\/types\/product"}],"replies":[{"embeddable":true,"href":"https:\/\/xingtamachine.com\/fr\/wp-json\/wp\/v2\/comments?post=5458"}],"wp:featuredmedia":[{"embeddable":true,"href":"https:\/\/xingtamachine.com\/fr\/wp-json\/wp\/v2\/media\/3838"}],"wp:attachment":[{"href":"https:\/\/xingtamachine.com\/fr\/wp-json\/wp\/v2\/media?parent=5458"}],"wp:term":[{"taxonomy":"product_brand","embeddable":true,"href":"https:\/\/xingtamachine.com\/fr\/wp-json\/wp\/v2\/product_brand?post=5458"},{"taxonomy":"product_cat","embeddable":true,"href":"https:\/\/xingtamachine.com\/fr\/wp-json\/wp\/v2\/product_cat?post=5458"},{"taxonomy":"product_tag","embeddable":true,"href":"https:\/\/xingtamachine.com\/fr\/wp-json\/wp\/v2\/product_tag?post=5458"}],"curies":[{"name":"wp","href":"https:\/\/api.w.org\/{rel}","templated":true}]}}