{"id":5439,"date":"2025-08-18T07:30:39","date_gmt":"2025-08-18T07:30:39","guid":{"rendered":"https:\/\/xingtamachine.com\/product\/150250-petit-concasseur-a-machoires\/"},"modified":"2025-08-18T07:30:39","modified_gmt":"2025-08-18T07:30:39","slug":"150250-petit-concasseur-a-machoires","status":"publish","type":"product","link":"https:\/\/xingtamachine.com\/fr\/produit\/150250-petit-concasseur-a-machoires\/","title":{"rendered":"150*250 Petit concasseur \u00e0 m\u00e2choires"},"content":{"rendered":"","protected":false},"excerpt":{"rendered":"<p>Les concasseurs \u00e0 m\u00e2choires conviennent \u00e0 divers mat\u00e9riaux durs, tels que les d\u00e9chets de construction, les cailloux, le granit, le calcaire, la pierre bleue, etc. La machine est con\u00e7ue de mani\u00e8re raisonnable, avec une taille de particules de sortie r\u00e9glable et une vari\u00e9t\u00e9 de mod\u00e8les au choix. <\/p>\n<table width=\"804\">\n<tbody>\n<tr>\n<td width=\"90\">Mod\u00e8le<\/td>\n<td width=\"79\">dimensions du port d&rsquo;alimentation<br \/>\n(mm)<\/td>\n<td width=\"104\">Taille maximale de l&rsquo;alimentation<br \/>\n(mm)<\/td>\n<td width=\"121\">Plage de r\u00e9glage de l&rsquo;orifice de refoulement<br \/>\n(mm)<\/td>\n<td width=\"64\">Capacit\u00e9 de traitement<br \/>\n(t\/h)<\/td>\n<td width=\"85\">Vitesse de rotation excentrique de l&rsquo;arbre<br \/>\n(tr\/min)<\/td>\n<td width=\"87\">Puissance moteur<br \/>\n(kW)<\/td>\n<td width=\"49\">Poids<br \/>\n(t)<\/td>\n<td width=\"123\">Dimensions<br \/>\n(L \u00d7 l \u00d7 H) (mm)<\/td>\n<\/tr>\n<tr>\n<td width=\"90\">XT-150\u00d7250<\/td>\n<td width=\"79\">150\u00d7250<\/td>\n<td width=\"104\">125<\/td>\n<td width=\"121\">10-40<\/td>\n<td width=\"64\">1-3<\/td>\n<td width=\"85\">250<\/td>\n<td width=\"87\">5.5<\/td>\n<td width=\"49\">0.8<\/td>\n<td width=\"123\">720\u00d7660\u00d7850<\/td>\n<\/tr>\n<tr>\n<td width=\"90\">XT-200\u00d7300<\/td>\n<td width=\"79\">200\u00d7300<\/td>\n<td width=\"104\">180<\/td>\n<td width=\"121\">15-50<\/td>\n<td width=\"64\">2-6<\/td>\n<td width=\"85\">260<\/td>\n<td width=\"87\">7.5<\/td>\n<td width=\"49\">1.2<\/td>\n<td width=\"123\">910\u00d7750\u00d7990<\/td>\n<\/tr>\n<tr>\n<td width=\"90\">XT-200\u00d7350<\/td>\n<td width=\"79\">200\u00d7350<\/td>\n<td width=\"104\">180<\/td>\n<td width=\"121\">18-70<\/td>\n<td width=\"64\">3-10<\/td>\n<td width=\"85\">260<\/td>\n<td width=\"87\">11<\/td>\n<td width=\"49\">1.5<\/td>\n<td width=\"123\">1000\u00d7870\u00d7990<\/td>\n<\/tr>\n<tr>\n<td width=\"90\">XT-250\u00d7400<\/td>\n<td width=\"79\">250\u00d7400<\/td>\n<td width=\"104\">210<\/td>\n<td width=\"121\">20-60<\/td>\n<td width=\"64\">5-20<\/td>\n<td width=\"85\">300<\/td>\n<td width=\"87\">15<\/td>\n<td width=\"49\">2.8<\/td>\n<td width=\"123\">1300\u00d71090\u00d71270<\/td>\n<\/tr>\n<tr>\n<td width=\"90\">XT-400\u00d7600<\/td>\n<td width=\"79\">400\u00d7600<\/td>\n<td width=\"104\">340<\/td>\n<td width=\"121\">40-100<\/td>\n<td width=\"64\">16-60<\/td>\n<td width=\"85\">275<\/td>\n<td width=\"87\">30<\/td>\n<td width=\"49\">7<\/td>\n<td width=\"123\">1730\u00d71730\u00d71630<\/td>\n<\/tr>\n<tr>\n<td width=\"90\">XT-500\u00d7750<\/td>\n<td width=\"79\">500\u00d7750<\/td>\n<td width=\"104\">425<\/td>\n<td width=\"121\">50-100<\/td>\n<td width=\"64\">40-110<\/td>\n<td width=\"85\">275<\/td>\n<td width=\"87\">55<\/td>\n<td width=\"49\">12<\/td>\n<td width=\"123\">1980\u00d72080\u00d71870<\/td>\n<\/tr>\n<tr>\n<td width=\"90\">XT-600\u00d7750<\/td>\n<td width=\"79\">600\u00d7750<\/td>\n<td width=\"104\">500<\/td>\n<td width=\"121\">150-200<\/td>\n<td width=\"64\">80-240<\/td>\n<td width=\"85\">275<\/td>\n<td width=\"87\">55<\/td>\n<td width=\"49\">15.8<\/td>\n<td width=\"123\">2070\u00d72000\u00d71920<\/td>\n<\/tr>\n<tr>\n<td width=\"90\">XT-600\u00d7900<\/td>\n<td width=\"79\">600\u00d7900<\/td>\n<td width=\"104\">500<\/td>\n<td width=\"121\">65-160<\/td>\n<td width=\"64\">50-180<\/td>\n<td width=\"85\">250<\/td>\n<td width=\"87\">55<\/td>\n<td width=\"49\">17<\/td>\n<td width=\"123\">2190\u00d72206\u00d72300<\/td>\n<\/tr>\n<tr>\n<td width=\"90\">XT-750\u00d71060<\/td>\n<td width=\"79\">750\u00d71060<\/td>\n<td width=\"104\">630<\/td>\n<td width=\"121\">80-140<\/td>\n<td width=\"64\">110-320<\/td>\n<td width=\"85\">250<\/td>\n<td width=\"87\">90-110<\/td>\n<td width=\"49\">29<\/td>\n<td width=\"123\">2660\u00d72430\u00d72800<\/td>\n<\/tr>\n<tr>\n<td width=\"90\">XT-800\u00d71060<\/td>\n<td width=\"79\">800\u00d71060<\/td>\n<td width=\"104\">640<\/td>\n<td width=\"121\">160-220<\/td>\n<td width=\"64\">130-330<\/td>\n<td width=\"85\">250<\/td>\n<td width=\"87\">110<\/td>\n<td width=\"49\">29.8<\/td>\n<td width=\"123\">2710\u00d72430\u00d72800<\/td>\n<\/tr>\n<tr>\n<td width=\"90\">XT-830\u00d71060<\/td>\n<td width=\"79\">830\u00d71060<\/td>\n<td width=\"104\">650<\/td>\n<td width=\"121\">160-220<\/td>\n<td width=\"64\">150-336<\/td>\n<td width=\"85\">250<\/td>\n<td width=\"87\">110<\/td>\n<td width=\"49\">30.7<\/td>\n<td width=\"123\">2740\u00d72430\u00d72800<\/td>\n<\/tr>\n<tr>\n<td width=\"90\">XT-870\u00d71060<\/td>\n<td width=\"79\">870\u00d71060<\/td>\n<td width=\"104\">660<\/td>\n<td width=\"121\">200-260<\/td>\n<td width=\"64\">190-336<\/td>\n<td width=\"85\">250<\/td>\n<td width=\"87\">110<\/td>\n<td width=\"49\">31.5<\/td>\n<td width=\"123\">2810\u00d72430\u00d72800<\/td>\n<\/tr>\n<tr>\n<td width=\"90\">XT-900\u00d71060<\/td>\n<td width=\"79\">900\u00d71060<\/td>\n<td width=\"104\">685<\/td>\n<td width=\"121\">230-290<\/td>\n<td width=\"64\">230-390<\/td>\n<td width=\"85\">250<\/td>\n<td width=\"87\">110<\/td>\n<td width=\"49\">33<\/td>\n<td width=\"123\">2870\u00d72420\u00d72940<\/td>\n<\/tr>\n<tr>\n<td width=\"90\">XT-900\u00d71200<\/td>\n<td width=\"79\">900\u00d71200<\/td>\n<td width=\"104\">750<\/td>\n<td width=\"121\">95-165<\/td>\n<td width=\"64\">220-450<\/td>\n<td width=\"85\">200<\/td>\n<td width=\"87\">110<\/td>\n<td width=\"49\">52<\/td>\n<td width=\"123\">3380\u00d72870\u00d73330<\/td>\n<\/tr>\n<tr>\n<td width=\"90\">XT-1000\u00d71200<\/td>\n<td width=\"79\">1000\u00d71200<\/td>\n<td width=\"104\">850<\/td>\n<td width=\"121\">195-265<\/td>\n<td width=\"64\">315-500<\/td>\n<td width=\"85\">200<\/td>\n<td width=\"87\">110<\/td>\n<td width=\"49\">55<\/td>\n<td width=\"123\">3480\u00d72876\u00d73330<\/td>\n<\/tr>\n<tr>\n<td width=\"90\">XT-1200\u00d71500<\/td>\n<td width=\"79\">1200\u00d71500<\/td>\n<td width=\"104\">1020<\/td>\n<td width=\"121\">150-300<\/td>\n<td width=\"64\">400-800<\/td>\n<td width=\"85\">180<\/td>\n<td width=\"87\">160<\/td>\n<td width=\"49\">100.9<\/td>\n<td width=\"123\">4200\u00d73300\u00d73500<\/td>\n<\/tr>\n<tr>\n<td width=\"90\">XT-150\u00d7750<\/td>\n<td width=\"79\">150\u00d7750<\/td>\n<td width=\"104\">120<\/td>\n<td width=\"121\">18-48<\/td>\n<td width=\"64\">8-25<\/td>\n<td width=\"85\">320<\/td>\n<td width=\"87\">15<\/td>\n<td width=\"49\">3.8<\/td>\n<td width=\"123\">1200\u00d71530\u00d71060<\/td>\n<\/tr>\n<tr>\n<td width=\"90\">XT-250\u00d7750<\/td>\n<td width=\"79\">250\u00d7750<\/td>\n<td width=\"104\">210<\/td>\n<td width=\"121\">25-60<\/td>\n<td width=\"64\">13-35<\/td>\n<td width=\"85\">330<\/td>\n<td width=\"87\">30<\/td>\n<td width=\"49\">5.5<\/td>\n<td width=\"123\">1380\u00d71750\u00d71540<\/td>\n<\/tr>\n<tr>\n<td width=\"90\">XT-250\u00d71000<\/td>\n<td width=\"79\">250\u00d71000<\/td>\n<td width=\"104\">210<\/td>\n<td width=\"121\">25-60<\/td>\n<td width=\"64\">16-52<\/td>\n<td width=\"85\">330<\/td>\n<td width=\"87\">30<\/td>\n<td width=\"49\">7<\/td>\n<td width=\"123\">1560\u00d71950\u00d71390<\/td>\n<\/tr>\n<tr>\n<td width=\"90\">XT-250\u00d71200<\/td>\n<td width=\"79\">250\u00d71200<\/td>\n<td width=\"104\">210<\/td>\n<td width=\"121\">25-60<\/td>\n<td width=\"64\">20-61<\/td>\n<td width=\"85\">330<\/td>\n<td width=\"87\">37<\/td>\n<td width=\"49\">9.7<\/td>\n<td width=\"123\">2140\u00d71660\u00d71500<\/td>\n<\/tr>\n<tr>\n<td width=\"90\">XT-300\u00d71300<\/td>\n<td width=\"79\">300\u00d71300<\/td>\n<td width=\"104\">250<\/td>\n<td width=\"121\">20-90<\/td>\n<td width=\"64\">16-105<\/td>\n<td width=\"85\">300<\/td>\n<td width=\"87\">55<\/td>\n<td width=\"49\">15.6<\/td>\n<td width=\"123\">2720\u00d71950\u00d71600<\/td>\n<\/tr>\n<\/tbody>\n<\/table>\n","protected":false},"featured_media":3867,"comment_status":"open","ping_status":"closed","template":"","meta":{"site-sidebar-layout":"default","site-content-layout":"","ast-site-content-layout":"default","site-content-style":"default","site-sidebar-style":"default","ast-global-header-display":"","ast-banner-title-visibility":"","ast-main-header-display":"","ast-hfb-above-header-display":"","ast-hfb-below-header-display":"","ast-hfb-mobile-header-display":"","site-post-title":"","ast-breadcrumbs-content":"","ast-featured-img":"","footer-sml-layout":"","theme-transparent-header-meta":"default","adv-header-id-meta":"","stick-header-meta":"","header-above-stick-meta":"","header-main-stick-meta":"","header-below-stick-meta":"","astra-migrate-meta-layouts":"default","ast-page-background-enabled":"default","ast-page-background-meta":{"desktop":{"background-color":"var(--ast-global-color-4)","background-image":"","background-repeat":"repeat","background-position":"center center","background-size":"auto","background-attachment":"scroll","background-type":"","background-media":"","overlay-type":"","overlay-color":"","overlay-opacity":"","overlay-gradient":""},"tablet":{"background-color":"","background-image":"","background-repeat":"repeat","background-position":"center center","background-size":"auto","background-attachment":"scroll","background-type":"","background-media":"","overlay-type":"","overlay-color":"","overlay-opacity":"","overlay-gradient":""},"mobile":{"background-color":"","background-image":"","background-repeat":"repeat","background-position":"center center","background-size":"auto","background-attachment":"scroll","background-type":"","background-media":"","overlay-type":"","overlay-color":"","overlay-opacity":"","overlay-gradient":""}},"ast-content-background-meta":{"desktop":{"background-color":"var(--ast-global-color-5)","background-image":"","background-repeat":"repeat","background-position":"center center","background-size":"auto","background-attachment":"scroll","background-type":"","background-media":"","overlay-type":"","overlay-color":"","overlay-opacity":"","overlay-gradient":""},"tablet":{"background-color":"var(--ast-global-color-5)","background-image":"","background-repeat":"repeat","background-position":"center center","background-size":"auto","background-attachment":"scroll","background-type":"","background-media":"","overlay-type":"","overlay-color":"","overlay-opacity":"","overlay-gradient":""},"mobile":{"background-color":"var(--ast-global-color-5)","background-image":"","background-repeat":"repeat","background-position":"center center","background-size":"auto","background-attachment":"scroll","background-type":"","background-media":"","overlay-type":"","overlay-color":"","overlay-opacity":"","overlay-gradient":""}}},"product_brand":[],"product_cat":[113],"product_tag":[],"class_list":{"0":"post-5439","1":"product","2":"type-product","3":"status-publish","4":"has-post-thumbnail","6":"product_cat-concasseur","7":"desktop-align-left","8":"tablet-align-left","9":"mobile-align-left","11":"first","12":"instock","13":"shipping-taxable","14":"product-type-simple"},"gallery_images":[3869,3868,3870,3871],"_links":{"self":[{"href":"https:\/\/xingtamachine.com\/fr\/wp-json\/wp\/v2\/product\/5439","targetHints":{"allow":["GET"]}}],"collection":[{"href":"https:\/\/xingtamachine.com\/fr\/wp-json\/wp\/v2\/product"}],"about":[{"href":"https:\/\/xingtamachine.com\/fr\/wp-json\/wp\/v2\/types\/product"}],"replies":[{"embeddable":true,"href":"https:\/\/xingtamachine.com\/fr\/wp-json\/wp\/v2\/comments?post=5439"}],"wp:featuredmedia":[{"embeddable":true,"href":"https:\/\/xingtamachine.com\/fr\/wp-json\/wp\/v2\/media\/3867"}],"wp:attachment":[{"href":"https:\/\/xingtamachine.com\/fr\/wp-json\/wp\/v2\/media?parent=5439"}],"wp:term":[{"taxonomy":"product_brand","embeddable":true,"href":"https:\/\/xingtamachine.com\/fr\/wp-json\/wp\/v2\/product_brand?post=5439"},{"taxonomy":"product_cat","embeddable":true,"href":"https:\/\/xingtamachine.com\/fr\/wp-json\/wp\/v2\/product_cat?post=5439"},{"taxonomy":"product_tag","embeddable":true,"href":"https:\/\/xingtamachine.com\/fr\/wp-json\/wp\/v2\/product_tag?post=5439"}],"curies":[{"name":"wp","href":"https:\/\/api.w.org\/{rel}","templated":true}]}}