{"id":5428,"date":"2025-08-18T08:36:24","date_gmt":"2025-08-18T08:36:24","guid":{"rendered":"https:\/\/xingtamachine.com\/product\/broyeur-a-arbre-unique-300\/"},"modified":"2025-08-18T08:36:24","modified_gmt":"2025-08-18T08:36:24","slug":"broyeur-a-arbre-unique-300","status":"publish","type":"product","link":"https:\/\/xingtamachine.com\/fr\/produit\/broyeur-a-arbre-unique-300\/","title":{"rendered":"Broyeur \u00e0 arbre unique 300"},"content":{"rendered":"","protected":false},"excerpt":{"rendered":"<p>Utilis\u00e9 pour broyer divers mat\u00e9riaux solides ou creux tels que le plastique, le caoutchouc, les pneus, les fibres, le papier, le bois, les f\u00fbts en fer, les d\u00e9chets d&rsquo;appareils \u00e9lectriques et les c\u00e2bles, les d\u00e9chets industriels, les d\u00e9chets m\u00e9nagers, etc.<\/p>\n<table width=\"654\">\n<tbody>\n<tr>\n<td width=\"277\">Nom du produit<\/td>\n<td width=\"377\">Broyeur mod\u00e8le 300<\/td>\n<\/tr>\n<tr>\n<td width=\"277\">Nombre de moteurs et r\u00e9ducteurs<\/td>\n<td width=\"377\">1 ensemble<\/td>\n<\/tr>\n<tr>\n<td width=\"277\">Puissance moteur<\/td>\n<td width=\"377\">4 kW<\/td>\n<\/tr>\n<tr>\n<td width=\"277\">Bo\u00eete de r\u00e9duction<\/td>\n<td width=\"377\">250 Bo\u00eete de r\u00e9duction<\/td>\n<\/tr>\n<tr>\n<td width=\"277\">Mat\u00e9riau de la lame<\/td>\n<td width=\"377\">Outil sp\u00e9cial (55 cris)<\/td>\n<\/tr>\n<tr>\n<td width=\"277\">Diam\u00e8tre de la lame<\/td>\n<td width=\"377\">160mm<\/td>\n<\/tr>\n<tr>\n<td width=\"277\">\u00c9paisseur de la lame<\/td>\n<td width=\"377\">20 mm (personnalisable)<\/td>\n<\/tr>\n<tr>\n<td width=\"277\">Nombre de lames<\/td>\n<td width=\"377\">15 pi\u00e8ces<\/td>\n<\/tr>\n<tr>\n<td width=\"277\">Sur l&rsquo;ensemble<\/td>\n<td width=\"377\">15 pi\u00e8ces<\/td>\n<\/tr>\n<tr>\n<td width=\"277\">Ensembles de mat\u00e9riaux s\u00e9par\u00e9s<\/td>\n<td width=\"377\">Outil sp\u00e9cial<\/td>\n<\/tr>\n<tr>\n<td width=\"277\">R\u00e9gler le couteau<\/td>\n<td width=\"377\">15 pi\u00e8ces<\/td>\n<\/tr>\n<tr>\n<td width=\"277\">Couteau fixe Mat\u00e9riau<\/td>\n<td width=\"377\">Outil sp\u00e9cial<\/td>\n<\/tr>\n<tr>\n<td width=\"277\">Essieu<\/td>\n<td width=\"377\">Diam\u00e8tre 70 mm, 40cr (mat\u00e9riaux sp\u00e9ciaux)<\/td>\n<\/tr>\n<tr>\n<td width=\"277\">Roulement<\/td>\n<td width=\"377\">wafangdian<\/td>\n<\/tr>\n<tr>\n<td width=\"277\">Tuyau carr\u00e9<\/td>\n<td width=\"377\">80*80mm<\/td>\n<\/tr>\n<tr>\n<td width=\"277\">Dimension<\/td>\n<td width=\"377\">1100\u00d7700\u00d71100 mm<\/td>\n<\/tr>\n<tr>\n<td width=\"277\">Diam\u00e8tre du couteau rotatif (mm)<\/td>\n<td width=\"377\">160<\/td>\n<\/tr>\n<tr>\n<td width=\"277\">Vitesse de rotation de l&rsquo;arbre \u00e0 lames<\/td>\n<td width=\"377\">15-25 tr\/min<\/td>\n<\/tr>\n<tr>\n<td width=\"277\">Nombre de couteaux rotatifs<\/td>\n<td width=\"377\">15 pi\u00e8ces<\/td>\n<\/tr>\n<tr>\n<td width=\"277\">Tension<\/td>\n<td width=\"377\">380 V<\/td>\n<\/tr>\n<\/tbody>\n<\/table>\n","protected":false},"featured_media":3879,"comment_status":"open","ping_status":"closed","template":"","meta":{"site-sidebar-layout":"default","site-content-layout":"","ast-site-content-layout":"default","site-content-style":"default","site-sidebar-style":"default","ast-global-header-display":"","ast-banner-title-visibility":"","ast-main-header-display":"","ast-hfb-above-header-display":"","ast-hfb-below-header-display":"","ast-hfb-mobile-header-display":"","site-post-title":"","ast-breadcrumbs-content":"","ast-featured-img":"","footer-sml-layout":"","theme-transparent-header-meta":"default","adv-header-id-meta":"","stick-header-meta":"","header-above-stick-meta":"","header-main-stick-meta":"","header-below-stick-meta":"","astra-migrate-meta-layouts":"default","ast-page-background-enabled":"default","ast-page-background-meta":{"desktop":{"background-color":"var(--ast-global-color-4)","background-image":"","background-repeat":"repeat","background-position":"center center","background-size":"auto","background-attachment":"scroll","background-type":"","background-media":"","overlay-type":"","overlay-color":"","overlay-opacity":"","overlay-gradient":""},"tablet":{"background-color":"","background-image":"","background-repeat":"repeat","background-position":"center center","background-size":"auto","background-attachment":"scroll","background-type":"","background-media":"","overlay-type":"","overlay-color":"","overlay-opacity":"","overlay-gradient":""},"mobile":{"background-color":"","background-image":"","background-repeat":"repeat","background-position":"center center","background-size":"auto","background-attachment":"scroll","background-type":"","background-media":"","overlay-type":"","overlay-color":"","overlay-opacity":"","overlay-gradient":""}},"ast-content-background-meta":{"desktop":{"background-color":"var(--ast-global-color-5)","background-image":"","background-repeat":"repeat","background-position":"center center","background-size":"auto","background-attachment":"scroll","background-type":"","background-media":"","overlay-type":"","overlay-color":"","overlay-opacity":"","overlay-gradient":""},"tablet":{"background-color":"var(--ast-global-color-5)","background-image":"","background-repeat":"repeat","background-position":"center center","background-size":"auto","background-attachment":"scroll","background-type":"","background-media":"","overlay-type":"","overlay-color":"","overlay-opacity":"","overlay-gradient":""},"mobile":{"background-color":"var(--ast-global-color-5)","background-image":"","background-repeat":"repeat","background-position":"center center","background-size":"auto","background-attachment":"scroll","background-type":"","background-media":"","overlay-type":"","overlay-color":"","overlay-opacity":"","overlay-gradient":""}}},"product_brand":[],"product_cat":[114],"product_tag":[],"class_list":{"0":"post-5428","1":"product","2":"type-product","3":"status-publish","4":"has-post-thumbnail","6":"product_cat-dechiqueteuse","7":"desktop-align-left","8":"tablet-align-left","9":"mobile-align-left","11":"first","12":"instock","13":"shipping-taxable","14":"product-type-simple"},"gallery_images":[3882,3880,3881,3883],"_links":{"self":[{"href":"https:\/\/xingtamachine.com\/fr\/wp-json\/wp\/v2\/product\/5428","targetHints":{"allow":["GET"]}}],"collection":[{"href":"https:\/\/xingtamachine.com\/fr\/wp-json\/wp\/v2\/product"}],"about":[{"href":"https:\/\/xingtamachine.com\/fr\/wp-json\/wp\/v2\/types\/product"}],"replies":[{"embeddable":true,"href":"https:\/\/xingtamachine.com\/fr\/wp-json\/wp\/v2\/comments?post=5428"}],"wp:featuredmedia":[{"embeddable":true,"href":"https:\/\/xingtamachine.com\/fr\/wp-json\/wp\/v2\/media\/3879"}],"wp:attachment":[{"href":"https:\/\/xingtamachine.com\/fr\/wp-json\/wp\/v2\/media?parent=5428"}],"wp:term":[{"taxonomy":"product_brand","embeddable":true,"href":"https:\/\/xingtamachine.com\/fr\/wp-json\/wp\/v2\/product_brand?post=5428"},{"taxonomy":"product_cat","embeddable":true,"href":"https:\/\/xingtamachine.com\/fr\/wp-json\/wp\/v2\/product_cat?post=5428"},{"taxonomy":"product_tag","embeddable":true,"href":"https:\/\/xingtamachine.com\/fr\/wp-json\/wp\/v2\/product_tag?post=5428"}],"curies":[{"name":"wp","href":"https:\/\/api.w.org\/{rel}","templated":true}]}}