{"id":5416,"date":"2025-08-19T01:15:03","date_gmt":"2025-08-19T01:15:03","guid":{"rendered":"https:\/\/xingtamachine.com\/product\/broyeur-de-dechets-plastiques-et-textiles-600\/"},"modified":"2025-08-19T01:15:03","modified_gmt":"2025-08-19T01:15:03","slug":"broyeur-de-dechets-plastiques-et-textiles-600","status":"publish","type":"product","link":"https:\/\/xingtamachine.com\/fr\/produit\/broyeur-de-dechets-plastiques-et-textiles-600\/","title":{"rendered":"Broyeur de d\u00e9chets plastiques et textiles 600"},"content":{"rendered":"","protected":false},"excerpt":{"rendered":"<p>Utilis\u00e9 pour broyer divers mat\u00e9riaux solides ou creux tels que le plastique, le caoutchouc, les pneus, les fibres, le papier, le bois, les f\u00fbts en fer, les d\u00e9chets d&rsquo;appareils \u00e9lectriques et les c\u00e2bles, les d\u00e9chets industriels, les d\u00e9chets m\u00e9nagers, etc.<\/p>\n<table style=\"border-collapse: collapse; width: 1040px; height: 1093px;\" border=\"0\" width=\"712\" cellspacing=\"0\" cellpadding=\"0\">\n<tbody>\n<tr style=\"height: 14.25pt;\">\n<td class=\"et2\" style=\"height: 14.25pt; width: 281.25pt;\" width=\"375\" height=\"19\">Nom du produit<\/td>\n<td class=\"et2\" style=\"width: 252.75pt;\" width=\"337\">Broyeur mod\u00e8le 600<\/td>\n<\/tr>\n<tr style=\"height: 19.50pt;\">\n<td class=\"et3\" style=\"height: 19.50pt; width: 281.25pt;\" width=\"375\" height=\"26\">Numberofmotor and reducer<\/td>\n<td class=\"et3\" style=\"width: 252.75pt;\" width=\"337\">2set<\/td>\n<\/tr>\n<tr style=\"height: 19.50pt;\">\n<td class=\"et3\" style=\"height: 19.50pt; width: 281.25pt;\" width=\"375\" height=\"26\">Puissance moteur<\/td>\n<td class=\"et4\" style=\"width: 252.75pt;\" width=\"337\"><span class=\"font1\">11 kW<\/span><\/td>\n<\/tr>\n<tr style=\"height: 19.50pt;\">\n<td class=\"et5\" style=\"height: 19.50pt; width: 281.25pt;\" width=\"375\" height=\"26\">Bo\u00eete de r\u00e9duction<\/td>\n<td class=\"et3\" style=\"width: 252.75pt;\" width=\"337\">ZQ400<\/td>\n<\/tr>\n<tr style=\"height: 19.50pt;\">\n<td class=\"et5\" style=\"height: 19.50pt; width: 281.25pt;\" width=\"375\" height=\"26\">Mat\u00e9riau Blde<\/td>\n<td class=\"et3\" style=\"width: 252.75pt;\" width=\"337\">Outil sp\u00e9cial (55 cris)<\/td>\n<\/tr>\n<tr style=\"height: 19.50pt;\">\n<td class=\"et5\" style=\"height: 19.50pt; width: 281.25pt;\" width=\"375\" height=\"26\">Diam\u00e8tre de la lame<\/td>\n<td class=\"et4\" style=\"width: 252.75pt;\" width=\"337\"><span class=\"font1\">200mm<\/span><\/td>\n<\/tr>\n<tr style=\"height: 19.50pt;\">\n<td class=\"et5\" style=\"height: 19.50pt; width: 281.25pt;\" width=\"375\" height=\"26\">\u00c9paisseur de la lame<\/td>\n<td class=\"et3\" style=\"width: 252.75pt;\" width=\"337\">30 mm (personnalisable)<\/td>\n<\/tr>\n<tr style=\"height: 19.50pt;\">\n<td class=\"et5\" style=\"height: 19.50pt; width: 281.25pt;\" width=\"375\" height=\"26\">Nombre de lames<\/td>\n<td class=\"et3\" style=\"width: 252.75pt;\" width=\"337\">20 pi\u00e8ces<\/td>\n<\/tr>\n<tr style=\"height: 19.50pt;\">\n<td class=\"et5\" style=\"height: 19.50pt; width: 281.25pt;\" width=\"375\" height=\"26\">Sur l&rsquo;ensemble<\/td>\n<td class=\"et3\" style=\"width: 252.75pt;\" width=\"337\">20 pi\u00e8ces<\/td>\n<\/tr>\n<tr style=\"height: 19.50pt;\">\n<td class=\"et3\" style=\"height: 19.50pt; width: 281.25pt;\" width=\"375\" height=\"26\">Ensembles de mat\u00e9riaux s\u00e9par\u00e9s<\/td>\n<td class=\"et3\" style=\"width: 252.75pt;\" width=\"337\">Outil sp\u00e9cial<\/td>\n<\/tr>\n<tr style=\"height: 19.50pt;\">\n<td class=\"et5\" style=\"height: 19.50pt; width: 281.25pt;\" width=\"375\" height=\"26\">R\u00e9gler le couteau<\/td>\n<td class=\"et3\" style=\"width: 252.75pt;\" width=\"337\">20 pi\u00e8ces<\/td>\n<\/tr>\n<tr style=\"height: 19.50pt;\">\n<td class=\"et6\" style=\"height: 19.50pt; width: 281.25pt;\" width=\"375\" height=\"26\">Couteau fixe Mat\u00e9riau<\/td>\n<td class=\"et3\" style=\"width: 252.75pt;\" width=\"337\">Outil sp\u00e9cial<\/td>\n<\/tr>\n<tr style=\"height: 19.50pt;\">\n<td class=\"et6\" style=\"height: 19.50pt; width: 281.25pt;\" width=\"375\" height=\"26\">Essieu<\/td>\n<td class=\"et3\" style=\"width: 252.75pt;\" width=\"337\">Diam\u00e8tre 100 m, 40 cr (mat\u00e9riaux sp\u00e9ciaux)<\/td>\n<\/tr>\n<tr style=\"height: 19.50pt;\">\n<td class=\"et6\" style=\"height: 19.50pt; width: 281.25pt;\" width=\"375\" height=\"26\">Roulement<\/td>\n<td class=\"et3\" style=\"width: 252.75pt;\" width=\"337\">wafangdian<\/td>\n<\/tr>\n<tr style=\"height: 19.50pt;\">\n<td class=\"et7\" style=\"height: 19.50pt; width: 281.25pt;\" width=\"375\" height=\"26\">Tuyau carr\u00e9<\/td>\n<td class=\"et5\" style=\"width: 252.75pt;\" width=\"337\">Soudage de t\u00f4les d&rsquo;acier<\/td>\n<\/tr>\n<tr style=\"height: 19.50pt;\">\n<td class=\"et6\" style=\"height: 19.50pt; width: 281.25pt;\" width=\"375\" height=\"26\">Dimension<\/td>\n<td class=\"et3\" style=\"width: 252.75pt;\" width=\"337\">2400*1000*1500mm<\/td>\n<\/tr>\n<tr style=\"height: 19.50pt;\">\n<td class=\"et7\" style=\"height: 19.50pt; width: 281.25pt;\" width=\"375\" height=\"26\">Diam\u00e8tre du couteau rotatif (mm)<\/td>\n<td class=\"et4\" style=\"width: 252.75pt;\" width=\"337\"><span class=\"font1\">200mm<\/span><\/td>\n<\/tr>\n<tr style=\"height: 19.50pt;\">\n<td class=\"et7\" style=\"height: 19.50pt; width: 281.25pt;\" width=\"375\" height=\"26\">Vitesse de rotation de l&rsquo;arbre \u00e0 lames<\/td>\n<td class=\"et4\" style=\"width: 252.75pt;\" width=\"337\"><span class=\"font1\">15-25 tr\/min<\/span><\/td>\n<\/tr>\n<tr style=\"height: 19.50pt;\">\n<td class=\"et6\" style=\"height: 19.50pt; width: 281.25pt;\" width=\"375\" height=\"26\">Couteaux rotatifs Numbrof<\/td>\n<td class=\"et3\" style=\"width: 252.75pt;\" width=\"337\">20 pi\u00e8ces<\/td>\n<\/tr>\n<tr style=\"height: 19.50pt;\">\n<td class=\"et6\" style=\"height: 19.50pt; width: 281.25pt;\" width=\"375\" height=\"26\">Tension<\/td>\n<td class=\"et3\" style=\"width: 252.75pt;\" width=\"337\">380v<\/td>\n<\/tr>\n<\/tbody>\n<\/table>\n","protected":false},"featured_media":5417,"comment_status":"open","ping_status":"closed","template":"","meta":{"site-sidebar-layout":"default","site-content-layout":"","ast-site-content-layout":"default","site-content-style":"default","site-sidebar-style":"default","ast-global-header-display":"","ast-banner-title-visibility":"","ast-main-header-display":"","ast-hfb-above-header-display":"","ast-hfb-below-header-display":"","ast-hfb-mobile-header-display":"","site-post-title":"","ast-breadcrumbs-content":"","ast-featured-img":"","footer-sml-layout":"","theme-transparent-header-meta":"default","adv-header-id-meta":"","stick-header-meta":"","header-above-stick-meta":"","header-main-stick-meta":"","header-below-stick-meta":"","astra-migrate-meta-layouts":"default","ast-page-background-enabled":"default","ast-page-background-meta":{"desktop":{"background-color":"var(--ast-global-color-4)","background-image":"","background-repeat":"repeat","background-position":"center center","background-size":"auto","background-attachment":"scroll","background-type":"","background-media":"","overlay-type":"","overlay-color":"","overlay-opacity":"","overlay-gradient":""},"tablet":{"background-color":"","background-image":"","background-repeat":"repeat","background-position":"center center","background-size":"auto","background-attachment":"scroll","background-type":"","background-media":"","overlay-type":"","overlay-color":"","overlay-opacity":"","overlay-gradient":""},"mobile":{"background-color":"","background-image":"","background-repeat":"repeat","background-position":"center center","background-size":"auto","background-attachment":"scroll","background-type":"","background-media":"","overlay-type":"","overlay-color":"","overlay-opacity":"","overlay-gradient":""}},"ast-content-background-meta":{"desktop":{"background-color":"var(--ast-global-color-5)","background-image":"","background-repeat":"repeat","background-position":"center center","background-size":"auto","background-attachment":"scroll","background-type":"","background-media":"","overlay-type":"","overlay-color":"","overlay-opacity":"","overlay-gradient":""},"tablet":{"background-color":"var(--ast-global-color-5)","background-image":"","background-repeat":"repeat","background-position":"center center","background-size":"auto","background-attachment":"scroll","background-type":"","background-media":"","overlay-type":"","overlay-color":"","overlay-opacity":"","overlay-gradient":""},"mobile":{"background-color":"var(--ast-global-color-5)","background-image":"","background-repeat":"repeat","background-position":"center center","background-size":"auto","background-attachment":"scroll","background-type":"","background-media":"","overlay-type":"","overlay-color":"","overlay-opacity":"","overlay-gradient":""}}},"product_brand":[],"product_cat":[114],"product_tag":[],"class_list":{"0":"post-5416","1":"product","2":"type-product","3":"status-publish","4":"has-post-thumbnail","6":"product_cat-dechiqueteuse","7":"desktop-align-left","8":"tablet-align-left","9":"mobile-align-left","11":"first","12":"instock","13":"shipping-taxable","14":"product-type-simple"},"gallery_images":[5418,5419,5420,5421],"_links":{"self":[{"href":"https:\/\/xingtamachine.com\/fr\/wp-json\/wp\/v2\/product\/5416","targetHints":{"allow":["GET"]}}],"collection":[{"href":"https:\/\/xingtamachine.com\/fr\/wp-json\/wp\/v2\/product"}],"about":[{"href":"https:\/\/xingtamachine.com\/fr\/wp-json\/wp\/v2\/types\/product"}],"replies":[{"embeddable":true,"href":"https:\/\/xingtamachine.com\/fr\/wp-json\/wp\/v2\/comments?post=5416"}],"wp:featuredmedia":[{"embeddable":true,"href":"https:\/\/xingtamachine.com\/fr\/wp-json\/wp\/v2\/media\/5417"}],"wp:attachment":[{"href":"https:\/\/xingtamachine.com\/fr\/wp-json\/wp\/v2\/media?parent=5416"}],"wp:term":[{"taxonomy":"product_brand","embeddable":true,"href":"https:\/\/xingtamachine.com\/fr\/wp-json\/wp\/v2\/product_brand?post=5416"},{"taxonomy":"product_cat","embeddable":true,"href":"https:\/\/xingtamachine.com\/fr\/wp-json\/wp\/v2\/product_cat?post=5416"},{"taxonomy":"product_tag","embeddable":true,"href":"https:\/\/xingtamachine.com\/fr\/wp-json\/wp\/v2\/product_tag?post=5416"}],"curies":[{"name":"wp","href":"https:\/\/api.w.org\/{rel}","templated":true}]}}