{"id":5412,"date":"2025-08-19T01:29:08","date_gmt":"2025-08-19T01:29:08","guid":{"rendered":"https:\/\/xingtamachine.com\/product\/broyeur-industriel-a-double-arbre-800-pour-dechets-industriels\/"},"modified":"2025-08-19T01:29:08","modified_gmt":"2025-08-19T01:29:08","slug":"broyeur-industriel-a-double-arbre-800-pour-dechets-industriels","status":"publish","type":"product","link":"https:\/\/xingtamachine.com\/fr\/produit\/broyeur-industriel-a-double-arbre-800-pour-dechets-industriels\/","title":{"rendered":"Broyeur industriel \u00e0 double arbre 800 pour d\u00e9chets industriels"},"content":{"rendered":"","protected":false},"excerpt":{"rendered":"<p>Utilis\u00e9 pour broyer divers mat\u00e9riaux solides ou creux tels que le plastique, le caoutchouc, les pneus, les fibres, le papier, le bois, les f\u00fbts en fer, les d\u00e9chets d&rsquo;appareils \u00e9lectriques et les c\u00e2bles, les d\u00e9chets industriels, les d\u00e9chets m\u00e9nagers, etc.<\/p>\n<table style=\"height: 1281px;\" width=\"814\">\n<tbody>\n<tr>\n<td width=\"142\">Article<\/td>\n<td colspan=\"2\" width=\"274\">XT-800-1<\/td>\n<td colspan=\"2\" width=\"384\">XT-800-2<\/td>\n<\/tr>\n<tr>\n<td width=\"142\">Puissance moteur<\/td>\n<td colspan=\"2\" width=\"274\">30 kW * 2 ensembles<\/td>\n<td colspan=\"2\" width=\"384\">30 kW * 2 ensembles<\/td>\n<\/tr>\n<tr>\n<td width=\"142\">Bo\u00eete de r\u00e9duction<\/td>\n<td colspan=\"2\" width=\"274\">R\u00e9ducteur 650*2 ensembles<\/td>\n<td colspan=\"2\">R\u00e9ducteur 650*2 ensembles<\/td>\n<\/tr>\n<tr>\n<td width=\"142\">Mat\u00e9riau de la lame<\/td>\n<td colspan=\"2\" width=\"274\">Outil sp\u00e9cial (55 cris)<\/td>\n<td colspan=\"2\" width=\"384\">Outil sp\u00e9cial (55 cris)<\/td>\n<\/tr>\n<tr>\n<td width=\"142\">Diam\u00e8tre de la lame<\/td>\n<td colspan=\"2\" width=\"274\">400 mm<\/td>\n<td colspan=\"2\" width=\"384\">400mm<\/td>\n<\/tr>\n<tr>\n<td width=\"142\">\u00c9paisseur de la lame<\/td>\n<td colspan=\"2\" width=\"274\">80 mm (personnalisable)<\/td>\n<td colspan=\"2\" width=\"384\">40 mm (personnalisable)<\/td>\n<\/tr>\n<tr>\n<td width=\"142\">Nombre de lames<\/td>\n<td colspan=\"2\" width=\"274\">10 pi\u00e8ces<\/td>\n<td colspan=\"2\" width=\"384\">20 pi\u00e8ces<\/td>\n<\/tr>\n<tr>\n<td width=\"142\">Dans l&rsquo;ensemble<\/td>\n<td colspan=\"2\" width=\"274\">10 pi\u00e8ces<\/td>\n<td colspan=\"2\" width=\"384\">20 pi\u00e8ces<\/td>\n<\/tr>\n<tr>\n<td width=\"142\">Ensembles de mat\u00e9riaux s\u00e9par\u00e9s<\/td>\n<td colspan=\"2\" width=\"274\">Outil sp\u00e9cial<\/td>\n<td colspan=\"2\" width=\"384\">Outil sp\u00e9cial<\/td>\n<\/tr>\n<tr>\n<td width=\"142\">R\u00e9gler le couteau<\/td>\n<td colspan=\"2\" width=\"274\">10 pi\u00e8ces<\/td>\n<td colspan=\"2\" width=\"384\">20 pi\u00e8ces<\/td>\n<\/tr>\n<tr>\n<td width=\"142\">Couteau fixe Mat\u00e9riau<\/td>\n<td colspan=\"2\" width=\"274\">Outil sp\u00e9cial<\/td>\n<td colspan=\"2\" width=\"384\">Outil sp\u00e9cial<\/td>\n<\/tr>\n<tr>\n<td width=\"142\">Essieu<\/td>\n<td colspan=\"2\" width=\"274\">Diam\u00e8tre : 180 mm, 40cr (mat\u00e9riaux sp\u00e9ciaux)<\/td>\n<td colspan=\"2\" width=\"384\">Diam\u00e8tre : 180 mm, 40cr (mat\u00e9riaux sp\u00e9ciaux)<\/td>\n<\/tr>\n<tr>\n<td width=\"142\">Roulement<\/td>\n<td colspan=\"2\" width=\"274\">Wafangdian<\/td>\n<td colspan=\"2\" width=\"384\">Wafangdian<\/td>\n<\/tr>\n<tr>\n<td width=\"142\">Tuyau carr\u00e9<\/td>\n<td colspan=\"2\" width=\"274\">120* 120 mm<\/td>\n<td colspan=\"2\" width=\"384\">120*120mm<\/td>\n<\/tr>\n<tr>\n<td width=\"142\">Dimension<\/td>\n<td colspan=\"2\" width=\"274\">3600*1500*2100mm<\/td>\n<td colspan=\"2\" width=\"384\">3600*1500*2100mm<\/td>\n<\/tr>\n<tr>\n<td width=\"142\">Diam\u00e8tre du couteau rotatif (mm)<\/td>\n<td colspan=\"2\" width=\"274\">400mm<\/td>\n<td colspan=\"2\" width=\"384\">400mm<\/td>\n<\/tr>\n<tr>\n<td width=\"142\">Vitesse de rotation de l&rsquo;arbre \u00e0 lames<\/td>\n<td colspan=\"2\" width=\"274\">20-25 tr\/min<\/td>\n<td colspan=\"2\" width=\"384\">20-25 tr\/min<\/td>\n<\/tr>\n<tr>\n<td width=\"142\">Nombre de couteaux rotatifs<\/td>\n<td colspan=\"2\" width=\"274\">10 pi\u00e8ces<\/td>\n<td colspan=\"2\" width=\"384\">20 pi\u00e8ces<\/td>\n<\/tr>\n<tr>\n<td width=\"142\">Tension<\/td>\n<td colspan=\"2\" width=\"274\">380 V<\/td>\n<td colspan=\"2\" width=\"384\">380 V<\/td>\n<\/tr>\n<tr>\n<td width=\"142\"><\/td>\n<td colspan=\"2\">Convoyeur de 5 m*1 ensemble<\/td>\n<td colspan=\"2\" width=\"384\">Fonction d&rsquo;inversion automatique, protection contre les surcharges<\/td>\n<\/tr>\n<tr>\n<td width=\"142\"><\/td>\n<td colspan=\"2\" width=\"274\">Fonction d&rsquo;inversion automatique, protection contre les surcharges<\/td>\n<td colspan=\"2\" width=\"384\"><\/td>\n<\/tr>\n<\/tbody>\n<\/table>\n","protected":false},"featured_media":3897,"comment_status":"open","ping_status":"closed","template":"","meta":{"site-sidebar-layout":"default","site-content-layout":"","ast-site-content-layout":"default","site-content-style":"default","site-sidebar-style":"default","ast-global-header-display":"","ast-banner-title-visibility":"","ast-main-header-display":"","ast-hfb-above-header-display":"","ast-hfb-below-header-display":"","ast-hfb-mobile-header-display":"","site-post-title":"","ast-breadcrumbs-content":"","ast-featured-img":"","footer-sml-layout":"","theme-transparent-header-meta":"default","adv-header-id-meta":"","stick-header-meta":"","header-above-stick-meta":"","header-main-stick-meta":"","header-below-stick-meta":"","astra-migrate-meta-layouts":"default","ast-page-background-enabled":"default","ast-page-background-meta":{"desktop":{"background-color":"var(--ast-global-color-4)","background-image":"","background-repeat":"repeat","background-position":"center center","background-size":"auto","background-attachment":"scroll","background-type":"","background-media":"","overlay-type":"","overlay-color":"","overlay-opacity":"","overlay-gradient":""},"tablet":{"background-color":"","background-image":"","background-repeat":"repeat","background-position":"center center","background-size":"auto","background-attachment":"scroll","background-type":"","background-media":"","overlay-type":"","overlay-color":"","overlay-opacity":"","overlay-gradient":""},"mobile":{"background-color":"","background-image":"","background-repeat":"repeat","background-position":"center center","background-size":"auto","background-attachment":"scroll","background-type":"","background-media":"","overlay-type":"","overlay-color":"","overlay-opacity":"","overlay-gradient":""}},"ast-content-background-meta":{"desktop":{"background-color":"var(--ast-global-color-5)","background-image":"","background-repeat":"repeat","background-position":"center center","background-size":"auto","background-attachment":"scroll","background-type":"","background-media":"","overlay-type":"","overlay-color":"","overlay-opacity":"","overlay-gradient":""},"tablet":{"background-color":"var(--ast-global-color-5)","background-image":"","background-repeat":"repeat","background-position":"center center","background-size":"auto","background-attachment":"scroll","background-type":"","background-media":"","overlay-type":"","overlay-color":"","overlay-opacity":"","overlay-gradient":""},"mobile":{"background-color":"var(--ast-global-color-5)","background-image":"","background-repeat":"repeat","background-position":"center center","background-size":"auto","background-attachment":"scroll","background-type":"","background-media":"","overlay-type":"","overlay-color":"","overlay-opacity":"","overlay-gradient":""}}},"product_brand":[],"product_cat":[114],"product_tag":[],"class_list":{"0":"post-5412","1":"product","2":"type-product","3":"status-publish","4":"has-post-thumbnail","6":"product_cat-dechiqueteuse","7":"desktop-align-left","8":"tablet-align-left","9":"mobile-align-left","11":"first","12":"instock","13":"shipping-taxable","14":"product-type-simple"},"gallery_images":[3899,3898],"_links":{"self":[{"href":"https:\/\/xingtamachine.com\/fr\/wp-json\/wp\/v2\/product\/5412","targetHints":{"allow":["GET"]}}],"collection":[{"href":"https:\/\/xingtamachine.com\/fr\/wp-json\/wp\/v2\/product"}],"about":[{"href":"https:\/\/xingtamachine.com\/fr\/wp-json\/wp\/v2\/types\/product"}],"replies":[{"embeddable":true,"href":"https:\/\/xingtamachine.com\/fr\/wp-json\/wp\/v2\/comments?post=5412"}],"wp:featuredmedia":[{"embeddable":true,"href":"https:\/\/xingtamachine.com\/fr\/wp-json\/wp\/v2\/media\/3897"}],"wp:attachment":[{"href":"https:\/\/xingtamachine.com\/fr\/wp-json\/wp\/v2\/media?parent=5412"}],"wp:term":[{"taxonomy":"product_brand","embeddable":true,"href":"https:\/\/xingtamachine.com\/fr\/wp-json\/wp\/v2\/product_brand?post=5412"},{"taxonomy":"product_cat","embeddable":true,"href":"https:\/\/xingtamachine.com\/fr\/wp-json\/wp\/v2\/product_cat?post=5412"},{"taxonomy":"product_tag","embeddable":true,"href":"https:\/\/xingtamachine.com\/fr\/wp-json\/wp\/v2\/product_tag?post=5412"}],"curies":[{"name":"wp","href":"https:\/\/api.w.org\/{rel}","templated":true}]}}