{"id":5188,"date":"2025-08-04T05:28:37","date_gmt":"2025-08-04T05:28:37","guid":{"rendered":"https:\/\/xingtamachine.com\/product\/3-35-%d8%ae%d8%b7-%d8%a5%d9%86%d8%aa%d8%a7%d8%ac-%d8%a7%d9%84%d8%b7%d9%88%d8%a8-%d8%a7%d9%84%d8%a2%d9%84%d9%8a-%d8%a8%d8%a7%d9%84%d9%83%d8%a7%d9%85%d9%84\/"},"modified":"2025-08-29T02:55:48","modified_gmt":"2025-08-29T02:55:48","slug":"3-35-%d8%ae%d8%b7-%d8%a5%d9%86%d8%aa%d8%a7%d8%ac-%d8%a7%d9%84%d8%b7%d9%88%d8%a8-%d8%a7%d9%84%d8%a2%d9%84%d9%8a-%d8%a8%d8%a7%d9%84%d9%83%d8%a7%d9%85%d9%84","status":"publish","type":"product","link":"https:\/\/xingtamachine.com\/ar\/product\/3-35-%d8%ae%d8%b7-%d8%a5%d9%86%d8%aa%d8%a7%d8%ac-%d8%a7%d9%84%d8%b7%d9%88%d8%a8-%d8%a7%d9%84%d8%a2%d9%84%d9%8a-%d8%a8%d8%a7%d9%84%d9%83%d8%a7%d9%85%d9%84\/","title":{"rendered":"3-35 \u062e\u0637 \u0625\u0646\u062a\u0627\u062c \u0627\u0644\u0637\u0648\u0628 \u0627\u0644\u0622\u0644\u064a \u0628\u0627\u0644\u0643\u0627\u0645\u0644"},"content":{"rendered":"","protected":false},"excerpt":{"rendered":"<p>\u0627\u0644\u062a\u0643\u0646\u0648\u0644\u0648\u062c\u064a\u0627 \u0627\u0644\u0643\u0647\u0631\u0628\u0627\u0626\u064a\u0629 \u0627\u0644\u0647\u064a\u062f\u0631\u0648\u0644\u064a\u0643\u064a\u0629 \u0627\u0644\u0645\u062a\u0643\u0627\u0645\u0644\u0629\u060c \u0646\u0638\u0627\u0645 \u0625\u0646\u0630\u0627\u0631 \u0627\u0644\u0623\u0639\u0637\u0627\u0644 \uff0c \u064a\u062a\u0645 \u062d\u0641\u0638 \u0627\u0644\u0635\u064a\u063a\u0629 \u062a\u0644\u0642\u0627\u0626\u064a\u064b\u0627\u060c \u0627\u0644\u062a\u0634\u063a\u064a\u0644 \u0627\u0644\u0645\u0631\u064a\u062d \u0648\u0627\u0644\u0643\u0641\u0627\u0621\u0629 \u0627\u0644\u0639\u0627\u0644\u064a\u0629 \uff0c \u0646\u0638\u0627\u0645 \u0627\u0644\u062a\u0639\u0634\u064a\u0642 \u0627\u0644\u062a\u0644\u0642\u0627\u0626\u064a\u060c \u0623\u062f\u0627\u0621 \u062a\u0634\u063a\u064a\u0644 \u0622\u0645\u0646 \u0639\u0627\u0644\u064a.<\/p>\n<table width=\"878\">\n<tbody>\n<tr>\n<td width=\"375\">\u062a\u0631\u062f\u062f \u0627\u0644\u0627\u0647\u062a\u0632\u0627\u0632<\/td>\n<td width=\"503\">4000-4200 (\u0645\u0631\u0629\/\u0641\u0631\u0639\u064a)<\/td>\n<\/tr>\n<tr>\n<td width=\"375\">\u0627\u0644\u0648\u0632\u0646 \u0627\u0644\u0625\u062c\u0645\u0627\u0644\u064a<\/td>\n<td width=\"503\">2.9 t<\/td>\n<\/tr>\n<tr>\n<td width=\"375\">\u0627\u0644\u0623\u0628\u0639\u0627\u062f<\/td>\n<td width=\"503\">4000*3500*2300 \u0645\u0645<\/td>\n<\/tr>\n<tr>\n<td width=\"375\">\u062f\u0648\u0631\u0629 \u0627\u0644\u0642\u0648\u0644\u0628\u0629<\/td>\n<td width=\"503\">20-30 (\u0642)<\/td>\n<\/tr>\n<tr>\n<td width=\"375\">\u062d\u062c\u0645 \u0627\u0644\u0645\u0646\u0635\u0629<\/td>\n<td width=\"503\">680*535*30 \u0645\u0645<\/td>\n<\/tr>\n<tr>\n<td width=\"375\">\u0627\u0644\u0633\u0639\u0629 \u0627\u0644\u0645\u0631\u0643\u0628\u0629<\/td>\n<td width=\"503\">21.15 \u0643\u064a\u0644\u0648 \u0648\u0627\u062a<\/td>\n<\/tr>\n<tr>\n<td width=\"375\">\u0627\u0644\u0639\u062f\u062f \u0644\u0643\u0644 \u0648\u062d\u062f\u0629 (\u0642\u0637\u0639\u0629\/\u0642\u0627\u0644\u0628)<\/td>\n<td width=\"503\">\u0637\u0648\u0628 \u0645\u062c\u0648\u0641 (390\u00d7190\u00d7190\u00d7190 \u0645\u0645) 3 \u0642\u0637\u0639\/\u0642\u0627\u0644\u0628<br \/>\n\u0637\u0648\u0628 \u0642\u064a\u0627\u0633\u064a (240\u00d752\u00d7115 \u0645\u0645) 20 \u0642\u0637\u0639\u0629\/\u0642\u0627\u0644\u0628<\/td>\n<\/tr>\n<\/tbody>\n<\/table>\n","protected":false},"featured_media":3452,"comment_status":"open","ping_status":"closed","template":"","meta":{"site-sidebar-layout":"default","site-content-layout":"","ast-site-content-layout":"default","site-content-style":"default","site-sidebar-style":"default","ast-global-header-display":"","ast-banner-title-visibility":"","ast-main-header-display":"","ast-hfb-above-header-display":"","ast-hfb-below-header-display":"","ast-hfb-mobile-header-display":"","site-post-title":"","ast-breadcrumbs-content":"","ast-featured-img":"","footer-sml-layout":"","theme-transparent-header-meta":"default","adv-header-id-meta":"","stick-header-meta":"","header-above-stick-meta":"","header-main-stick-meta":"","header-below-stick-meta":"","astra-migrate-meta-layouts":"default","ast-page-background-enabled":"default","ast-page-background-meta":{"desktop":{"background-color":"var(--ast-global-color-4)","background-image":"","background-repeat":"repeat","background-position":"center center","background-size":"auto","background-attachment":"scroll","background-type":"","background-media":"","overlay-type":"","overlay-color":"","overlay-opacity":"","overlay-gradient":""},"tablet":{"background-color":"","background-image":"","background-repeat":"repeat","background-position":"center center","background-size":"auto","background-attachment":"scroll","background-type":"","background-media":"","overlay-type":"","overlay-color":"","overlay-opacity":"","overlay-gradient":""},"mobile":{"background-color":"","background-image":"","background-repeat":"repeat","background-position":"center center","background-size":"auto","background-attachment":"scroll","background-type":"","background-media":"","overlay-type":"","overlay-color":"","overlay-opacity":"","overlay-gradient":""}},"ast-content-background-meta":{"desktop":{"background-color":"var(--ast-global-color-5)","background-image":"","background-repeat":"repeat","background-position":"center center","background-size":"auto","background-attachment":"scroll","background-type":"","background-media":"","overlay-type":"","overlay-color":"","overlay-opacity":"","overlay-gradient":""},"tablet":{"background-color":"var(--ast-global-color-5)","background-image":"","background-repeat":"repeat","background-position":"center center","background-size":"auto","background-attachment":"scroll","background-type":"","background-media":"","overlay-type":"","overlay-color":"","overlay-opacity":"","overlay-gradient":""},"mobile":{"background-color":"var(--ast-global-color-5)","background-image":"","background-repeat":"repeat","background-position":"center center","background-size":"auto","background-attachment":"scroll","background-type":"","background-media":"","overlay-type":"","overlay-color":"","overlay-opacity":"","overlay-gradient":""}}},"product_brand":[],"product_cat":[108],"product_tag":[],"class_list":{"0":"post-5188","1":"product","2":"type-product","3":"status-publish","4":"has-post-thumbnail","6":"product_cat-108","7":"desktop-align-left","8":"tablet-align-left","9":"mobile-align-left","11":"first","12":"instock","13":"shipping-taxable","14":"product-type-simple"},"gallery_images":[3453],"_links":{"self":[{"href":"https:\/\/xingtamachine.com\/ar\/wp-json\/wp\/v2\/product\/5188","targetHints":{"allow":["GET"]}}],"collection":[{"href":"https:\/\/xingtamachine.com\/ar\/wp-json\/wp\/v2\/product"}],"about":[{"href":"https:\/\/xingtamachine.com\/ar\/wp-json\/wp\/v2\/types\/product"}],"replies":[{"embeddable":true,"href":"https:\/\/xingtamachine.com\/ar\/wp-json\/wp\/v2\/comments?post=5188"}],"wp:featuredmedia":[{"embeddable":true,"href":"https:\/\/xingtamachine.com\/ar\/wp-json\/wp\/v2\/media\/3452"}],"wp:attachment":[{"href":"https:\/\/xingtamachine.com\/ar\/wp-json\/wp\/v2\/media?parent=5188"}],"wp:term":[{"taxonomy":"product_brand","embeddable":true,"href":"https:\/\/xingtamachine.com\/ar\/wp-json\/wp\/v2\/product_brand?post=5188"},{"taxonomy":"product_cat","embeddable":true,"href":"https:\/\/xingtamachine.com\/ar\/wp-json\/wp\/v2\/product_cat?post=5188"},{"taxonomy":"product_tag","embeddable":true,"href":"https:\/\/xingtamachine.com\/ar\/wp-json\/wp\/v2\/product_tag?post=5188"}],"curies":[{"name":"wp","href":"https:\/\/api.w.org\/{rel}","templated":true}]}}