{"id":5174,"date":"2025-08-04T07:23:45","date_gmt":"2025-08-04T07:23:45","guid":{"rendered":"https:\/\/xingtamachine.com\/product\/4-15-%d8%a2%d9%84%d8%a9-%d8%b5%d9%86%d8%b9-%d9%83%d8%aa%d9%84%d8%a9-%d9%87%d9%8a%d8%af%d8%b1%d9%88%d9%84%d9%8a%d9%83%d9%8a%d8%a9-%d8%a3%d9%88%d8%aa%d9%88%d9%85%d8%a7%d8%aa%d9%8a%d9%83%d9%8a%d8%a9\/"},"modified":"2025-08-29T02:41:14","modified_gmt":"2025-08-29T02:41:14","slug":"4-15-%d8%a2%d9%84%d8%a9-%d8%b5%d9%86%d8%b9-%d9%83%d8%aa%d9%84%d8%a9-%d9%87%d9%8a%d8%af%d8%b1%d9%88%d9%84%d9%8a%d9%83%d9%8a%d8%a9-%d8%a3%d9%88%d8%aa%d9%88%d9%85%d8%a7%d8%aa%d9%8a%d9%83%d9%8a%d8%a9","status":"publish","type":"product","link":"https:\/\/xingtamachine.com\/ar\/product\/4-15-%d8%a2%d9%84%d8%a9-%d8%b5%d9%86%d8%b9-%d9%83%d8%aa%d9%84%d8%a9-%d9%87%d9%8a%d8%af%d8%b1%d9%88%d9%84%d9%8a%d9%83%d9%8a%d8%a9-%d8%a3%d9%88%d8%aa%d9%88%d9%85%d8%a7%d8%aa%d9%8a%d9%83%d9%8a%d8%a9\/","title":{"rendered":"4-15 \u0645\u0627\u0643\u064a\u0646\u0629 \u0635\u0646\u0639 \u0627\u0644\u0628\u0644\u0648\u0643 \u0627\u0644\u0647\u064a\u062f\u0631\u0648\u0644\u064a\u0643\u064a\u0629 \u0627\u0644\u0623\u0648\u062a\u0648\u0645\u0627\u062a\u064a\u0643\u064a\u0629"},"content":{"rendered":"","protected":false},"excerpt":{"rendered":"<p>\u064a\u0639\u062a\u0645\u062f \u0625\u0646\u062a\u0627\u062c \u0627\u0644\u0628\u0644\u0648\u0643 \u0639\u0644\u0649 \u0642\u0645\u0627\u0634 \u0645\u0639\u0627\u064a\u0631\u0629 \u0627\u0644\u0637\u0627\u0648\u0644\u0629\u060c \u0648\u0627\u0644\u0630\u064a \u064a\u062a\u0645 \u0645\u0639\u0627\u064a\u0631\u062a\u0647 \u0644\u0623\u0639\u0644\u0649 \u0648\u0644\u0623\u0633\u0641\u0644 \u0644\u0644\u062a\u0634\u0643\u064a\u0644\u060c \u0648\u0633\u0631\u0639\u0629 \u062a\u0634\u0643\u064a\u0644 \u0627\u0644\u0628\u0644\u0648\u0643 \u0633\u0631\u064a\u0639\u0629\u060c \u0648\u0627\u0644\u0643\u062b\u0627\u0641\u0629 \u0643\u0628\u064a\u0631\u0629\u060c \u0648\u0627\u0644\u0642\u0648\u0629 \u0639\u0627\u0644\u064a\u0629.<\/p>\n<table width=\"880\">\n<tbody>\n<tr>\n<td width=\"377\">\u062a\u0631\u062f\u062f \u0627\u0644\u0627\u0647\u062a\u0632\u0627\u0632<\/td>\n<td width=\"503\">3800-4000 (\u0645\u0631\u0629\/\u0641\u0631\u0639\u064a\u0629)<\/td>\n<\/tr>\n<tr>\n<td width=\"377\">\u0627\u0644\u0648\u0632\u0646 \u0627\u0644\u0625\u062c\u0645\u0627\u0644\u064a<\/td>\n<td width=\"503\">3.2 \u0637\u0646<\/td>\n<\/tr>\n<tr>\n<td width=\"377\">\u0627\u0644\u0623\u0628\u0639\u0627\u062f<\/td>\n<td width=\"503\">3200*2100*2350 \u0645\u0645<\/td>\n<\/tr>\n<tr>\n<td width=\"377\">\u062f\u0648\u0631\u0629 \u0627\u0644\u0635\u0628<\/td>\n<td width=\"503\">15-25 (\u0642)<\/td>\n<\/tr>\n<tr>\n<td width=\"377\">\u062d\u062c\u0645 \u0627\u0644\u0645\u0646\u0635\u0629<\/td>\n<td width=\"503\">900*555*35 \u0645\u0645<\/td>\n<\/tr>\n<tr>\n<td width=\"377\">\u0627\u0644\u0633\u0639\u0629 \u0627\u0644\u0645\u0631\u0643\u0628\u0629<\/td>\n<td width=\"503\">17.9 \u0643\u064a\u0644\u0648 \u0648\u0627\u062a<\/td>\n<\/tr>\n<tr>\n<td width=\"377\">\u0627\u0644\u0639\u062f\u062f \u0644\u0643\u0644 \u0648\u062d\u062f\u0629 (\u0642\u0637\u0639\u0629\/\u0642\u0627\u0644\u0628)<\/td>\n<td width=\"503\">\u0637\u0648\u0628 \u0645\u062c\u0648\u0641 (390\u00d7190\u00d7190\u00d7190 \u0645\u0645) 4 \u0642\u0637\u0639\/\u0642\u0627\u0644\u0628<br \/>\n\u0637\u0648\u0628 \u0642\u064a\u0627\u0633\u064a (240\u00d752\u00d7115 \u0645\u0645) 28 \u0642\u0637\u0639\u0629\/\u0642\u0627\u0644\u0628<\/td>\n<\/tr>\n<\/tbody>\n<\/table>\n","protected":false},"featured_media":3472,"comment_status":"open","ping_status":"closed","template":"","meta":{"site-sidebar-layout":"default","site-content-layout":"","ast-site-content-layout":"default","site-content-style":"default","site-sidebar-style":"default","ast-global-header-display":"","ast-banner-title-visibility":"","ast-main-header-display":"","ast-hfb-above-header-display":"","ast-hfb-below-header-display":"","ast-hfb-mobile-header-display":"","site-post-title":"","ast-breadcrumbs-content":"","ast-featured-img":"","footer-sml-layout":"","theme-transparent-header-meta":"default","adv-header-id-meta":"","stick-header-meta":"","header-above-stick-meta":"","header-main-stick-meta":"","header-below-stick-meta":"","astra-migrate-meta-layouts":"default","ast-page-background-enabled":"default","ast-page-background-meta":{"desktop":{"background-color":"var(--ast-global-color-4)","background-image":"","background-repeat":"repeat","background-position":"center center","background-size":"auto","background-attachment":"scroll","background-type":"","background-media":"","overlay-type":"","overlay-color":"","overlay-opacity":"","overlay-gradient":""},"tablet":{"background-color":"","background-image":"","background-repeat":"repeat","background-position":"center center","background-size":"auto","background-attachment":"scroll","background-type":"","background-media":"","overlay-type":"","overlay-color":"","overlay-opacity":"","overlay-gradient":""},"mobile":{"background-color":"","background-image":"","background-repeat":"repeat","background-position":"center center","background-size":"auto","background-attachment":"scroll","background-type":"","background-media":"","overlay-type":"","overlay-color":"","overlay-opacity":"","overlay-gradient":""}},"ast-content-background-meta":{"desktop":{"background-color":"var(--ast-global-color-5)","background-image":"","background-repeat":"repeat","background-position":"center center","background-size":"auto","background-attachment":"scroll","background-type":"","background-media":"","overlay-type":"","overlay-color":"","overlay-opacity":"","overlay-gradient":""},"tablet":{"background-color":"var(--ast-global-color-5)","background-image":"","background-repeat":"repeat","background-position":"center center","background-size":"auto","background-attachment":"scroll","background-type":"","background-media":"","overlay-type":"","overlay-color":"","overlay-opacity":"","overlay-gradient":""},"mobile":{"background-color":"var(--ast-global-color-5)","background-image":"","background-repeat":"repeat","background-position":"center center","background-size":"auto","background-attachment":"scroll","background-type":"","background-media":"","overlay-type":"","overlay-color":"","overlay-opacity":"","overlay-gradient":""}}},"product_brand":[],"product_cat":[108],"product_tag":[],"class_list":{"0":"post-5174","1":"product","2":"type-product","3":"status-publish","4":"has-post-thumbnail","6":"product_cat-108","7":"desktop-align-left","8":"tablet-align-left","9":"mobile-align-left","11":"first","12":"instock","13":"featured","14":"shipping-taxable","15":"product-type-simple"},"gallery_images":[3471,3470],"_links":{"self":[{"href":"https:\/\/xingtamachine.com\/ar\/wp-json\/wp\/v2\/product\/5174","targetHints":{"allow":["GET"]}}],"collection":[{"href":"https:\/\/xingtamachine.com\/ar\/wp-json\/wp\/v2\/product"}],"about":[{"href":"https:\/\/xingtamachine.com\/ar\/wp-json\/wp\/v2\/types\/product"}],"replies":[{"embeddable":true,"href":"https:\/\/xingtamachine.com\/ar\/wp-json\/wp\/v2\/comments?post=5174"}],"wp:featuredmedia":[{"embeddable":true,"href":"https:\/\/xingtamachine.com\/ar\/wp-json\/wp\/v2\/media\/3472"}],"wp:attachment":[{"href":"https:\/\/xingtamachine.com\/ar\/wp-json\/wp\/v2\/media?parent=5174"}],"wp:term":[{"taxonomy":"product_brand","embeddable":true,"href":"https:\/\/xingtamachine.com\/ar\/wp-json\/wp\/v2\/product_brand?post=5174"},{"taxonomy":"product_cat","embeddable":true,"href":"https:\/\/xingtamachine.com\/ar\/wp-json\/wp\/v2\/product_cat?post=5174"},{"taxonomy":"product_tag","embeddable":true,"href":"https:\/\/xingtamachine.com\/ar\/wp-json\/wp\/v2\/product_tag?post=5174"}],"curies":[{"name":"wp","href":"https:\/\/api.w.org\/{rel}","templated":true}]}}