{"id":5033,"date":"2025-08-18T08:36:24","date_gmt":"2025-08-18T08:36:24","guid":{"rendered":"https:\/\/xingtamachine.com\/product\/300-%d8%a2%d9%84%d8%a9-%d8%aa%d9%85%d8%b2%d9%8a%d9%82\/"},"modified":"2025-08-28T07:52:07","modified_gmt":"2025-08-28T07:52:07","slug":"300-%d8%a2%d9%84%d8%a9-%d8%aa%d9%85%d8%b2%d9%8a%d9%82","status":"publish","type":"product","link":"https:\/\/xingtamachine.com\/ar\/product\/300-%d8%a2%d9%84%d8%a9-%d8%aa%d9%85%d8%b2%d9%8a%d9%82\/","title":{"rendered":"300 \u0622\u0644\u0629 \u0627\u0644\u062a\u0642\u0637\u064a\u0639 \u0623\u062d\u0627\u062f\u064a\u0629 \u0627\u0644\u0639\u0645\u0648\u062f"},"content":{"rendered":"","protected":false},"excerpt":{"rendered":"<p>\u062a\u0633\u062a\u062e\u062f\u0645 \u0644\u062a\u0642\u0637\u064a\u0639 \u0645\u062e\u062a\u0644\u0641 \u0627\u0644\u0645\u0648\u0627\u062f \u0627\u0644\u0635\u0644\u0628\u0629 \u0623\u0648 \u0627\u0644\u0645\u062c\u0648\u0641\u0629 \u0645\u062b\u0644 \u0627\u0644\u0628\u0644\u0627\u0633\u062a\u064a\u0643 \u0648\u0627\u0644\u0645\u0637\u0627\u0637 \u0648\u0627\u0644\u0625\u0637\u0627\u0631\u0627\u062a \u0648\u0627\u0644\u0623\u0644\u064a\u0627\u0641 \u0648\u0627\u0644\u0648\u0631\u0642 \u0648\u0627\u0644\u062e\u0634\u0628 \u0648\u0628\u0631\u0627\u0645\u064a\u0644 \u0627\u0644\u062d\u062f\u064a\u062f \u0648\u0646\u0641\u0627\u064a\u0627\u062a \u0627\u0644\u0623\u062c\u0647\u0632\u0629 \u0627\u0644\u0643\u0647\u0631\u0628\u0627\u0626\u064a\u0629 \u0648\u0627\u0644\u0643\u0627\u0628\u0644\u0627\u062a \u0648\u0646\u0641\u0627\u064a\u0627\u062a \u0627\u0644\u0645\u0646\u0627\u0632\u0644 \u0627\u0644\u0635\u0646\u0627\u0639\u064a\u0629 \u0627\u0644\u062e.<\/p>\n<table width=\"654\">\n<tbody>\n<tr>\n<td width=\"277\">\u0627\u0633\u0645 \u0627\u0644\u0645\u0646\u062a\u062c<\/td>\n<td width=\"377\">\u0622\u0644\u0629 \u0627\u0644\u062a\u0642\u0637\u064a\u0639 \u0637\u0631\u0627\u0632 300<\/td>\n<\/tr>\n<tr>\n<td width=\"277\">\u0639\u062f\u062f \u0627\u0644\u0645\u062d\u0631\u0643 \u0648\u0627\u0644\u0645\u062e\u0641\u0636<\/td>\n<td width=\"377\">1 \u0645\u062c\u0645\u0648\u0639\u0629<\/td>\n<\/tr>\n<tr>\n<td width=\"277\">\u0642\u0648\u0629 \u0627\u0644\u0645\u062d\u0631\u0643<\/td>\n<td width=\"377\">4 \u0643\u064a\u0644\u0648\u0648\u0627\u0637<\/td>\n<\/tr>\n<tr>\n<td width=\"277\">\u0635\u0646\u062f\u0648\u0642 \u0627\u0644\u062a\u062e\u0641\u064a\u0636<\/td>\n<td width=\"377\">250 \u0635\u0646\u062f\u0648\u0642 \u0627\u0644\u062a\u062e\u0641\u064a\u0636<\/td>\n<\/tr>\n<tr>\n<td width=\"277\">\u0645\u0627\u062f\u0629 \u0627\u0644\u0634\u0641\u0631\u0629<\/td>\n<td width=\"377\">\u0623\u062f\u0627\u0629 \u062e\u0627\u0635\u0629 (55 \u0647\u0634)<\/td>\n<\/tr>\n<tr>\n<td width=\"277\">\u0642\u0637\u0631 \u0627\u0644\u0634\u0641\u0631\u0629<\/td>\n<td width=\"377\">160 \u0645\u0645<\/td>\n<\/tr>\n<tr>\n<td width=\"277\">\u0633\u064f\u0645\u0643 \u0627\u0644\u0634\u0641\u0631\u0629<\/td>\n<td width=\"377\">20 \u0645\u0645 (\u0642\u0627\u0628\u0644 \u0644\u0644\u062a\u062e\u0635\u064a\u0635)<\/td>\n<\/tr>\n<tr>\n<td width=\"277\">\u0639\u062f\u062f \u0627\u0644\u0634\u0641\u0631\u0627\u062a<\/td>\n<td width=\"377\">15 \u0642\u0637\u0639\u0629<\/td>\n<\/tr>\n<tr>\n<td width=\"277\">\u0639\u0628\u0631 \u0627\u0644\u0637\u0642\u0645<\/td>\n<td width=\"377\">15 \u0642\u0637\u0639\u0629<\/td>\n<\/tr>\n<tr>\n<td width=\"277\">\u0645\u062c\u0645\u0648\u0639\u0627\u062a \u0645\u0646\u0641\u0635\u0644\u0629 \u0645\u0646 \u0627\u0644\u0645\u0648\u0627\u062f<\/td>\n<td width=\"377\">\u0623\u062f\u0627\u0629 \u062e\u0627\u0635\u0629 \u0623\u062f\u0627\u0629 \u062e\u0627\u0635\u0629<\/td>\n<\/tr>\n<tr>\n<td width=\"277\">\u0637\u0642\u0645 \u0627\u0644\u0633\u0643\u064a\u0646<\/td>\n<td width=\"377\">15 \u0642\u0637\u0639\u0629<\/td>\n<\/tr>\n<tr>\n<td width=\"277\">\u0633\u0643\u064a\u0646 \u062b\u0627\u0628\u062a \u0627\u0644\u0645\u0648\u0627\u062f<\/td>\n<td width=\"377\">\u0623\u062f\u0627\u0629 \u062e\u0627\u0635\u0629<\/td>\n<\/tr>\n<tr>\n<td width=\"277\">\u0627\u0644\u0645\u062d\u0648\u0631<\/td>\n<td width=\"377\">\u0627\u0644\u0642\u0637\u0631 70 \u0645\u0645\u060c 40 \u0643\u0631 (\u0645\u0648\u0627\u062f \u062e\u0627\u0635\u0629)<\/td>\n<\/tr>\n<tr>\n<td width=\"277\">\u0627\u0644\u0645\u062d\u0645\u0644<\/td>\n<td width=\"377\">wafangdian<\/td>\n<\/tr>\n<tr>\n<td width=\"277\">\u0623\u0646\u0628\u0648\u0628 \u0645\u0631\u0628\u0639<\/td>\n<td width=\"377\">80*80 \u0645\u0645<\/td>\n<\/tr>\n<tr>\n<td width=\"277\">\u0627\u0644\u0623\u0628\u0639\u0627\u062f<\/td>\n<td width=\"377\">1100\u00d7700\u00d71100\u00d71100 \u0645\u0645<\/td>\n<\/tr>\n<tr>\n<td width=\"277\">\u0642\u0637\u0631 \u0627\u0644\u0633\u0643\u064a\u0646 \u0627\u0644\u062f\u0648\u0627\u0631\u0629 (\u0645\u0645)<\/td>\n<td width=\"377\">160<\/td>\n<\/tr>\n<tr>\n<td width=\"277\">\u0633\u0631\u0639\u0629 \u0639\u0645\u0648\u062f \u0627\u0644\u062f\u0648\u0631\u0627\u0646<\/td>\n<td width=\"377\">15-25 \u0644\u0641\u0629\/\u0627\u0644\u062f\u0642\u064a\u0642\u0629<\/td>\n<\/tr>\n<tr>\n<td width=\"277\">\u0639\u062f\u062f \u0627\u0644\u0633\u0643\u0627\u0643\u064a\u0646 \u0627\u0644\u062f\u0648\u0627\u0631\u0629<\/td>\n<td width=\"377\">15 \u0642\u0637\u0639\u0629<\/td>\n<\/tr>\n<tr>\n<td width=\"277\">\u0627\u0644\u0641\u0648\u0644\u062a\u064a\u0629<\/td>\n<td width=\"377\">380 v<\/td>\n<\/tr>\n<\/tbody>\n<\/table>\n","protected":false},"featured_media":3879,"comment_status":"open","ping_status":"closed","template":"","meta":{"site-sidebar-layout":"default","site-content-layout":"","ast-site-content-layout":"default","site-content-style":"default","site-sidebar-style":"default","ast-global-header-display":"","ast-banner-title-visibility":"","ast-main-header-display":"","ast-hfb-above-header-display":"","ast-hfb-below-header-display":"","ast-hfb-mobile-header-display":"","site-post-title":"","ast-breadcrumbs-content":"","ast-featured-img":"","footer-sml-layout":"","theme-transparent-header-meta":"default","adv-header-id-meta":"","stick-header-meta":"","header-above-stick-meta":"","header-main-stick-meta":"","header-below-stick-meta":"","astra-migrate-meta-layouts":"default","ast-page-background-enabled":"default","ast-page-background-meta":{"desktop":{"background-color":"var(--ast-global-color-4)","background-image":"","background-repeat":"repeat","background-position":"center center","background-size":"auto","background-attachment":"scroll","background-type":"","background-media":"","overlay-type":"","overlay-color":"","overlay-opacity":"","overlay-gradient":""},"tablet":{"background-color":"","background-image":"","background-repeat":"repeat","background-position":"center center","background-size":"auto","background-attachment":"scroll","background-type":"","background-media":"","overlay-type":"","overlay-color":"","overlay-opacity":"","overlay-gradient":""},"mobile":{"background-color":"","background-image":"","background-repeat":"repeat","background-position":"center center","background-size":"auto","background-attachment":"scroll","background-type":"","background-media":"","overlay-type":"","overlay-color":"","overlay-opacity":"","overlay-gradient":""}},"ast-content-background-meta":{"desktop":{"background-color":"var(--ast-global-color-5)","background-image":"","background-repeat":"repeat","background-position":"center center","background-size":"auto","background-attachment":"scroll","background-type":"","background-media":"","overlay-type":"","overlay-color":"","overlay-opacity":"","overlay-gradient":""},"tablet":{"background-color":"var(--ast-global-color-5)","background-image":"","background-repeat":"repeat","background-position":"center center","background-size":"auto","background-attachment":"scroll","background-type":"","background-media":"","overlay-type":"","overlay-color":"","overlay-opacity":"","overlay-gradient":""},"mobile":{"background-color":"var(--ast-global-color-5)","background-image":"","background-repeat":"repeat","background-position":"center center","background-size":"auto","background-attachment":"scroll","background-type":"","background-media":"","overlay-type":"","overlay-color":"","overlay-opacity":"","overlay-gradient":""}}},"product_brand":[],"product_cat":[99],"product_tag":[],"class_list":{"0":"post-5033","1":"product","2":"type-product","3":"status-publish","4":"has-post-thumbnail","6":"product_cat-99","7":"desktop-align-left","8":"tablet-align-left","9":"mobile-align-left","11":"first","12":"instock","13":"shipping-taxable","14":"product-type-simple"},"gallery_images":[3882,3880,3881,3883],"_links":{"self":[{"href":"https:\/\/xingtamachine.com\/ar\/wp-json\/wp\/v2\/product\/5033","targetHints":{"allow":["GET"]}}],"collection":[{"href":"https:\/\/xingtamachine.com\/ar\/wp-json\/wp\/v2\/product"}],"about":[{"href":"https:\/\/xingtamachine.com\/ar\/wp-json\/wp\/v2\/types\/product"}],"replies":[{"embeddable":true,"href":"https:\/\/xingtamachine.com\/ar\/wp-json\/wp\/v2\/comments?post=5033"}],"wp:featuredmedia":[{"embeddable":true,"href":"https:\/\/xingtamachine.com\/ar\/wp-json\/wp\/v2\/media\/3879"}],"wp:attachment":[{"href":"https:\/\/xingtamachine.com\/ar\/wp-json\/wp\/v2\/media?parent=5033"}],"wp:term":[{"taxonomy":"product_brand","embeddable":true,"href":"https:\/\/xingtamachine.com\/ar\/wp-json\/wp\/v2\/product_brand?post=5033"},{"taxonomy":"product_cat","embeddable":true,"href":"https:\/\/xingtamachine.com\/ar\/wp-json\/wp\/v2\/product_cat?post=5033"},{"taxonomy":"product_tag","embeddable":true,"href":"https:\/\/xingtamachine.com\/ar\/wp-json\/wp\/v2\/product_tag?post=5033"}],"curies":[{"name":"wp","href":"https:\/\/api.w.org\/{rel}","templated":true}]}}